{"id":21,"date":"2024-02-01T18:35:38","date_gmt":"2024-02-01T18:35:38","guid":{"rendered":"https:\/\/meridional.org\/acerca-de\/"},"modified":"2026-01-25T04:12:39","modified_gmt":"2026-01-25T04:12:39","slug":"meridional","status":"publish","type":"page","link":"https:\/\/meridional.org\/e\/meridional\/","title":{"rendered":"MERIDIONAL"},"content":{"rendered":"\n<figure class=\"wp-block-image alignwide size-full coblocks-animate\" data-coblocks-animation=\"zoomIn\"><img loading=\"lazy\" decoding=\"async\" width=\"1254\" height=\"470\" src=\"https:\/\/meridional.org\/e\/wp-content\/uploads\/sites\/8\/2025\/09\/meridional.jpg\" alt=\"\" class=\"wp-image-397\" srcset=\"https:\/\/meridional.org\/e\/wp-content\/uploads\/sites\/8\/2025\/09\/meridional.jpg 1254w, https:\/\/meridional.org\/e\/wp-content\/uploads\/sites\/8\/2025\/09\/meridional-300x112.jpg 300w, https:\/\/meridional.org\/e\/wp-content\/uploads\/sites\/8\/2025\/09\/meridional-1024x384.jpg 1024w, https:\/\/meridional.org\/e\/wp-content\/uploads\/sites\/8\/2025\/09\/meridional-768x288.jpg 768w\" sizes=\"auto, (max-width: 1254px) 100vw, 1254px\" \/><\/figure>\n\n\n\n<p class=\"has-text-align-center\" style=\"font-size:14px\"><\/p>\n\n\n\n<div class=\"wp-block-columns alignwide are-vertically-aligned-top is-style-default is-layout-flex wp-container-core-columns-is-layout-d39e70f1 wp-block-columns-is-layout-flex\" style=\"border-style:none;border-width:0px;margin-top:0;margin-bottom:0;padding-top:0;padding-bottom:0\">\n<div class=\"wp-block-column is-vertically-aligned-top is-layout-flow wp-block-column-is-layout-flow\" style=\"flex-basis:100%\">\n<div class=\"wp-block-columns is-layout-flex wp-container-core-columns-is-layout-28f84493 wp-block-columns-is-layout-flex\">\n<div class=\"wp-block-column is-layout-flow wp-block-column-is-layout-flow\" style=\"flex-basis:33.33%\">\n<p class=\"has-text-align-center is-style-default has-contrast-3-color has-text-color has-link-color has-oswald-font-family has-custom-font wp-elements-05e218c1de40dd8dae749b7676e7de5a\" style=\"font-family:Oswald;font-size:51px\"><strong>MERIDIONAL<\/strong><\/p>\n<\/div>\n\n\n\n<div class=\"wp-block-column is-layout-flow wp-block-column-is-layout-flow\" style=\"flex-basis:66.66%\">\n<p>es una organizaci\u00f3n suiza sin fines de lucro dedicada a la promoci\u00f3n de la cooperaci\u00f3n y solidaridad internacionales. Al colaborar con gobiernos y la sociedad civil \u2013 especialmente con los del Sur Global (la Mayor\u00eda Global) \u2013, trabajamos para fortalecer su impacto dentro de la Ginebra Internacional.<\/p>\n<\/div>\n<\/div>\n\n\n\n<p>Nuestra misi\u00f3n se basa en los valores de la Constituci\u00f3n de la Rep\u00fablica y el Cant\u00f3n de Ginebra, la Carta de las Naciones Unidas y la Declaraci\u00f3n Universal de los Derechos Humanos. Estos principios gu\u00edan nuestros esfuerzos para fomentar un sistema multilateral m\u00e1s inclusivo y equitativo.<\/p>\n\n\n\n<p>MERIDIONAL cultiva relaciones sin\u00e9rgicas entre diversos actores, incluidas las misiones diplom\u00e1ticas de los Estados miembros de la Naciones Unidas, las organizaciones intergubernamentales, las entidades de la sociedad civil, las instituciones acad\u00e9micas, el sector privado, y las organizaciones filantr\u00f3picas.<\/p>\n\n\n\n<p>Nuestras colaboraciones abarcan \u00e1reas tem\u00e1ticas clave del multilateralismo, como la salud p\u00fablica, el desarme humanitario, el medio ambiente, los derechos humanos, la gobernanza digital, y el derecho internacional humanitario. Al cerrar brechas y amplificar la experiencia colectiva, fortalecemos el compromiso efectivo en los procesos de toma de decisiones globales.<\/p>\n\n\n\n<p><\/p>\n<\/div>\n\n\n\n<div class=\"wp-block-column is-layout-flow wp-block-column-is-layout-flow\"><\/div>\n\n\n\n<div class=\"wp-block-column is-layout-flow wp-block-column-is-layout-flow\"><\/div>\n<\/div>\n\n\n\n<div class=\"wp-block-columns alignwide are-vertically-aligned-top is-style-default is-layout-flex wp-container-core-columns-is-layout-d39e70f1 wp-block-columns-is-layout-flex\" style=\"border-style:none;border-width:0px;margin-top:0;margin-bottom:0;padding-top:0;padding-bottom:0\">\n<div class=\"wp-block-column is-vertically-aligned-top is-layout-flow wp-block-column-is-layout-flow\" style=\"flex-basis:100%\">\n<div class=\"wp-block-columns is-layout-flex wp-container-core-columns-is-layout-28f84493 wp-block-columns-is-layout-flex\">\n<div class=\"wp-block-column is-layout-flow wp-block-column-is-layout-flow\" style=\"flex-basis:33.33%\">\n<p class=\"has-text-align-center is-style-default has-contrast-3-color has-text-color has-link-color has-oswald-font-family has-custom-font wp-elements-09916b8b5b5ddaeb21e8755f425698f7\" style=\"font-family:Oswald;font-size:51px\"><strong>MISI\u00d3N Y VISI\u00d3N<\/strong><\/p>\n<\/div>\n\n\n\n<div class=\"wp-block-column is-layout-flow wp-block-column-is-layout-flow\" style=\"flex-basis:66.66%\">\n<p>MERIDIONAL busca fortalecer el esp\u00edritu humanista y solidario de la Ginebra Internacional, aspirando un mundo donde la colaboraci\u00f3n internacional prospere, fomentando la unidad, la igualdad y el progreso compartido.<\/p>\n\n\n\n<p>En esta visi\u00f3n, Ginebra Internacional y otros centros diplom\u00e1ticos se convierten en espacios inclusivos para la sociedad civil, donde los ciudadanos de todas las regiones, especialmente aquellos del Sur Global, participan activamente en una diplomacia multilateral justa y cooperativa.<\/p>\n<\/div>\n<\/div>\n\n\n\n<p><\/p>\n<\/div>\n<\/div>\n","protected":false},"excerpt":{"rendered":"<p>MERIDIONAL es una organizaci\u00f3n suiza sin fines de lucro dedicada a la promoci\u00f3n de la cooperaci\u00f3n y solidaridad internacionales. Al colaborar con gobiernos y la sociedad civil \u2013 especialmente con los del Sur Global (la Mayor\u00eda Global) \u2013, trabajamos para fortalecer su impacto dentro de la Ginebra Internacional. Nuestra misi\u00f3n se basa en los valores [&hellip;]<\/p>\n","protected":false},"author":1,"featured_media":0,"parent":0,"menu_order":0,"comment_status":"closed","ping_status":"closed","template":"page-no-title","meta":{"_editorskit_title_hidden":true,"_editorskit_reading_time":0,"_editorskit_is_block_options_detached":false,"_editorskit_block_options_position":"{}","_coblocks_attr":"Montserrat,Oswald","_coblocks_dimensions":"","_coblocks_responsive_height":"","_coblocks_accordion_ie_support":"","footnotes":""},"class_list":["post-21","page","type-page","status-publish","hentry"],"yoast_head":"<!-- This site is optimized with the Yoast SEO plugin v27.5 - https:\/\/yoast.com\/product\/yoast-seo-wordpress\/ -->\n<title>MERIDIONAL - MERIDIONAL<\/title>\n<meta name=\"robots\" content=\"index, follow, max-snippet:-1, max-image-preview:large, max-video-preview:-1\" \/>\n<link rel=\"canonical\" href=\"https:\/\/meridional.org\/e\/meridional\/\" \/>\n<meta property=\"og:locale\" content=\"es_MX\" \/>\n<meta property=\"og:type\" content=\"article\" \/>\n<meta property=\"og:title\" content=\"MERIDIONAL - MERIDIONAL\" \/>\n<meta property=\"og:description\" content=\"MERIDIONAL es una organizaci\u00f3n suiza sin fines de lucro dedicada a la promoci\u00f3n de la cooperaci\u00f3n y solidaridad internacionales. Al colaborar con gobiernos y la sociedad civil \u2013 especialmente con los del Sur Global (la Mayor\u00eda Global) \u2013, trabajamos para fortalecer su impacto dentro de la Ginebra Internacional. Nuestra misi\u00f3n se basa en los valores [&hellip;]\" \/>\n<meta property=\"og:url\" content=\"https:\/\/meridional.org\/e\/meridional\/\" \/>\n<meta property=\"og:site_name\" content=\"MERIDIONAL\" \/>\n<meta property=\"article:modified_time\" content=\"2026-01-25T04:12:39+00:00\" \/>\n<meta property=\"og:image\" content=\"https:\/\/meridional.org\/e\/wp-content\/uploads\/sites\/8\/2025\/09\/meridional.jpg\" \/>\n\t<meta property=\"og:image:width\" content=\"1254\" \/>\n\t<meta property=\"og:image:height\" content=\"470\" \/>\n\t<meta property=\"og:image:type\" content=\"image\/jpeg\" \/>\n<meta name=\"twitter:card\" content=\"summary_large_image\" \/>\n<meta name=\"twitter:label1\" content=\"Tiempo de lectura\" \/>\n\t<meta name=\"twitter:data1\" content=\"2 minutos\" \/>\n<script type=\"application\/ld+json\" class=\"yoast-schema-graph\">{\"@context\":\"https:\\\/\\\/schema.org\",\"@graph\":[{\"@type\":\"WebPage\",\"@id\":\"https:\\\/\\\/meridional.org\\\/e\\\/meridional\\\/\",\"url\":\"https:\\\/\\\/meridional.org\\\/e\\\/meridional\\\/\",\"name\":\"MERIDIONAL - MERIDIONAL\",\"isPartOf\":{\"@id\":\"https:\\\/\\\/meridional.org\\\/e\\\/#website\"},\"primaryImageOfPage\":{\"@id\":\"https:\\\/\\\/meridional.org\\\/e\\\/meridional\\\/#primaryimage\"},\"image\":{\"@id\":\"https:\\\/\\\/meridional.org\\\/e\\\/meridional\\\/#primaryimage\"},\"thumbnailUrl\":\"https:\\\/\\\/meridional.org\\\/e\\\/wp-content\\\/uploads\\\/sites\\\/8\\\/2025\\\/09\\\/meridional.jpg\",\"datePublished\":\"2024-02-01T18:35:38+00:00\",\"dateModified\":\"2026-01-25T04:12:39+00:00\",\"breadcrumb\":{\"@id\":\"https:\\\/\\\/meridional.org\\\/e\\\/meridional\\\/#breadcrumb\"},\"inLanguage\":\"es\",\"potentialAction\":[{\"@type\":\"ReadAction\",\"target\":[\"https:\\\/\\\/meridional.org\\\/e\\\/meridional\\\/\"]}]},{\"@type\":\"ImageObject\",\"inLanguage\":\"es\",\"@id\":\"https:\\\/\\\/meridional.org\\\/e\\\/meridional\\\/#primaryimage\",\"url\":\"https:\\\/\\\/meridional.org\\\/e\\\/wp-content\\\/uploads\\\/sites\\\/8\\\/2025\\\/09\\\/meridional.jpg\",\"contentUrl\":\"https:\\\/\\\/meridional.org\\\/e\\\/wp-content\\\/uploads\\\/sites\\\/8\\\/2025\\\/09\\\/meridional.jpg\",\"width\":1254,\"height\":470},{\"@type\":\"BreadcrumbList\",\"@id\":\"https:\\\/\\\/meridional.org\\\/e\\\/meridional\\\/#breadcrumb\",\"itemListElement\":[{\"@type\":\"ListItem\",\"position\":1,\"name\":\"Home\",\"item\":\"https:\\\/\\\/meridional.org\\\/e\\\/\"},{\"@type\":\"ListItem\",\"position\":2,\"name\":\"MERIDIONAL\"}]},{\"@type\":\"WebSite\",\"@id\":\"https:\\\/\\\/meridional.org\\\/e\\\/#website\",\"url\":\"https:\\\/\\\/meridional.org\\\/e\\\/\",\"name\":\"MERIDIONAL\",\"description\":\"\",\"publisher\":{\"@id\":\"https:\\\/\\\/meridional.org\\\/e\\\/#organization\"},\"potentialAction\":[{\"@type\":\"SearchAction\",\"target\":{\"@type\":\"EntryPoint\",\"urlTemplate\":\"https:\\\/\\\/meridional.org\\\/e\\\/?s={search_term_string}\"},\"query-input\":{\"@type\":\"PropertyValueSpecification\",\"valueRequired\":true,\"valueName\":\"search_term_string\"}}],\"inLanguage\":\"es\"},{\"@type\":\"Organization\",\"@id\":\"https:\\\/\\\/meridional.org\\\/e\\\/#organization\",\"name\":\"MERIDIONAL\",\"url\":\"https:\\\/\\\/meridional.org\\\/e\\\/\",\"logo\":{\"@type\":\"ImageObject\",\"inLanguage\":\"es\",\"@id\":\"https:\\\/\\\/meridional.org\\\/e\\\/#\\\/schema\\\/logo\\\/image\\\/\",\"url\":\"https:\\\/\\\/meridional.org\\\/e\\\/wp-content\\\/uploads\\\/sites\\\/8\\\/2024\\\/03\\\/MERIDIONAL-LOGO-HOME-01.png\",\"contentUrl\":\"https:\\\/\\\/meridional.org\\\/e\\\/wp-content\\\/uploads\\\/sites\\\/8\\\/2024\\\/03\\\/MERIDIONAL-LOGO-HOME-01.png\",\"width\":286,\"height\":279,\"caption\":\"MERIDIONAL\"},\"image\":{\"@id\":\"https:\\\/\\\/meridional.org\\\/e\\\/#\\\/schema\\\/logo\\\/image\\\/\"}}]}<\/script>\n<!-- \/ Yoast SEO plugin. -->","yoast_head_json":{"title":"MERIDIONAL - MERIDIONAL","robots":{"index":"index","follow":"follow","max-snippet":"max-snippet:-1","max-image-preview":"max-image-preview:large","max-video-preview":"max-video-preview:-1"},"canonical":"https:\/\/meridional.org\/e\/meridional\/","og_locale":"es_MX","og_type":"article","og_title":"MERIDIONAL - MERIDIONAL","og_description":"MERIDIONAL es una organizaci\u00f3n suiza sin fines de lucro dedicada a la promoci\u00f3n de la cooperaci\u00f3n y solidaridad internacionales. Al colaborar con gobiernos y la sociedad civil \u2013 especialmente con los del Sur Global (la Mayor\u00eda Global) \u2013, trabajamos para fortalecer su impacto dentro de la Ginebra Internacional. Nuestra misi\u00f3n se basa en los valores [&hellip;]","og_url":"https:\/\/meridional.org\/e\/meridional\/","og_site_name":"MERIDIONAL","article_modified_time":"2026-01-25T04:12:39+00:00","og_image":[{"width":1254,"height":470,"url":"https:\/\/meridional.org\/e\/wp-content\/uploads\/sites\/8\/2025\/09\/meridional.jpg","type":"image\/jpeg"}],"twitter_card":"summary_large_image","twitter_misc":{"Tiempo de lectura":"2 minutos"},"schema":{"@context":"https:\/\/schema.org","@graph":[{"@type":"WebPage","@id":"https:\/\/meridional.org\/e\/meridional\/","url":"https:\/\/meridional.org\/e\/meridional\/","name":"MERIDIONAL - MERIDIONAL","isPartOf":{"@id":"https:\/\/meridional.org\/e\/#website"},"primaryImageOfPage":{"@id":"https:\/\/meridional.org\/e\/meridional\/#primaryimage"},"image":{"@id":"https:\/\/meridional.org\/e\/meridional\/#primaryimage"},"thumbnailUrl":"https:\/\/meridional.org\/e\/wp-content\/uploads\/sites\/8\/2025\/09\/meridional.jpg","datePublished":"2024-02-01T18:35:38+00:00","dateModified":"2026-01-25T04:12:39+00:00","breadcrumb":{"@id":"https:\/\/meridional.org\/e\/meridional\/#breadcrumb"},"inLanguage":"es","potentialAction":[{"@type":"ReadAction","target":["https:\/\/meridional.org\/e\/meridional\/"]}]},{"@type":"ImageObject","inLanguage":"es","@id":"https:\/\/meridional.org\/e\/meridional\/#primaryimage","url":"https:\/\/meridional.org\/e\/wp-content\/uploads\/sites\/8\/2025\/09\/meridional.jpg","contentUrl":"https:\/\/meridional.org\/e\/wp-content\/uploads\/sites\/8\/2025\/09\/meridional.jpg","width":1254,"height":470},{"@type":"BreadcrumbList","@id":"https:\/\/meridional.org\/e\/meridional\/#breadcrumb","itemListElement":[{"@type":"ListItem","position":1,"name":"Home","item":"https:\/\/meridional.org\/e\/"},{"@type":"ListItem","position":2,"name":"MERIDIONAL"}]},{"@type":"WebSite","@id":"https:\/\/meridional.org\/e\/#website","url":"https:\/\/meridional.org\/e\/","name":"MERIDIONAL","description":"","publisher":{"@id":"https:\/\/meridional.org\/e\/#organization"},"potentialAction":[{"@type":"SearchAction","target":{"@type":"EntryPoint","urlTemplate":"https:\/\/meridional.org\/e\/?s={search_term_string}"},"query-input":{"@type":"PropertyValueSpecification","valueRequired":true,"valueName":"search_term_string"}}],"inLanguage":"es"},{"@type":"Organization","@id":"https:\/\/meridional.org\/e\/#organization","name":"MERIDIONAL","url":"https:\/\/meridional.org\/e\/","logo":{"@type":"ImageObject","inLanguage":"es","@id":"https:\/\/meridional.org\/e\/#\/schema\/logo\/image\/","url":"https:\/\/meridional.org\/e\/wp-content\/uploads\/sites\/8\/2024\/03\/MERIDIONAL-LOGO-HOME-01.png","contentUrl":"https:\/\/meridional.org\/e\/wp-content\/uploads\/sites\/8\/2024\/03\/MERIDIONAL-LOGO-HOME-01.png","width":286,"height":279,"caption":"MERIDIONAL"},"image":{"@id":"https:\/\/meridional.org\/e\/#\/schema\/logo\/image\/"}}]}},"_links":{"self":[{"href":"https:\/\/meridional.org\/e\/wp-json\/wp\/v2\/pages\/21","targetHints":{"allow":["GET"]}}],"collection":[{"href":"https:\/\/meridional.org\/e\/wp-json\/wp\/v2\/pages"}],"about":[{"href":"https:\/\/meridional.org\/e\/wp-json\/wp\/v2\/types\/page"}],"author":[{"embeddable":true,"href":"https:\/\/meridional.org\/e\/wp-json\/wp\/v2\/users\/1"}],"replies":[{"embeddable":true,"href":"https:\/\/meridional.org\/e\/wp-json\/wp\/v2\/comments?post=21"}],"version-history":[{"count":38,"href":"https:\/\/meridional.org\/e\/wp-json\/wp\/v2\/pages\/21\/revisions"}],"predecessor-version":[{"id":399,"href":"https:\/\/meridional.org\/e\/wp-json\/wp\/v2\/pages\/21\/revisions\/399"}],"wp:attachment":[{"href":"https:\/\/meridional.org\/e\/wp-json\/wp\/v2\/media?parent=21"}],"curies":[{"name":"wp","href":"https:\/\/api.w.org\/{rel}","templated":true}]}}