{"id":23,"date":"2024-02-01T18:35:38","date_gmt":"2024-02-01T18:35:38","guid":{"rendered":"https:\/\/meridional.org\/contacto\/"},"modified":"2026-01-25T04:17:54","modified_gmt":"2026-01-25T04:17:54","slug":"contact-us","status":"publish","type":"page","link":"https:\/\/meridional.org\/e\/contact-us\/","title":{"rendered":"CONT\u00c1CTANOS"},"content":{"rendered":"\n<figure class=\"wp-block-image alignwide size-full coblocks-animate\" data-coblocks-animation=\"zoomIn\"><img loading=\"lazy\" decoding=\"async\" width=\"1024\" height=\"384\" src=\"https:\/\/meridional.org\/e\/wp-content\/uploads\/sites\/8\/2025\/09\/contact-us.jpg\" alt=\"\" class=\"wp-image-379\" srcset=\"https:\/\/meridional.org\/e\/wp-content\/uploads\/sites\/8\/2025\/09\/contact-us.jpg 1024w, https:\/\/meridional.org\/e\/wp-content\/uploads\/sites\/8\/2025\/09\/contact-us-300x113.jpg 300w, https:\/\/meridional.org\/e\/wp-content\/uploads\/sites\/8\/2025\/09\/contact-us-768x288.jpg 768w\" sizes=\"auto, (max-width: 1024px) 100vw, 1024px\" \/><\/figure>\n\n\n\n<div class=\"wp-block-columns alignwide is-layout-flex wp-container-core-columns-is-layout-28f84493 wp-block-columns-is-layout-flex\">\n<div class=\"wp-block-column is-layout-flow wp-block-column-is-layout-flow\" style=\"flex-basis:100%\">\n<div class=\"wp-block-columns is-layout-flex wp-container-core-columns-is-layout-28f84493 wp-block-columns-is-layout-flex\">\n<div class=\"wp-block-column is-layout-flow wp-block-column-is-layout-flow\">\n<p class=\"has-text-align-center has-contrast-3-color has-text-color has-link-color has-oswald-font-family has-custom-font wp-elements-9bc475f38ec4c7ca0afc82f4a7f44174\" style=\"font-family:Oswald;font-size:50px\"><strong>CONTACTENOS<\/strong><\/p>\n<\/div>\n\n\n\n<div class=\"wp-block-column is-layout-flow wp-block-column-is-layout-flow\"><\/div>\n<\/div>\n\n\n\n<p class=\"has-text-align-center has-custom-weight\" style=\"font-weight:bold;font-size:17px\"><\/p>\n<\/div>\n<\/div>\n\n\n\n<p class=\"has-text-align-left\">\u00a1Estaremos a su disposici\u00f3n para recibir sus consultas!<\/p>\n\n\n\n<p class=\"has-text-align-left\">Ya sea que tenga preguntas sobre nuestro trabajo, est\u00e9 interesado en colaborar con nosotros o desee explorar formas de apoyar nuestra misi\u00f3n, \u00a1nos encantar\u00eda saber de usted!<\/p>\n\n\n\n<div class=\"wp-block-columns are-vertically-aligned-center is-layout-flex wp-container-core-columns-is-layout-28f84493 wp-block-columns-is-layout-flex\">\n<div class=\"wp-block-column is-vertically-aligned-center is-layout-flow wp-block-column-is-layout-flow\">\n\n<div class=\"wpcf7 no-js\" id=\"wpcf7-f201-o1\" lang=\"en-US\" dir=\"ltr\" data-wpcf7-id=\"201\">\n<div class=\"screen-reader-response\"><p role=\"status\" aria-live=\"polite\" aria-atomic=\"true\"><\/p> <ul><\/ul><\/div>\n<form action=\"\/e\/wp-json\/wp\/v2\/pages\/23#wpcf7-f201-o1\" method=\"post\" class=\"wpcf7-form init\" aria-label=\"Contact form\" novalidate=\"novalidate\" data-status=\"init\">\n<fieldset class=\"hidden-fields-container\"><input type=\"hidden\" name=\"_wpcf7\" value=\"201\" \/><input type=\"hidden\" name=\"_wpcf7_version\" value=\"6.1.5\" \/><input type=\"hidden\" name=\"_wpcf7_locale\" value=\"en_US\" \/><input type=\"hidden\" name=\"_wpcf7_unit_tag\" value=\"wpcf7-f201-o1\" \/><input type=\"hidden\" name=\"_wpcf7_container_post\" value=\"0\" \/><input type=\"hidden\" name=\"_wpcf7_posted_data_hash\" value=\"\" \/>\n<\/fieldset>\n<p><label> Nombre:<br \/>\n<span class=\"wpcf7-form-control-wrap\" data-name=\"your-name\"><input size=\"40\" maxlength=\"400\" class=\"wpcf7-form-control wpcf7-text wpcf7-validates-as-required\" autocomplete=\"name\" aria-required=\"true\" aria-invalid=\"false\" value=\"\" type=\"text\" name=\"your-name\" \/><\/span> <\/label>\n<\/p>\n<p><label> Correo electr\u00f3nico:<br \/>\n<span class=\"wpcf7-form-control-wrap\" data-name=\"your-email\"><input size=\"40\" maxlength=\"400\" class=\"wpcf7-form-control wpcf7-email wpcf7-validates-as-required wpcf7-text wpcf7-validates-as-email\" autocomplete=\"email\" aria-required=\"true\" aria-invalid=\"false\" value=\"\" type=\"email\" name=\"your-email\" \/><\/span> <\/label>\n<\/p>\n<p><label> Asunto:<br \/>\n<span class=\"wpcf7-form-control-wrap\" data-name=\"your-subject\"><input size=\"40\" maxlength=\"400\" class=\"wpcf7-form-control wpcf7-text wpcf7-validates-as-required\" aria-required=\"true\" aria-invalid=\"false\" value=\"\" type=\"text\" name=\"your-subject\" \/><\/span> <\/label>\n<\/p>\n<p><label> Su mensaje:<br \/>\n<span class=\"wpcf7-form-control-wrap\" data-name=\"your-message\"><textarea cols=\"40\" rows=\"10\" maxlength=\"2000\" class=\"wpcf7-form-control wpcf7-textarea wpcf7-validates-as-required\" aria-required=\"true\" aria-invalid=\"false\" name=\"your-message\"><\/textarea><\/span> <\/label>\n<\/p>\n<p><div id=\"cf7sr-69fa174eb4d77\" class=\"cf7sr-g-recaptcha\" data-theme=\"light\" data-type=\"image\" data-size=\"normal\" data-sitekey=\"6LckhSYrAAAAAAlNFgZ4VaYmzMODvfazSHydOxl_\"><\/div><span class=\"wpcf7-form-control-wrap cf7sr-recaptcha\" data-name=\"cf7sr-recaptcha\"><input type=\"hidden\" name=\"cf7sr-recaptcha\" value=\"\" class=\"wpcf7-form-control\"><\/span>\n<\/p>\n<p><input class=\"wpcf7-form-control wpcf7-submit has-spinner\" type=\"submit\" value=\"Enviar\" \/>\n<\/p><div class=\"wpcf7-response-output\" aria-hidden=\"true\"><\/div>\n<\/form>\n<\/div>\n\n<\/div>\n<\/div>\n\n\n\n<p><\/p>\n\n\n\n<div class=\"wp-block-columns alignwide is-layout-flex wp-container-core-columns-is-layout-28f84493 wp-block-columns-is-layout-flex\"><\/div>\n\n\n\n<p><\/p>\n","protected":false},"excerpt":{"rendered":"<p>CONTACTENOS \u00a1Estaremos a su disposici\u00f3n para recibir sus consultas! Ya sea que tenga preguntas sobre nuestro trabajo, est\u00e9 interesado en colaborar con nosotros o desee explorar formas de apoyar nuestra misi\u00f3n, \u00a1nos encantar\u00eda saber de usted!<\/p>\n","protected":false},"author":2,"featured_media":0,"parent":0,"menu_order":0,"comment_status":"closed","ping_status":"closed","template":"page-no-title","meta":{"_editorskit_title_hidden":true,"_editorskit_reading_time":0,"_editorskit_is_block_options_detached":false,"_editorskit_block_options_position":"{}","_coblocks_attr":"Montserrat,Oswald","_coblocks_dimensions":"","_coblocks_responsive_height":"","_coblocks_accordion_ie_support":"","footnotes":""},"class_list":["post-23","page","type-page","status-publish","hentry"],"yoast_head":"<!-- This site is optimized with the Yoast SEO plugin v27.5 - https:\/\/yoast.com\/product\/yoast-seo-wordpress\/ -->\n<title>CONT\u00c1CTANOS - MERIDIONAL<\/title>\n<meta name=\"robots\" content=\"index, follow, max-snippet:-1, max-image-preview:large, max-video-preview:-1\" \/>\n<link rel=\"canonical\" href=\"https:\/\/meridional.org\/e\/contact-us\/\" \/>\n<meta property=\"og:locale\" content=\"es_MX\" \/>\n<meta property=\"og:type\" content=\"article\" \/>\n<meta property=\"og:title\" content=\"CONT\u00c1CTANOS - MERIDIONAL\" \/>\n<meta property=\"og:description\" content=\"CONTACTENOS \u00a1Estaremos a su disposici\u00f3n para recibir sus consultas! Ya sea que tenga preguntas sobre nuestro trabajo, est\u00e9 interesado en colaborar con nosotros o desee explorar formas de apoyar nuestra misi\u00f3n, \u00a1nos encantar\u00eda saber de usted!\" \/>\n<meta property=\"og:url\" content=\"https:\/\/meridional.org\/e\/contact-us\/\" \/>\n<meta property=\"og:site_name\" content=\"MERIDIONAL\" \/>\n<meta property=\"article:modified_time\" content=\"2026-01-25T04:17:54+00:00\" \/>\n<meta property=\"og:image\" content=\"https:\/\/meridional.org\/e\/wp-content\/uploads\/sites\/8\/2025\/09\/contact-us.jpg\" \/>\n\t<meta property=\"og:image:width\" content=\"1024\" \/>\n\t<meta property=\"og:image:height\" content=\"384\" \/>\n\t<meta property=\"og:image:type\" content=\"image\/jpeg\" \/>\n<meta name=\"twitter:card\" content=\"summary_large_image\" \/>\n<meta name=\"twitter:label1\" content=\"Tiempo de lectura\" \/>\n\t<meta name=\"twitter:data1\" content=\"1 minuto\" \/>\n<script type=\"application\/ld+json\" class=\"yoast-schema-graph\">{\"@context\":\"https:\\\/\\\/schema.org\",\"@graph\":[{\"@type\":\"WebPage\",\"@id\":\"https:\\\/\\\/meridional.org\\\/e\\\/contact-us\\\/\",\"url\":\"https:\\\/\\\/meridional.org\\\/e\\\/contact-us\\\/\",\"name\":\"CONT\u00c1CTANOS - MERIDIONAL\",\"isPartOf\":{\"@id\":\"https:\\\/\\\/meridional.org\\\/e\\\/#website\"},\"primaryImageOfPage\":{\"@id\":\"https:\\\/\\\/meridional.org\\\/e\\\/contact-us\\\/#primaryimage\"},\"image\":{\"@id\":\"https:\\\/\\\/meridional.org\\\/e\\\/contact-us\\\/#primaryimage\"},\"thumbnailUrl\":\"https:\\\/\\\/meridional.org\\\/e\\\/wp-content\\\/uploads\\\/sites\\\/8\\\/2025\\\/09\\\/contact-us.jpg\",\"datePublished\":\"2024-02-01T18:35:38+00:00\",\"dateModified\":\"2026-01-25T04:17:54+00:00\",\"breadcrumb\":{\"@id\":\"https:\\\/\\\/meridional.org\\\/e\\\/contact-us\\\/#breadcrumb\"},\"inLanguage\":\"es\",\"potentialAction\":[{\"@type\":\"ReadAction\",\"target\":[\"https:\\\/\\\/meridional.org\\\/e\\\/contact-us\\\/\"]}]},{\"@type\":\"ImageObject\",\"inLanguage\":\"es\",\"@id\":\"https:\\\/\\\/meridional.org\\\/e\\\/contact-us\\\/#primaryimage\",\"url\":\"https:\\\/\\\/meridional.org\\\/e\\\/wp-content\\\/uploads\\\/sites\\\/8\\\/2025\\\/09\\\/contact-us.jpg\",\"contentUrl\":\"https:\\\/\\\/meridional.org\\\/e\\\/wp-content\\\/uploads\\\/sites\\\/8\\\/2025\\\/09\\\/contact-us.jpg\",\"width\":1024,\"height\":384},{\"@type\":\"BreadcrumbList\",\"@id\":\"https:\\\/\\\/meridional.org\\\/e\\\/contact-us\\\/#breadcrumb\",\"itemListElement\":[{\"@type\":\"ListItem\",\"position\":1,\"name\":\"Home\",\"item\":\"https:\\\/\\\/meridional.org\\\/e\\\/\"},{\"@type\":\"ListItem\",\"position\":2,\"name\":\"CONT\u00c1CTANOS\"}]},{\"@type\":\"WebSite\",\"@id\":\"https:\\\/\\\/meridional.org\\\/e\\\/#website\",\"url\":\"https:\\\/\\\/meridional.org\\\/e\\\/\",\"name\":\"MERIDIONAL\",\"description\":\"\",\"publisher\":{\"@id\":\"https:\\\/\\\/meridional.org\\\/e\\\/#organization\"},\"potentialAction\":[{\"@type\":\"SearchAction\",\"target\":{\"@type\":\"EntryPoint\",\"urlTemplate\":\"https:\\\/\\\/meridional.org\\\/e\\\/?s={search_term_string}\"},\"query-input\":{\"@type\":\"PropertyValueSpecification\",\"valueRequired\":true,\"valueName\":\"search_term_string\"}}],\"inLanguage\":\"es\"},{\"@type\":\"Organization\",\"@id\":\"https:\\\/\\\/meridional.org\\\/e\\\/#organization\",\"name\":\"MERIDIONAL\",\"url\":\"https:\\\/\\\/meridional.org\\\/e\\\/\",\"logo\":{\"@type\":\"ImageObject\",\"inLanguage\":\"es\",\"@id\":\"https:\\\/\\\/meridional.org\\\/e\\\/#\\\/schema\\\/logo\\\/image\\\/\",\"url\":\"https:\\\/\\\/meridional.org\\\/e\\\/wp-content\\\/uploads\\\/sites\\\/8\\\/2024\\\/03\\\/MERIDIONAL-LOGO-HOME-01.png\",\"contentUrl\":\"https:\\\/\\\/meridional.org\\\/e\\\/wp-content\\\/uploads\\\/sites\\\/8\\\/2024\\\/03\\\/MERIDIONAL-LOGO-HOME-01.png\",\"width\":286,\"height\":279,\"caption\":\"MERIDIONAL\"},\"image\":{\"@id\":\"https:\\\/\\\/meridional.org\\\/e\\\/#\\\/schema\\\/logo\\\/image\\\/\"}}]}<\/script>\n<!-- \/ Yoast SEO plugin. -->","yoast_head_json":{"title":"CONT\u00c1CTANOS - MERIDIONAL","robots":{"index":"index","follow":"follow","max-snippet":"max-snippet:-1","max-image-preview":"max-image-preview:large","max-video-preview":"max-video-preview:-1"},"canonical":"https:\/\/meridional.org\/e\/contact-us\/","og_locale":"es_MX","og_type":"article","og_title":"CONT\u00c1CTANOS - MERIDIONAL","og_description":"CONTACTENOS \u00a1Estaremos a su disposici\u00f3n para recibir sus consultas! Ya sea que tenga preguntas sobre nuestro trabajo, est\u00e9 interesado en colaborar con nosotros o desee explorar formas de apoyar nuestra misi\u00f3n, \u00a1nos encantar\u00eda saber de usted!","og_url":"https:\/\/meridional.org\/e\/contact-us\/","og_site_name":"MERIDIONAL","article_modified_time":"2026-01-25T04:17:54+00:00","og_image":[{"width":1024,"height":384,"url":"https:\/\/meridional.org\/e\/wp-content\/uploads\/sites\/8\/2025\/09\/contact-us.jpg","type":"image\/jpeg"}],"twitter_card":"summary_large_image","twitter_misc":{"Tiempo de lectura":"1 minuto"},"schema":{"@context":"https:\/\/schema.org","@graph":[{"@type":"WebPage","@id":"https:\/\/meridional.org\/e\/contact-us\/","url":"https:\/\/meridional.org\/e\/contact-us\/","name":"CONT\u00c1CTANOS - MERIDIONAL","isPartOf":{"@id":"https:\/\/meridional.org\/e\/#website"},"primaryImageOfPage":{"@id":"https:\/\/meridional.org\/e\/contact-us\/#primaryimage"},"image":{"@id":"https:\/\/meridional.org\/e\/contact-us\/#primaryimage"},"thumbnailUrl":"https:\/\/meridional.org\/e\/wp-content\/uploads\/sites\/8\/2025\/09\/contact-us.jpg","datePublished":"2024-02-01T18:35:38+00:00","dateModified":"2026-01-25T04:17:54+00:00","breadcrumb":{"@id":"https:\/\/meridional.org\/e\/contact-us\/#breadcrumb"},"inLanguage":"es","potentialAction":[{"@type":"ReadAction","target":["https:\/\/meridional.org\/e\/contact-us\/"]}]},{"@type":"ImageObject","inLanguage":"es","@id":"https:\/\/meridional.org\/e\/contact-us\/#primaryimage","url":"https:\/\/meridional.org\/e\/wp-content\/uploads\/sites\/8\/2025\/09\/contact-us.jpg","contentUrl":"https:\/\/meridional.org\/e\/wp-content\/uploads\/sites\/8\/2025\/09\/contact-us.jpg","width":1024,"height":384},{"@type":"BreadcrumbList","@id":"https:\/\/meridional.org\/e\/contact-us\/#breadcrumb","itemListElement":[{"@type":"ListItem","position":1,"name":"Home","item":"https:\/\/meridional.org\/e\/"},{"@type":"ListItem","position":2,"name":"CONT\u00c1CTANOS"}]},{"@type":"WebSite","@id":"https:\/\/meridional.org\/e\/#website","url":"https:\/\/meridional.org\/e\/","name":"MERIDIONAL","description":"","publisher":{"@id":"https:\/\/meridional.org\/e\/#organization"},"potentialAction":[{"@type":"SearchAction","target":{"@type":"EntryPoint","urlTemplate":"https:\/\/meridional.org\/e\/?s={search_term_string}"},"query-input":{"@type":"PropertyValueSpecification","valueRequired":true,"valueName":"search_term_string"}}],"inLanguage":"es"},{"@type":"Organization","@id":"https:\/\/meridional.org\/e\/#organization","name":"MERIDIONAL","url":"https:\/\/meridional.org\/e\/","logo":{"@type":"ImageObject","inLanguage":"es","@id":"https:\/\/meridional.org\/e\/#\/schema\/logo\/image\/","url":"https:\/\/meridional.org\/e\/wp-content\/uploads\/sites\/8\/2024\/03\/MERIDIONAL-LOGO-HOME-01.png","contentUrl":"https:\/\/meridional.org\/e\/wp-content\/uploads\/sites\/8\/2024\/03\/MERIDIONAL-LOGO-HOME-01.png","width":286,"height":279,"caption":"MERIDIONAL"},"image":{"@id":"https:\/\/meridional.org\/e\/#\/schema\/logo\/image\/"}}]}},"_links":{"self":[{"href":"https:\/\/meridional.org\/e\/wp-json\/wp\/v2\/pages\/23","targetHints":{"allow":["GET"]}}],"collection":[{"href":"https:\/\/meridional.org\/e\/wp-json\/wp\/v2\/pages"}],"about":[{"href":"https:\/\/meridional.org\/e\/wp-json\/wp\/v2\/types\/page"}],"author":[{"embeddable":true,"href":"https:\/\/meridional.org\/e\/wp-json\/wp\/v2\/users\/2"}],"replies":[{"embeddable":true,"href":"https:\/\/meridional.org\/e\/wp-json\/wp\/v2\/comments?post=23"}],"version-history":[{"count":16,"href":"https:\/\/meridional.org\/e\/wp-json\/wp\/v2\/pages\/23\/revisions"}],"predecessor-version":[{"id":381,"href":"https:\/\/meridional.org\/e\/wp-json\/wp\/v2\/pages\/23\/revisions\/381"}],"wp:attachment":[{"href":"https:\/\/meridional.org\/e\/wp-json\/wp\/v2\/media?parent=23"}],"curies":[{"name":"wp","href":"https:\/\/api.w.org\/{rel}","templated":true}]}}