{"id":242,"date":"2024-06-14T23:36:30","date_gmt":"2024-06-14T23:36:30","guid":{"rendered":"https:\/\/meridional.org\/?page_id=242"},"modified":"2026-01-25T04:14:25","modified_gmt":"2026-01-25T04:14:25","slug":"organization","status":"publish","type":"page","link":"https:\/\/meridional.org\/e\/organization\/","title":{"rendered":"ESTRUCTURA"},"content":{"rendered":"\n<figure class=\"wp-block-image alignwide size-full coblocks-animate\" data-coblocks-animation=\"zoomIn\"><img loading=\"lazy\" decoding=\"async\" width=\"1254\" height=\"470\" src=\"https:\/\/meridional.org\/e\/wp-content\/uploads\/sites\/8\/2025\/09\/organization.jpg\" alt=\"\" class=\"wp-image-387\" srcset=\"https:\/\/meridional.org\/e\/wp-content\/uploads\/sites\/8\/2025\/09\/organization.jpg 1254w, https:\/\/meridional.org\/e\/wp-content\/uploads\/sites\/8\/2025\/09\/organization-300x112.jpg 300w, https:\/\/meridional.org\/e\/wp-content\/uploads\/sites\/8\/2025\/09\/organization-1024x384.jpg 1024w, https:\/\/meridional.org\/e\/wp-content\/uploads\/sites\/8\/2025\/09\/organization-768x288.jpg 768w\" sizes=\"auto, (max-width: 1254px) 100vw, 1254px\" \/><\/figure>\n\n\n\n<div class=\"wp-block-columns alignwide is-layout-flex wp-container-core-columns-is-layout-28f84493 wp-block-columns-is-layout-flex\">\n<div class=\"wp-block-column is-layout-flow wp-block-column-is-layout-flow\">\n<p style=\"font-weight:bold;font-size:20px\" class=\"has-custom-weight\"><\/p>\n\n\n\n<div class=\"wp-block-columns alignwide is-layout-flex wp-container-core-columns-is-layout-28f84493 wp-block-columns-is-layout-flex\">\n<div class=\"wp-block-column is-layout-flow wp-block-column-is-layout-flow\" style=\"flex-basis:100%\">\n<p class=\"has-text-align-center has-custom-weight\" style=\"font-weight:bold;font-size:17px\"><\/p>\n\n\n\n<div class=\"wp-block-columns is-layout-flex wp-container-core-columns-is-layout-28f84493 wp-block-columns-is-layout-flex\">\n<div class=\"wp-block-column is-layout-flow wp-block-column-is-layout-flow\">\n<p class=\"has-text-align-center has-contrast-3-color has-text-color has-link-color has-oswald-font-family has-custom-font wp-elements-26b0289ba39bb51fa84b5794503ece00\" style=\"font-family:Oswald;font-size:50px\"><strong>ESTRUCTURA<\/strong><\/p>\n<\/div>\n\n\n\n<div class=\"wp-block-column is-layout-flow wp-block-column-is-layout-flow\"><\/div>\n<\/div>\n<\/div>\n<\/div>\n\n\n\n<p><\/p>\n\n\n\n<p style=\"font-weight:bold;font-size:20px\" class=\"has-custom-weight\"><\/p>\n\n\n\n<div class=\"wp-block-columns alignwide is-layout-flex wp-container-core-columns-is-layout-28f84493 wp-block-columns-is-layout-flex\">\n<div class=\"wp-block-column is-layout-flow wp-block-column-is-layout-flow\" style=\"flex-basis:100%\">\n<p class=\"has-text-align-center has-custom-weight\" style=\"font-weight:bold;font-size:17px\"><\/p>\n\n\n\n<div class=\"wp-block-columns is-layout-flex wp-container-core-columns-is-layout-28f84493 wp-block-columns-is-layout-flex\">\n<div class=\"wp-block-column is-layout-flow wp-block-column-is-layout-flow\">\n<p class=\"has-text-align-center has-contrast-3-color has-text-color has-link-color has-oswald-font-family has-custom-font wp-elements-55d492f6b0faa935f91a8bfdb1e5266e\" style=\"font-family:Oswald;font-size:37px\"><strong>Nuestra Gobernanza<\/strong><\/p>\n<\/div>\n\n\n\n<div class=\"wp-block-column is-layout-flow wp-block-column-is-layout-flow\" style=\"flex-basis:60%\">\n<p>La Junta Directiva de MERIDIONAL es elegida por la Asamblea General. La Junta realiza reuniones peri\u00f3dicas y organiza una Asamblea General anualmente para asegurar la orientaci\u00f3n estrat\u00e9gica de la organizaci\u00f3n.<\/p>\n<\/div>\n<\/div>\n<\/div>\n<\/div>\n\n\n\n<div class=\"wp-block-columns alignwide is-layout-flex wp-container-core-columns-is-layout-28f84493 wp-block-columns-is-layout-flex\">\n<div class=\"wp-block-column is-layout-flow wp-block-column-is-layout-flow\" style=\"flex-basis:100%\">\n<p class=\"has-text-align-center has-custom-weight\" style=\"font-weight:bold;font-size:17px\"><\/p>\n\n\n\n<div class=\"wp-block-columns is-layout-flex wp-container-core-columns-is-layout-28f84493 wp-block-columns-is-layout-flex\">\n<div class=\"wp-block-column is-layout-flow wp-block-column-is-layout-flow\">\n<p class=\"has-text-align-center has-contrast-3-color has-text-color has-link-color has-oswald-font-family has-custom-font wp-elements-4397ee43257056d9764b1d0135344823\" style=\"font-family:Oswald;font-size:37px\"><strong>Nuestro Secretariado<\/strong><\/p>\n<\/div>\n\n\n\n<div class=\"wp-block-column is-layout-flow wp-block-column-is-layout-flow\" style=\"flex-basis:60%\">\n<p>Nuestro equipo re\u00fane m\u00e1s de treinta a\u00f1os de experiencia acumulada en el \u00e1mbito multilateral, habiendo adquirido conocimientos en las \u00e1reas de incidencia, desarrollo de pol\u00edticas, relaciones gubernamentales y fortalecimiento de capacidades en el sector de la sociedad civil.<\/p>\n\n\n\n<p>A lo largo del tiempo, nuestro equipo ha cultivado una extensa red de entes gubernamentales e intergubernamentales, fomentando esfuerzos de colaboraci\u00f3n dentro de marcos y foros diplom\u00e1ticos. Su enfoque se da particularmente en el avance de agendas relacionadas con el desarme humanitario y las iniciativas en derechos humanos.<\/p>\n\n\n\n<p>Esta experiencia, conocimientos y relaciones se han fusionado a lo largo de m\u00e1s de una d\u00e9cada de trabajo y presencia en la Ginebra Internacional, sentando las bases para MERIDIONAL, mientras la organizaci\u00f3n da sus primeros pasos en contribuci\u00f3n al fortalecimiento de un espacio multilateral inclusivo para todos.<\/p>\n<\/div>\n<\/div>\n<\/div>\n<\/div>\n<\/div>\n<\/div>\n\n\n\n<div class=\"wp-block-columns alignwide is-layout-flex wp-container-core-columns-is-layout-28f84493 wp-block-columns-is-layout-flex\">\n<div class=\"wp-block-column is-layout-flow wp-block-column-is-layout-flow\">\n<div class=\"wp-block-columns is-layout-flex wp-container-core-columns-is-layout-28f84493 wp-block-columns-is-layout-flex\">\n<div class=\"wp-block-column is-layout-flow wp-block-column-is-layout-flow\">\n<figure class=\"wp-block-image size-full\"><img loading=\"lazy\" decoding=\"async\" width=\"498\" height=\"664\" src=\"https:\/\/meridional.org\/wp-content\/uploads\/sites\/8\/2024\/06\/Team-Hector-Guerra.jpg\" alt=\"H\u00e9ctor Guerra\" class=\"wp-image-277\" srcset=\"https:\/\/meridional.org\/e\/wp-content\/uploads\/sites\/8\/2024\/06\/Team-Hector-Guerra.jpg 498w, https:\/\/meridional.org\/e\/wp-content\/uploads\/sites\/8\/2024\/06\/Team-Hector-Guerra-225x300.jpg 225w\" sizes=\"auto, (max-width: 498px) 100vw, 498px\" \/><\/figure>\n\n\n\n<p class=\"has-text-align-center\">Hector Guerra<br>Co-Director<br>Gerente de Relaciones Exteriores y Pol\u00edticas<\/p>\n<\/div>\n\n\n\n<div class=\"wp-block-column is-layout-flow wp-block-column-is-layout-flow\">\n<figure class=\"wp-block-image size-full\"><img loading=\"lazy\" decoding=\"async\" width=\"498\" height=\"664\" src=\"https:\/\/meridional.org\/wp-content\/uploads\/sites\/8\/2024\/06\/Team-Eunice-Janssen.jpg\" alt=\"Eunice Janssen\" class=\"wp-image-278\" srcset=\"https:\/\/meridional.org\/e\/wp-content\/uploads\/sites\/8\/2024\/06\/Team-Eunice-Janssen.jpg 498w, https:\/\/meridional.org\/e\/wp-content\/uploads\/sites\/8\/2024\/06\/Team-Eunice-Janssen-225x300.jpg 225w\" sizes=\"auto, (max-width: 498px) 100vw, 498px\" \/><\/figure>\n\n\n\n<p class=\"has-text-align-center\">Eunice Janssen<br>Co-Directora<br>Gerente de Relaciones con Donantes y Alianzas<\/p>\n<\/div>\n\n\n\n<div class=\"wp-block-column is-layout-flow wp-block-column-is-layout-flow\">\n<figure class=\"wp-block-image size-full\"><img loading=\"lazy\" decoding=\"async\" width=\"498\" height=\"664\" src=\"https:\/\/meridional.org\/wp-content\/uploads\/sites\/8\/2024\/06\/Team-Eric-Mallinjoud.jpg\" alt=\"Eric Mallinjoud\" class=\"wp-image-279\" srcset=\"https:\/\/meridional.org\/e\/wp-content\/uploads\/sites\/8\/2024\/06\/Team-Eric-Mallinjoud.jpg 498w, https:\/\/meridional.org\/e\/wp-content\/uploads\/sites\/8\/2024\/06\/Team-Eric-Mallinjoud-225x300.jpg 225w\" sizes=\"auto, (max-width: 498px) 100vw, 498px\" \/><\/figure>\n\n\n\n<p class=\"has-text-align-center\">Eric Mallinjoud<br>Gerente de Administraci\u00f3n y Finanzas<\/p>\n<\/div>\n\n\n\n<div class=\"wp-block-column is-layout-flow wp-block-column-is-layout-flow\">\n<figure class=\"wp-block-image size-full\"><img loading=\"lazy\" decoding=\"async\" width=\"498\" height=\"664\" src=\"https:\/\/meridional.org\/wp-content\/uploads\/sites\/8\/2024\/06\/Team-Ana-Rincon.jpg\" alt=\"\" class=\"wp-image-280\" srcset=\"https:\/\/meridional.org\/e\/wp-content\/uploads\/sites\/8\/2024\/06\/Team-Ana-Rincon.jpg 498w, https:\/\/meridional.org\/e\/wp-content\/uploads\/sites\/8\/2024\/06\/Team-Ana-Rincon-225x300.jpg 225w\" sizes=\"auto, (max-width: 498px) 100vw, 498px\" \/><\/figure>\n\n\n\n<p class=\"has-text-align-center\">Ana Rincon<br>Coordinadora de Proyectos y Operaciones<\/p>\n<\/div>\n<\/div>\n<\/div>\n<\/div>\n","protected":false},"excerpt":{"rendered":"<p>ESTRUCTURA Nuestra Gobernanza La Junta Directiva de MERIDIONAL es elegida por la Asamblea General. La Junta realiza reuniones peri\u00f3dicas y organiza una Asamblea General anualmente para asegurar la orientaci\u00f3n estrat\u00e9gica de la organizaci\u00f3n. Nuestro Secretariado Nuestro equipo re\u00fane m\u00e1s de treinta a\u00f1os de experiencia acumulada en el \u00e1mbito multilateral, habiendo adquirido conocimientos en las \u00e1reas [&hellip;]<\/p>\n","protected":false},"author":2,"featured_media":0,"parent":0,"menu_order":0,"comment_status":"closed","ping_status":"closed","template":"page-no-title","meta":{"_editorskit_title_hidden":true,"_editorskit_reading_time":0,"_editorskit_is_block_options_detached":false,"_editorskit_block_options_position":"{}","_coblocks_attr":"Montserrat,Oswald","_coblocks_dimensions":"","_coblocks_responsive_height":"","_coblocks_accordion_ie_support":"","footnotes":""},"class_list":["post-242","page","type-page","status-publish","hentry"],"yoast_head":"<!-- This site is optimized with the Yoast SEO plugin v27.5 - https:\/\/yoast.com\/product\/yoast-seo-wordpress\/ -->\n<title>ESTRUCTURA - MERIDIONAL<\/title>\n<meta name=\"robots\" content=\"index, follow, max-snippet:-1, max-image-preview:large, max-video-preview:-1\" \/>\n<link rel=\"canonical\" href=\"https:\/\/meridional.org\/e\/organization\/\" \/>\n<meta property=\"og:locale\" content=\"es_MX\" \/>\n<meta property=\"og:type\" content=\"article\" \/>\n<meta property=\"og:title\" content=\"ESTRUCTURA - MERIDIONAL\" \/>\n<meta property=\"og:description\" content=\"ESTRUCTURA Nuestra Gobernanza La Junta Directiva de MERIDIONAL es elegida por la Asamblea General. La Junta realiza reuniones peri\u00f3dicas y organiza una Asamblea General anualmente para asegurar la orientaci\u00f3n estrat\u00e9gica de la organizaci\u00f3n. Nuestro Secretariado Nuestro equipo re\u00fane m\u00e1s de treinta a\u00f1os de experiencia acumulada en el \u00e1mbito multilateral, habiendo adquirido conocimientos en las \u00e1reas [&hellip;]\" \/>\n<meta property=\"og:url\" content=\"https:\/\/meridional.org\/e\/organization\/\" \/>\n<meta property=\"og:site_name\" content=\"MERIDIONAL\" \/>\n<meta property=\"article:modified_time\" content=\"2026-01-25T04:14:25+00:00\" \/>\n<meta property=\"og:image\" content=\"https:\/\/meridional.org\/e\/wp-content\/uploads\/sites\/8\/2025\/09\/organization.jpg\" \/>\n\t<meta property=\"og:image:width\" content=\"1254\" \/>\n\t<meta property=\"og:image:height\" content=\"470\" \/>\n\t<meta property=\"og:image:type\" content=\"image\/jpeg\" \/>\n<meta name=\"twitter:card\" content=\"summary_large_image\" \/>\n<meta name=\"twitter:label1\" content=\"Tiempo de lectura\" \/>\n\t<meta name=\"twitter:data1\" content=\"2 minutos\" \/>\n<script type=\"application\/ld+json\" class=\"yoast-schema-graph\">{\"@context\":\"https:\\\/\\\/schema.org\",\"@graph\":[{\"@type\":\"WebPage\",\"@id\":\"https:\\\/\\\/meridional.org\\\/e\\\/organization\\\/\",\"url\":\"https:\\\/\\\/meridional.org\\\/e\\\/organization\\\/\",\"name\":\"ESTRUCTURA - MERIDIONAL\",\"isPartOf\":{\"@id\":\"https:\\\/\\\/meridional.org\\\/e\\\/#website\"},\"primaryImageOfPage\":{\"@id\":\"https:\\\/\\\/meridional.org\\\/e\\\/organization\\\/#primaryimage\"},\"image\":{\"@id\":\"https:\\\/\\\/meridional.org\\\/e\\\/organization\\\/#primaryimage\"},\"thumbnailUrl\":\"https:\\\/\\\/meridional.org\\\/e\\\/wp-content\\\/uploads\\\/sites\\\/8\\\/2025\\\/09\\\/organization.jpg\",\"datePublished\":\"2024-06-14T23:36:30+00:00\",\"dateModified\":\"2026-01-25T04:14:25+00:00\",\"breadcrumb\":{\"@id\":\"https:\\\/\\\/meridional.org\\\/e\\\/organization\\\/#breadcrumb\"},\"inLanguage\":\"es\",\"potentialAction\":[{\"@type\":\"ReadAction\",\"target\":[\"https:\\\/\\\/meridional.org\\\/e\\\/organization\\\/\"]}]},{\"@type\":\"ImageObject\",\"inLanguage\":\"es\",\"@id\":\"https:\\\/\\\/meridional.org\\\/e\\\/organization\\\/#primaryimage\",\"url\":\"https:\\\/\\\/meridional.org\\\/e\\\/wp-content\\\/uploads\\\/sites\\\/8\\\/2025\\\/09\\\/organization.jpg\",\"contentUrl\":\"https:\\\/\\\/meridional.org\\\/e\\\/wp-content\\\/uploads\\\/sites\\\/8\\\/2025\\\/09\\\/organization.jpg\",\"width\":1254,\"height\":470},{\"@type\":\"BreadcrumbList\",\"@id\":\"https:\\\/\\\/meridional.org\\\/e\\\/organization\\\/#breadcrumb\",\"itemListElement\":[{\"@type\":\"ListItem\",\"position\":1,\"name\":\"Home\",\"item\":\"https:\\\/\\\/meridional.org\\\/e\\\/\"},{\"@type\":\"ListItem\",\"position\":2,\"name\":\"ESTRUCTURA\"}]},{\"@type\":\"WebSite\",\"@id\":\"https:\\\/\\\/meridional.org\\\/e\\\/#website\",\"url\":\"https:\\\/\\\/meridional.org\\\/e\\\/\",\"name\":\"MERIDIONAL\",\"description\":\"\",\"publisher\":{\"@id\":\"https:\\\/\\\/meridional.org\\\/e\\\/#organization\"},\"potentialAction\":[{\"@type\":\"SearchAction\",\"target\":{\"@type\":\"EntryPoint\",\"urlTemplate\":\"https:\\\/\\\/meridional.org\\\/e\\\/?s={search_term_string}\"},\"query-input\":{\"@type\":\"PropertyValueSpecification\",\"valueRequired\":true,\"valueName\":\"search_term_string\"}}],\"inLanguage\":\"es\"},{\"@type\":\"Organization\",\"@id\":\"https:\\\/\\\/meridional.org\\\/e\\\/#organization\",\"name\":\"MERIDIONAL\",\"url\":\"https:\\\/\\\/meridional.org\\\/e\\\/\",\"logo\":{\"@type\":\"ImageObject\",\"inLanguage\":\"es\",\"@id\":\"https:\\\/\\\/meridional.org\\\/e\\\/#\\\/schema\\\/logo\\\/image\\\/\",\"url\":\"https:\\\/\\\/meridional.org\\\/e\\\/wp-content\\\/uploads\\\/sites\\\/8\\\/2024\\\/03\\\/MERIDIONAL-LOGO-HOME-01.png\",\"contentUrl\":\"https:\\\/\\\/meridional.org\\\/e\\\/wp-content\\\/uploads\\\/sites\\\/8\\\/2024\\\/03\\\/MERIDIONAL-LOGO-HOME-01.png\",\"width\":286,\"height\":279,\"caption\":\"MERIDIONAL\"},\"image\":{\"@id\":\"https:\\\/\\\/meridional.org\\\/e\\\/#\\\/schema\\\/logo\\\/image\\\/\"}}]}<\/script>\n<!-- \/ Yoast SEO plugin. -->","yoast_head_json":{"title":"ESTRUCTURA - MERIDIONAL","robots":{"index":"index","follow":"follow","max-snippet":"max-snippet:-1","max-image-preview":"max-image-preview:large","max-video-preview":"max-video-preview:-1"},"canonical":"https:\/\/meridional.org\/e\/organization\/","og_locale":"es_MX","og_type":"article","og_title":"ESTRUCTURA - MERIDIONAL","og_description":"ESTRUCTURA Nuestra Gobernanza La Junta Directiva de MERIDIONAL es elegida por la Asamblea General. La Junta realiza reuniones peri\u00f3dicas y organiza una Asamblea General anualmente para asegurar la orientaci\u00f3n estrat\u00e9gica de la organizaci\u00f3n. Nuestro Secretariado Nuestro equipo re\u00fane m\u00e1s de treinta a\u00f1os de experiencia acumulada en el \u00e1mbito multilateral, habiendo adquirido conocimientos en las \u00e1reas [&hellip;]","og_url":"https:\/\/meridional.org\/e\/organization\/","og_site_name":"MERIDIONAL","article_modified_time":"2026-01-25T04:14:25+00:00","og_image":[{"width":1254,"height":470,"url":"https:\/\/meridional.org\/e\/wp-content\/uploads\/sites\/8\/2025\/09\/organization.jpg","type":"image\/jpeg"}],"twitter_card":"summary_large_image","twitter_misc":{"Tiempo de lectura":"2 minutos"},"schema":{"@context":"https:\/\/schema.org","@graph":[{"@type":"WebPage","@id":"https:\/\/meridional.org\/e\/organization\/","url":"https:\/\/meridional.org\/e\/organization\/","name":"ESTRUCTURA - MERIDIONAL","isPartOf":{"@id":"https:\/\/meridional.org\/e\/#website"},"primaryImageOfPage":{"@id":"https:\/\/meridional.org\/e\/organization\/#primaryimage"},"image":{"@id":"https:\/\/meridional.org\/e\/organization\/#primaryimage"},"thumbnailUrl":"https:\/\/meridional.org\/e\/wp-content\/uploads\/sites\/8\/2025\/09\/organization.jpg","datePublished":"2024-06-14T23:36:30+00:00","dateModified":"2026-01-25T04:14:25+00:00","breadcrumb":{"@id":"https:\/\/meridional.org\/e\/organization\/#breadcrumb"},"inLanguage":"es","potentialAction":[{"@type":"ReadAction","target":["https:\/\/meridional.org\/e\/organization\/"]}]},{"@type":"ImageObject","inLanguage":"es","@id":"https:\/\/meridional.org\/e\/organization\/#primaryimage","url":"https:\/\/meridional.org\/e\/wp-content\/uploads\/sites\/8\/2025\/09\/organization.jpg","contentUrl":"https:\/\/meridional.org\/e\/wp-content\/uploads\/sites\/8\/2025\/09\/organization.jpg","width":1254,"height":470},{"@type":"BreadcrumbList","@id":"https:\/\/meridional.org\/e\/organization\/#breadcrumb","itemListElement":[{"@type":"ListItem","position":1,"name":"Home","item":"https:\/\/meridional.org\/e\/"},{"@type":"ListItem","position":2,"name":"ESTRUCTURA"}]},{"@type":"WebSite","@id":"https:\/\/meridional.org\/e\/#website","url":"https:\/\/meridional.org\/e\/","name":"MERIDIONAL","description":"","publisher":{"@id":"https:\/\/meridional.org\/e\/#organization"},"potentialAction":[{"@type":"SearchAction","target":{"@type":"EntryPoint","urlTemplate":"https:\/\/meridional.org\/e\/?s={search_term_string}"},"query-input":{"@type":"PropertyValueSpecification","valueRequired":true,"valueName":"search_term_string"}}],"inLanguage":"es"},{"@type":"Organization","@id":"https:\/\/meridional.org\/e\/#organization","name":"MERIDIONAL","url":"https:\/\/meridional.org\/e\/","logo":{"@type":"ImageObject","inLanguage":"es","@id":"https:\/\/meridional.org\/e\/#\/schema\/logo\/image\/","url":"https:\/\/meridional.org\/e\/wp-content\/uploads\/sites\/8\/2024\/03\/MERIDIONAL-LOGO-HOME-01.png","contentUrl":"https:\/\/meridional.org\/e\/wp-content\/uploads\/sites\/8\/2024\/03\/MERIDIONAL-LOGO-HOME-01.png","width":286,"height":279,"caption":"MERIDIONAL"},"image":{"@id":"https:\/\/meridional.org\/e\/#\/schema\/logo\/image\/"}}]}},"_links":{"self":[{"href":"https:\/\/meridional.org\/e\/wp-json\/wp\/v2\/pages\/242","targetHints":{"allow":["GET"]}}],"collection":[{"href":"https:\/\/meridional.org\/e\/wp-json\/wp\/v2\/pages"}],"about":[{"href":"https:\/\/meridional.org\/e\/wp-json\/wp\/v2\/types\/page"}],"author":[{"embeddable":true,"href":"https:\/\/meridional.org\/e\/wp-json\/wp\/v2\/users\/2"}],"replies":[{"embeddable":true,"href":"https:\/\/meridional.org\/e\/wp-json\/wp\/v2\/comments?post=242"}],"version-history":[{"count":7,"href":"https:\/\/meridional.org\/e\/wp-json\/wp\/v2\/pages\/242\/revisions"}],"predecessor-version":[{"id":389,"href":"https:\/\/meridional.org\/e\/wp-json\/wp\/v2\/pages\/242\/revisions\/389"}],"wp:attachment":[{"href":"https:\/\/meridional.org\/e\/wp-json\/wp\/v2\/media?parent=242"}],"curies":[{"name":"wp","href":"https:\/\/api.w.org\/{rel}","templated":true}]}}