{"id":250,"date":"2024-06-15T00:13:30","date_gmt":"2024-06-15T00:13:30","guid":{"rendered":"https:\/\/meridional.org\/?page_id=250"},"modified":"2026-01-25T04:15:11","modified_gmt":"2026-01-25T04:15:11","slug":"work-with-our-partners","status":"publish","type":"page","link":"https:\/\/meridional.org\/e\/work-with-our-partners\/","title":{"rendered":"EL TRABAJO CON NUESTROS SOCIOS"},"content":{"rendered":"\n<figure class=\"wp-block-image alignwide size-full coblocks-animate\" data-coblocks-animation=\"zoomIn\"><img loading=\"lazy\" decoding=\"async\" width=\"1024\" height=\"384\" src=\"https:\/\/meridional.org\/e\/wp-content\/uploads\/sites\/8\/2025\/09\/what-we-do-1.jpg\" alt=\"\" class=\"wp-image-394\" srcset=\"https:\/\/meridional.org\/e\/wp-content\/uploads\/sites\/8\/2025\/09\/what-we-do-1.jpg 1024w, https:\/\/meridional.org\/e\/wp-content\/uploads\/sites\/8\/2025\/09\/what-we-do-1-300x113.jpg 300w, https:\/\/meridional.org\/e\/wp-content\/uploads\/sites\/8\/2025\/09\/what-we-do-1-768x288.jpg 768w\" sizes=\"auto, (max-width: 1024px) 100vw, 1024px\" \/><\/figure>\n\n\n\n<div class=\"wp-block-columns alignwide is-layout-flex wp-container-core-columns-is-layout-28f84493 wp-block-columns-is-layout-flex\">\n<div class=\"wp-block-column is-layout-flow wp-block-column-is-layout-flow\">\n<p class=\"has-text-align-center has-contrast-3-color has-text-color has-link-color has-oswald-font-family has-custom-font wp-elements-73d81d53a5afec39429648fe2850b2f9\" style=\"font-family:Oswald;font-size:37px\"><strong>EL TRABAJO CON NUESTROS SOCIOS<\/strong><\/p>\n<\/div>\n\n\n\n<div class=\"wp-block-column is-layout-flow wp-block-column-is-layout-flow\" style=\"flex-basis:60%\">\n<div class=\"wp-block-columns is-layout-flex wp-container-core-columns-is-layout-28f84493 wp-block-columns-is-layout-flex\">\n<div class=\"wp-block-column is-layout-flow wp-block-column-is-layout-flow\">\n<p class=\"has-text-align-left has-text-align-center\">Nuestros socios incluyen una red diversa de organizaciones de la sociedad civil basadas en Europa, \u00c1frica y Am\u00e9rica Latina, comprometidas con el avance de asuntos globales como el desarrollo sostenible, los derechos humanos y la inclusi\u00f3n de personas con discapacidad, la acci\u00f3n contra minas con \u00e9nfasis en la asistencia a las v\u00edctimas, el desarme humanitario, la regulaci\u00f3n del comercio internacional de armas y la salud p\u00fablica.<\/p>\n\n\n\n<p>Adem\u00e1s, MERIDIONAL y sus socios contribuyen a esfuerzos m\u00e1s amplios en la defensa de los derechos humanos, la justicia social y el fortalecimiento de las capacidades de comunidades marginadas. A trav\u00e9s de estas colaboraciones, aspiramos a generar un impacto significativo y promover enfoques inclusivos basados en los derechos humanos frente a los desaf\u00edos globales.<\/p>\n<\/div>\n<\/div>\n<\/div>\n<\/div>\n","protected":false},"excerpt":{"rendered":"<p>EL TRABAJO CON NUESTROS SOCIOS Nuestros socios incluyen una red diversa de organizaciones de la sociedad civil basadas en Europa, \u00c1frica y Am\u00e9rica Latina, comprometidas con el avance de asuntos globales como el desarrollo sostenible, los derechos humanos y la inclusi\u00f3n de personas con discapacidad, la acci\u00f3n contra minas con \u00e9nfasis en la asistencia a [&hellip;]<\/p>\n","protected":false},"author":2,"featured_media":0,"parent":0,"menu_order":0,"comment_status":"closed","ping_status":"closed","template":"page-no-title","meta":{"_editorskit_title_hidden":true,"_editorskit_reading_time":0,"_editorskit_is_block_options_detached":false,"_editorskit_block_options_position":"{}","_coblocks_attr":"Montserrat,Oswald","_coblocks_dimensions":"","_coblocks_responsive_height":"","_coblocks_accordion_ie_support":"","footnotes":""},"class_list":["post-250","page","type-page","status-publish","hentry"],"yoast_head":"<!-- This site is optimized with the Yoast SEO plugin v27.5 - https:\/\/yoast.com\/product\/yoast-seo-wordpress\/ -->\n<title>EL TRABAJO CON NUESTROS SOCIOS - MERIDIONAL<\/title>\n<meta name=\"robots\" content=\"index, follow, max-snippet:-1, max-image-preview:large, max-video-preview:-1\" \/>\n<link rel=\"canonical\" href=\"https:\/\/meridional.org\/e\/work-with-our-partners\/\" \/>\n<meta property=\"og:locale\" content=\"es_MX\" \/>\n<meta property=\"og:type\" content=\"article\" \/>\n<meta property=\"og:title\" content=\"EL TRABAJO CON NUESTROS SOCIOS - MERIDIONAL\" \/>\n<meta property=\"og:description\" content=\"EL TRABAJO CON NUESTROS SOCIOS Nuestros socios incluyen una red diversa de organizaciones de la sociedad civil basadas en Europa, \u00c1frica y Am\u00e9rica Latina, comprometidas con el avance de asuntos globales como el desarrollo sostenible, los derechos humanos y la inclusi\u00f3n de personas con discapacidad, la acci\u00f3n contra minas con \u00e9nfasis en la asistencia a [&hellip;]\" \/>\n<meta property=\"og:url\" content=\"https:\/\/meridional.org\/e\/work-with-our-partners\/\" \/>\n<meta property=\"og:site_name\" content=\"MERIDIONAL\" \/>\n<meta property=\"article:modified_time\" content=\"2026-01-25T04:15:11+00:00\" \/>\n<meta property=\"og:image\" content=\"https:\/\/meridional.org\/e\/wp-content\/uploads\/sites\/8\/2025\/09\/what-we-do-1.jpg\" \/>\n\t<meta property=\"og:image:width\" content=\"1024\" \/>\n\t<meta property=\"og:image:height\" content=\"384\" \/>\n\t<meta property=\"og:image:type\" content=\"image\/jpeg\" \/>\n<meta name=\"twitter:card\" content=\"summary_large_image\" \/>\n<meta name=\"twitter:label1\" content=\"Tiempo de lectura\" \/>\n\t<meta name=\"twitter:data1\" content=\"1 minuto\" \/>\n<script type=\"application\/ld+json\" class=\"yoast-schema-graph\">{\"@context\":\"https:\\\/\\\/schema.org\",\"@graph\":[{\"@type\":\"WebPage\",\"@id\":\"https:\\\/\\\/meridional.org\\\/e\\\/work-with-our-partners\\\/\",\"url\":\"https:\\\/\\\/meridional.org\\\/e\\\/work-with-our-partners\\\/\",\"name\":\"EL TRABAJO CON NUESTROS SOCIOS - MERIDIONAL\",\"isPartOf\":{\"@id\":\"https:\\\/\\\/meridional.org\\\/e\\\/#website\"},\"primaryImageOfPage\":{\"@id\":\"https:\\\/\\\/meridional.org\\\/e\\\/work-with-our-partners\\\/#primaryimage\"},\"image\":{\"@id\":\"https:\\\/\\\/meridional.org\\\/e\\\/work-with-our-partners\\\/#primaryimage\"},\"thumbnailUrl\":\"https:\\\/\\\/meridional.org\\\/e\\\/wp-content\\\/uploads\\\/sites\\\/8\\\/2025\\\/09\\\/what-we-do-1.jpg\",\"datePublished\":\"2024-06-15T00:13:30+00:00\",\"dateModified\":\"2026-01-25T04:15:11+00:00\",\"breadcrumb\":{\"@id\":\"https:\\\/\\\/meridional.org\\\/e\\\/work-with-our-partners\\\/#breadcrumb\"},\"inLanguage\":\"es\",\"potentialAction\":[{\"@type\":\"ReadAction\",\"target\":[\"https:\\\/\\\/meridional.org\\\/e\\\/work-with-our-partners\\\/\"]}]},{\"@type\":\"ImageObject\",\"inLanguage\":\"es\",\"@id\":\"https:\\\/\\\/meridional.org\\\/e\\\/work-with-our-partners\\\/#primaryimage\",\"url\":\"https:\\\/\\\/meridional.org\\\/e\\\/wp-content\\\/uploads\\\/sites\\\/8\\\/2025\\\/09\\\/what-we-do-1.jpg\",\"contentUrl\":\"https:\\\/\\\/meridional.org\\\/e\\\/wp-content\\\/uploads\\\/sites\\\/8\\\/2025\\\/09\\\/what-we-do-1.jpg\",\"width\":1024,\"height\":384},{\"@type\":\"BreadcrumbList\",\"@id\":\"https:\\\/\\\/meridional.org\\\/e\\\/work-with-our-partners\\\/#breadcrumb\",\"itemListElement\":[{\"@type\":\"ListItem\",\"position\":1,\"name\":\"Home\",\"item\":\"https:\\\/\\\/meridional.org\\\/e\\\/\"},{\"@type\":\"ListItem\",\"position\":2,\"name\":\"EL TRABAJO CON NUESTROS SOCIOS\"}]},{\"@type\":\"WebSite\",\"@id\":\"https:\\\/\\\/meridional.org\\\/e\\\/#website\",\"url\":\"https:\\\/\\\/meridional.org\\\/e\\\/\",\"name\":\"MERIDIONAL\",\"description\":\"\",\"publisher\":{\"@id\":\"https:\\\/\\\/meridional.org\\\/e\\\/#organization\"},\"potentialAction\":[{\"@type\":\"SearchAction\",\"target\":{\"@type\":\"EntryPoint\",\"urlTemplate\":\"https:\\\/\\\/meridional.org\\\/e\\\/?s={search_term_string}\"},\"query-input\":{\"@type\":\"PropertyValueSpecification\",\"valueRequired\":true,\"valueName\":\"search_term_string\"}}],\"inLanguage\":\"es\"},{\"@type\":\"Organization\",\"@id\":\"https:\\\/\\\/meridional.org\\\/e\\\/#organization\",\"name\":\"MERIDIONAL\",\"url\":\"https:\\\/\\\/meridional.org\\\/e\\\/\",\"logo\":{\"@type\":\"ImageObject\",\"inLanguage\":\"es\",\"@id\":\"https:\\\/\\\/meridional.org\\\/e\\\/#\\\/schema\\\/logo\\\/image\\\/\",\"url\":\"https:\\\/\\\/meridional.org\\\/e\\\/wp-content\\\/uploads\\\/sites\\\/8\\\/2024\\\/03\\\/MERIDIONAL-LOGO-HOME-01.png\",\"contentUrl\":\"https:\\\/\\\/meridional.org\\\/e\\\/wp-content\\\/uploads\\\/sites\\\/8\\\/2024\\\/03\\\/MERIDIONAL-LOGO-HOME-01.png\",\"width\":286,\"height\":279,\"caption\":\"MERIDIONAL\"},\"image\":{\"@id\":\"https:\\\/\\\/meridional.org\\\/e\\\/#\\\/schema\\\/logo\\\/image\\\/\"}}]}<\/script>\n<!-- \/ Yoast SEO plugin. -->","yoast_head_json":{"title":"EL TRABAJO CON NUESTROS SOCIOS - MERIDIONAL","robots":{"index":"index","follow":"follow","max-snippet":"max-snippet:-1","max-image-preview":"max-image-preview:large","max-video-preview":"max-video-preview:-1"},"canonical":"https:\/\/meridional.org\/e\/work-with-our-partners\/","og_locale":"es_MX","og_type":"article","og_title":"EL TRABAJO CON NUESTROS SOCIOS - MERIDIONAL","og_description":"EL TRABAJO CON NUESTROS SOCIOS Nuestros socios incluyen una red diversa de organizaciones de la sociedad civil basadas en Europa, \u00c1frica y Am\u00e9rica Latina, comprometidas con el avance de asuntos globales como el desarrollo sostenible, los derechos humanos y la inclusi\u00f3n de personas con discapacidad, la acci\u00f3n contra minas con \u00e9nfasis en la asistencia a [&hellip;]","og_url":"https:\/\/meridional.org\/e\/work-with-our-partners\/","og_site_name":"MERIDIONAL","article_modified_time":"2026-01-25T04:15:11+00:00","og_image":[{"width":1024,"height":384,"url":"https:\/\/meridional.org\/e\/wp-content\/uploads\/sites\/8\/2025\/09\/what-we-do-1.jpg","type":"image\/jpeg"}],"twitter_card":"summary_large_image","twitter_misc":{"Tiempo de lectura":"1 minuto"},"schema":{"@context":"https:\/\/schema.org","@graph":[{"@type":"WebPage","@id":"https:\/\/meridional.org\/e\/work-with-our-partners\/","url":"https:\/\/meridional.org\/e\/work-with-our-partners\/","name":"EL TRABAJO CON NUESTROS SOCIOS - MERIDIONAL","isPartOf":{"@id":"https:\/\/meridional.org\/e\/#website"},"primaryImageOfPage":{"@id":"https:\/\/meridional.org\/e\/work-with-our-partners\/#primaryimage"},"image":{"@id":"https:\/\/meridional.org\/e\/work-with-our-partners\/#primaryimage"},"thumbnailUrl":"https:\/\/meridional.org\/e\/wp-content\/uploads\/sites\/8\/2025\/09\/what-we-do-1.jpg","datePublished":"2024-06-15T00:13:30+00:00","dateModified":"2026-01-25T04:15:11+00:00","breadcrumb":{"@id":"https:\/\/meridional.org\/e\/work-with-our-partners\/#breadcrumb"},"inLanguage":"es","potentialAction":[{"@type":"ReadAction","target":["https:\/\/meridional.org\/e\/work-with-our-partners\/"]}]},{"@type":"ImageObject","inLanguage":"es","@id":"https:\/\/meridional.org\/e\/work-with-our-partners\/#primaryimage","url":"https:\/\/meridional.org\/e\/wp-content\/uploads\/sites\/8\/2025\/09\/what-we-do-1.jpg","contentUrl":"https:\/\/meridional.org\/e\/wp-content\/uploads\/sites\/8\/2025\/09\/what-we-do-1.jpg","width":1024,"height":384},{"@type":"BreadcrumbList","@id":"https:\/\/meridional.org\/e\/work-with-our-partners\/#breadcrumb","itemListElement":[{"@type":"ListItem","position":1,"name":"Home","item":"https:\/\/meridional.org\/e\/"},{"@type":"ListItem","position":2,"name":"EL TRABAJO CON NUESTROS SOCIOS"}]},{"@type":"WebSite","@id":"https:\/\/meridional.org\/e\/#website","url":"https:\/\/meridional.org\/e\/","name":"MERIDIONAL","description":"","publisher":{"@id":"https:\/\/meridional.org\/e\/#organization"},"potentialAction":[{"@type":"SearchAction","target":{"@type":"EntryPoint","urlTemplate":"https:\/\/meridional.org\/e\/?s={search_term_string}"},"query-input":{"@type":"PropertyValueSpecification","valueRequired":true,"valueName":"search_term_string"}}],"inLanguage":"es"},{"@type":"Organization","@id":"https:\/\/meridional.org\/e\/#organization","name":"MERIDIONAL","url":"https:\/\/meridional.org\/e\/","logo":{"@type":"ImageObject","inLanguage":"es","@id":"https:\/\/meridional.org\/e\/#\/schema\/logo\/image\/","url":"https:\/\/meridional.org\/e\/wp-content\/uploads\/sites\/8\/2024\/03\/MERIDIONAL-LOGO-HOME-01.png","contentUrl":"https:\/\/meridional.org\/e\/wp-content\/uploads\/sites\/8\/2024\/03\/MERIDIONAL-LOGO-HOME-01.png","width":286,"height":279,"caption":"MERIDIONAL"},"image":{"@id":"https:\/\/meridional.org\/e\/#\/schema\/logo\/image\/"}}]}},"_links":{"self":[{"href":"https:\/\/meridional.org\/e\/wp-json\/wp\/v2\/pages\/250","targetHints":{"allow":["GET"]}}],"collection":[{"href":"https:\/\/meridional.org\/e\/wp-json\/wp\/v2\/pages"}],"about":[{"href":"https:\/\/meridional.org\/e\/wp-json\/wp\/v2\/types\/page"}],"author":[{"embeddable":true,"href":"https:\/\/meridional.org\/e\/wp-json\/wp\/v2\/users\/2"}],"replies":[{"embeddable":true,"href":"https:\/\/meridional.org\/e\/wp-json\/wp\/v2\/comments?post=250"}],"version-history":[{"count":6,"href":"https:\/\/meridional.org\/e\/wp-json\/wp\/v2\/pages\/250\/revisions"}],"predecessor-version":[{"id":395,"href":"https:\/\/meridional.org\/e\/wp-json\/wp\/v2\/pages\/250\/revisions\/395"}],"wp:attachment":[{"href":"https:\/\/meridional.org\/e\/wp-json\/wp\/v2\/media?parent=250"}],"curies":[{"name":"wp","href":"https:\/\/api.w.org\/{rel}","templated":true}]}}