{"id":252,"date":"2024-06-15T00:15:17","date_gmt":"2024-06-15T00:15:17","guid":{"rendered":"https:\/\/meridional.org\/?page_id=252"},"modified":"2026-01-25T04:17:25","modified_gmt":"2026-01-25T04:17:25","slug":"how-we-do-it","status":"publish","type":"page","link":"https:\/\/meridional.org\/e\/how-we-do-it\/","title":{"rendered":"C\u00d3MO LO HACEMOS"},"content":{"rendered":"\n<figure class=\"wp-block-image alignwide size-full coblocks-animate\" data-coblocks-animation=\"zoomIn\"><img loading=\"lazy\" decoding=\"async\" width=\"1024\" height=\"384\" src=\"https:\/\/meridional.org\/e\/wp-content\/uploads\/sites\/8\/2025\/09\/how-we-do-it.jpg\" alt=\"\" class=\"wp-image-384\" srcset=\"https:\/\/meridional.org\/e\/wp-content\/uploads\/sites\/8\/2025\/09\/how-we-do-it.jpg 1024w, https:\/\/meridional.org\/e\/wp-content\/uploads\/sites\/8\/2025\/09\/how-we-do-it-300x113.jpg 300w, https:\/\/meridional.org\/e\/wp-content\/uploads\/sites\/8\/2025\/09\/how-we-do-it-768x288.jpg 768w\" sizes=\"auto, (max-width: 1024px) 100vw, 1024px\" \/><\/figure>\n\n\n\n<div class=\"wp-block-columns is-layout-flex wp-container-core-columns-is-layout-28f84493 wp-block-columns-is-layout-flex\"><\/div>\n\n\n\n<div class=\"wp-block-columns alignwide is-layout-flex wp-container-core-columns-is-layout-28f84493 wp-block-columns-is-layout-flex\">\n<div class=\"wp-block-column is-layout-flow wp-block-column-is-layout-flow\">\n<p class=\"has-text-align-left\"><\/p>\n\n\n\n<div class=\"wp-block-columns alignwide is-layout-flex wp-container-core-columns-is-layout-28f84493 wp-block-columns-is-layout-flex\">\n<div class=\"wp-block-column is-layout-flow wp-block-column-is-layout-flow\" style=\"flex-basis:100%\">\n<p class=\"has-text-align-center has-custom-weight\" style=\"font-weight:bold;font-size:17px\"><\/p>\n\n\n\n<div class=\"wp-block-columns is-layout-flex wp-container-core-columns-is-layout-28f84493 wp-block-columns-is-layout-flex\">\n<div class=\"wp-block-column is-layout-flow wp-block-column-is-layout-flow\">\n<p class=\"has-text-align-center has-contrast-3-color has-text-color has-link-color has-oswald-font-family has-custom-font wp-elements-166b8eb51a38dfac9dc44bc139d3c163\" style=\"font-family:Oswald;font-size:50px\"><strong>C\u00d3MO LO HACEMOS<\/strong><\/p>\n<\/div>\n\n\n\n<div class=\"wp-block-column is-layout-flow wp-block-column-is-layout-flow\"><\/div>\n<\/div>\n<\/div>\n<\/div>\n\n\n\n<p class=\"has-text-align-left\">En MERIDIONAL, creemos firmemente que un sistema multilateral inclusivo y efectivo basado en la participaci\u00f3n activa de actores diversos, incluidas las organizaciones de la sociedad civil (OSC). Nuestro compromiso para reducir la brecha entre los procesos de toma de decisiones globales y las realidades locales busca garantizar que cada actor tenga las herramientas y oportunidades necesarias para contribuir de manera significativa al \u00e1mbito internacional.<\/p>\n\n\n\n<p class=\"has-text-align-left\"><\/p>\n\n\n\n<div class=\"wp-block-columns is-layout-flex wp-container-core-columns-is-layout-28f84493 wp-block-columns-is-layout-flex\">\n<div class=\"wp-block-column is-layout-flow wp-block-column-is-layout-flow\">\n<p class=\"has-text-align-center has-contrast-3-color has-text-color has-link-color has-oswald-font-family has-custom-font wp-elements-9eec46c42a15b8ee22d54058426dbc11\" style=\"font-family:Oswald;font-size:46px\"><strong>PROGRAMAS<\/strong><\/p>\n<\/div>\n\n\n\n<div class=\"wp-block-column is-layout-flow wp-block-column-is-layout-flow\" style=\"flex-basis:60%\">\n<div class=\"wp-block-columns is-layout-flex wp-container-core-columns-is-layout-28f84493 wp-block-columns-is-layout-flex\">\n<div class=\"wp-block-column is-layout-flow wp-block-column-is-layout-flow\">\n<p class=\"has-text-align-center\"><\/p>\n<\/div>\n<\/div>\n<\/div>\n<\/div>\n\n\n\n<p class=\"has-text-align-center\" style=\"font-size:27px\"><mark style=\"background-color:rgba(0, 0, 0, 0);color:#5d7736\" class=\"has-inline-color\"><strong>Descubre nuestros programas y c\u00f3mo MERIDIONAL materializa este compromiso:<\/strong><\/mark><\/p>\n\n\n\n<p class=\"has-text-align-center\"><\/p>\n\n\n\n<div class=\"wp-block-columns is-layout-flex wp-container-core-columns-is-layout-28f84493 wp-block-columns-is-layout-flex\">\n<div class=\"wp-block-column is-layout-flow wp-block-column-is-layout-flow\">\n<p class=\"has-text-align-center has-contrast-3-color has-text-color has-link-color has-oswald-font-family has-custom-font wp-elements-96041966a13653965d686a8b54e3f30c\" style=\"font-family:Oswald;font-size:37px\"><strong>LA ANTESALA (CHAMBER)<\/strong><\/p>\n<\/div>\n\n\n\n<div class=\"wp-block-column is-layout-flow wp-block-column-is-layout-flow\" style=\"flex-basis:60%\">\n<div class=\"wp-block-columns is-layout-flex wp-container-core-columns-is-layout-28f84493 wp-block-columns-is-layout-flex\">\n<div class=\"wp-block-column is-layout-flow wp-block-column-is-layout-flow\">\n<p class=\"has-text-align-left\">Este programa apoya a las comunidades de expertos tem\u00e1ticos y representantes de las Misiones Permanentes, especialmente aquellos provenientes del Sur Global, para fortalecer su participaci\u00f3n en la diplomacia multilateral y las negociaciones en la Ginebra International. M\u00e1s all\u00e1 del asesoramiento t\u00e9cnico, La Sala es una plataforma de aprendizaje y empoderamiento que permite a los representantes diplom\u00e1ticos contribuir de manera m\u00e1s efectiva a las prioridades nacionales, mientras fomenta una colaboraci\u00f3n internacional constructiva.<\/p>\n\n\n\n<p><mark style=\"background-color:rgba(0, 0, 0, 0);color:#5d7736\" class=\"has-inline-color\"><strong>PROYECTOS:<\/strong><\/mark><\/p>\n\n\n\n<p>\u25cf <mark style=\"background-color:rgba(0, 0, 0, 0);color:#5d7736\" class=\"has-inline-color\"><strong>El \u201cBureau Diplomatique\u201d<\/strong><\/mark><\/p>\n\n\n\n<p>Este proyecto apoya a los representantes diplom\u00e1ticos en tareas cotidianas como la redacci\u00f3n de declaraciones, la producci\u00f3n de informes, el an\u00e1lisis de pol\u00edticas y la revisi\u00f3n de documentos, con el fin de reforzar su participaci\u00f3n sostenible en los foros multilaterales.<\/p>\n\n\n\n<p>\u25cf <mark style=\"background-color:rgba(0, 0, 0, 0);color:#5d7736\" class=\"has-inline-color\"><strong>La \u201cR\u00e9seau Diplomatique\u201d<\/strong><\/mark><\/p>\n\n\n\n<p>Este proyecto facilita oportunidades de generaci\u00f3n de redes, tanto formales como informales, as\u00ed como el desarrollo de sinergias (mediante mesas redondas, seminarios en l\u00ednea y talleres) para fomentar el intercambio de conocimientos, la adquisici\u00f3n de habilidades y la creaci\u00f3n de asociaciones estrat\u00e9gicas. Esta iniciativa fortalece la capacidad de los expertos para involucrarse en los procesos multilaterales y defender los temas globales relacionados con su experiencia.<\/p>\n<\/div>\n<\/div>\n<\/div>\n<\/div>\n\n\n\n<div class=\"wp-block-columns is-layout-flex wp-container-core-columns-is-layout-28f84493 wp-block-columns-is-layout-flex\">\n<div class=\"wp-block-column is-layout-flow wp-block-column-is-layout-flow\">\n<p class=\"has-text-align-center has-contrast-3-color has-text-color has-link-color has-oswald-font-family has-custom-font wp-elements-0602e6205cd6fd3a32d13ac57940e611\" style=\"font-family:Oswald;font-size:37px\"><strong>EL LOBBY<\/strong><\/p>\n<\/div>\n\n\n\n<div class=\"wp-block-column is-layout-flow wp-block-column-is-layout-flow\" style=\"flex-basis:60%\">\n<div class=\"wp-block-columns is-layout-flex wp-container-core-columns-is-layout-28f84493 wp-block-columns-is-layout-flex\">\n<div class=\"wp-block-column is-layout-flow wp-block-column-is-layout-flow\">\n<p>MERIDIONAL reconoce la importancia del cabildeo de la sociedad civil, basado en los m\u00e1s altos principios internacionales, en particular la Carta de las Naciones Unidas y la Declaraci\u00f3n Universal de los Derechos Humanos, para influir en la formulaci\u00f3n de pol\u00edticas y acciones inclusivas.<\/p>\n\n\n\n<p>Bajo el principio de inclusi\u00f3n, este programa promueve el cabildeo como una herramienta esencial para garantizar la presencia y el compromiso de la sociedad civil en la Ginebra Internacional.<\/p>\n\n\n\n<p>Su objetivo principal es fortalecer las capacidades de una amplia gama de organizaciones no gubernamentales, especialmente aquellas provenientes del Sur Global y comunidades vulnerables y marginadas.<\/p>\n\n\n\n<p><br><strong><mark style=\"background-color:rgba(0, 0, 0, 0);color:#5d7736\" class=\"has-inline-color\">PROYECTOS:<\/mark><\/strong><\/p>\n\n\n\n<p>\u25cf <strong><mark style=\"background-color:rgba(0, 0, 0, 0);color:#5d7736\" class=\"has-inline-color\">Fortalecimiento de capacidades de cabildeo<\/mark><\/strong><\/p>\n\n\n\n<p>Este proyecto tiene como objetivo apoyar la creaci\u00f3n o consolidaci\u00f3n de estructuras institucionales, como departamentos, estrategias operacionales, el desarrollo de habilidades del personal y el fortalecimiento de las capacidades de cabildeo de las organizaciones a nivel nacional e internacional. Se presta especial atenci\u00f3n a la integraci\u00f3n org\u00e1nica del cabildeo con la formulaci\u00f3n de pol\u00edticas, la comunicaci\u00f3n y las relaciones p\u00fablicas.<\/p>\n\n\n\n<p>\u25cf <strong><mark style=\"background-color:rgba(0, 0, 0, 0);color:#5d7736\" class=\"has-inline-color\">La nueva generaci\u00f3n de profesionales del cabildeo<\/mark><\/strong><\/p>\n\n\n\n<p>En colaboraci\u00f3n con instituciones educativas y acad\u00e9micas, esta iniciativa sensibiliza a los estudiantes de pregrado sobre la importancia del cabildeo. Ofrece formaciones introductorias para ayudarlos a tomar decisiones profesionales informadas y explorar carreras en la investigaci\u00f3n sobre cabildeo o en el sector de la sociedad civil.<\/p>\n\n\n\n<p>\u25cf <strong><mark style=\"background-color:rgba(0, 0, 0, 0);color:#5d7736\" class=\"has-inline-color\">Red para la defensa y promoci\u00f3n del cabildeo (advocacy)<\/mark><\/strong><\/p>\n\n\n\n<p>Esta red colaborativa asegura que el cabildeo siga siendo un mecanismo eficaz que permita a la sociedad civil expresar sus opiniones. Fomenta una reflexi\u00f3n colectiva sobre las normas \u00e9ticas, la efectividad y la calidad de las pr\u00e1cticas de cabildeo, as\u00ed como sobre el financiamiento y el espacio c\u00edvico.<\/p>\n\n\n\n<p>\u25cf <strong><mark style=\"background-color:rgba(0, 0, 0, 0);color:#5d7736\" class=\"has-inline-color\">Observatorio del Cabildeo<\/mark><\/strong><\/p>\n\n\n\n<p>El Observatorio ofrece una visi\u00f3n general de las partes interesadas, beneficiarios, promotores y donantes involucrados en el cabildeo. Sirve como una plataforma de investigaci\u00f3n y base de datos, recopilando y analizando tendencias, estrategias y necesidades en materia de cabildeo. Publica informes para aumentar el impacto de las iniciativas de cabildeo proporcionando an\u00e1lisis basados en evidencia y facilitando la toma de decisiones informadas.<\/p>\n<\/div>\n<\/div>\n<\/div>\n<\/div>\n\n\n\n<div class=\"wp-block-columns is-layout-flex wp-container-core-columns-is-layout-28f84493 wp-block-columns-is-layout-flex\">\n<div class=\"wp-block-column is-layout-flow wp-block-column-is-layout-flow\">\n<p class=\"has-text-align-center has-contrast-3-color has-text-color has-link-color has-oswald-font-family has-custom-font wp-elements-982915a5e1c783536feee21591e05f2d\" style=\"font-family:Oswald;font-size:37px\"><strong>EL SOCIETY HUB<\/strong><\/p>\n<\/div>\n\n\n\n<div class=\"wp-block-column is-layout-flow wp-block-column-is-layout-flow\" style=\"flex-basis:60%\">\n<div class=\"wp-block-columns is-layout-flex wp-container-core-columns-is-layout-28f84493 wp-block-columns-is-layout-flex\">\n<div class=\"wp-block-column is-layout-flow wp-block-column-is-layout-flow\">\n<p>Este programa apoya a las organizaciones no gubernamentales (ONG) en su desarrollo institucional, ayud\u00e1ndolas a establecer o fortalecer su presencia en la Ginebra Internacional mediante servicios de consultor\u00eda especializados, apoyo t\u00e9cnico y oportunidades de fortalecimiento de capacidades.<\/p>\n\n\n\n<p>Refuerza la capacidad de las ONGs para involucrarse en el cabildeo, la investigaci\u00f3n y la formulaci\u00f3n de pol\u00edticas dentro del sistema multilateral, mientras fomenta sinergias y cooperaci\u00f3n entre ellas y consolida sus v\u00ednculos con las partes interesadas.<\/p>\n\n\n\n<p><strong><mark style=\"background-color:rgba(0, 0, 0, 0);color:#5d7736\" class=\"has-inline-color\">PROYECTOS:<\/mark><\/strong><\/p>\n\n\n\n<p>\u25cf <strong><mark style=\"background-color:rgba(0, 0, 0, 0);color:#5d7736\" class=\"has-inline-color\">Proyecto de fortalecimiento de capacidades organizacionales<\/mark><\/strong><\/p>\n\n\n\n<p>Este proyecto ofrece formaci\u00f3n para ayudar a las ONGs a desarrollar iniciativas que fortalezcan sus sistemas internos, gobernanza y capacidad operativa.<\/p>\n\n\n\n<p>Se enfoca en:<\/p>\n\n\n\n<p>\u25cf <strong>Relaciones con los donantes y movilizaci\u00f3n de recursos:<\/strong> Mejora de las estrategias de recaudaci\u00f3n de fondos, fortalecimiento del compromiso de los donantes y garant\u00eda de la sostenibilidad financiera mediante la redacci\u00f3n efectiva de propuestas y una gesti\u00f3n proactiva de relaciones.<\/p>\n\n\n\n<p>\u25cf <strong>Gobernanza:<\/strong> Refuerzo de las estructuras internas, los procesos de toma de decisiones y los mecanismos de rendici\u00f3n de cuentas para garantizar transparencia y eficacia.<\/p>\n\n\n\n<p>\u25cf <strong>Planificaci\u00f3n:<\/strong> Apoyo a la planificaci\u00f3n estrat\u00e9gica y operativa para alinear los objetivos organizacionales con enfoques de impacto y orientados a resultados.<\/p>\n\n\n\n<p>\u25cf <strong>Redes, sinergias y asociaciones:<\/strong> Facilitaci\u00f3n de conexiones estrat\u00e9gicas con las partes interesadas, fomento de la colaboraci\u00f3n y promoci\u00f3n de acciones colectivas para maximizar el impacto.<\/p>\n<\/div>\n<\/div>\n<\/div>\n<\/div>\n\n\n\n<p class=\"has-text-align-center\"><\/p>\n<\/div>\n<\/div>\n","protected":false},"excerpt":{"rendered":"<p>C\u00d3MO LO HACEMOS En MERIDIONAL, creemos firmemente que un sistema multilateral inclusivo y efectivo basado en la participaci\u00f3n activa de actores diversos, incluidas las organizaciones de la sociedad civil (OSC). Nuestro compromiso para reducir la brecha entre los procesos de toma de decisiones globales y las realidades locales busca garantizar que cada actor tenga las [&hellip;]<\/p>\n","protected":false},"author":2,"featured_media":0,"parent":0,"menu_order":0,"comment_status":"closed","ping_status":"closed","template":"page-no-title","meta":{"_editorskit_title_hidden":true,"_editorskit_reading_time":0,"_editorskit_is_block_options_detached":false,"_editorskit_block_options_position":"{}","_coblocks_attr":"Montserrat,Oswald","_coblocks_dimensions":"","_coblocks_responsive_height":"","_coblocks_accordion_ie_support":"","footnotes":""},"class_list":["post-252","page","type-page","status-publish","hentry"],"yoast_head":"<!-- This site is optimized with the Yoast SEO plugin v27.5 - https:\/\/yoast.com\/product\/yoast-seo-wordpress\/ -->\n<title>C\u00d3MO LO HACEMOS - MERIDIONAL<\/title>\n<meta name=\"description\" content=\"La Sala ha sido dise\u00f1ada para apoyar a los puntos focales de las misiones permanentes en la Ginebra Internacional, as\u00ed como a los gobiernos sin representaci\u00f3n en este centro multilateral o aquellos que enfrentan dificultades para participar en procesos clave.\" \/>\n<meta name=\"robots\" content=\"index, follow, max-snippet:-1, max-image-preview:large, max-video-preview:-1\" \/>\n<link rel=\"canonical\" href=\"https:\/\/meridional.org\/e\/how-we-do-it\/\" \/>\n<meta property=\"og:locale\" content=\"es_MX\" \/>\n<meta property=\"og:type\" content=\"article\" \/>\n<meta property=\"og:title\" content=\"C\u00d3MO LO HACEMOS - MERIDIONAL\" \/>\n<meta property=\"og:description\" content=\"La Sala ha sido dise\u00f1ada para apoyar a los puntos focales de las misiones permanentes en la Ginebra Internacional, as\u00ed como a los gobiernos sin representaci\u00f3n en este centro multilateral o aquellos que enfrentan dificultades para participar en procesos clave.\" \/>\n<meta property=\"og:url\" content=\"https:\/\/meridional.org\/e\/how-we-do-it\/\" \/>\n<meta property=\"og:site_name\" content=\"MERIDIONAL\" \/>\n<meta property=\"article:modified_time\" content=\"2026-01-25T04:17:25+00:00\" \/>\n<meta property=\"og:image\" content=\"https:\/\/meridional.org\/e\/wp-content\/uploads\/sites\/8\/2025\/09\/how-we-do-it.jpg\" \/>\n\t<meta property=\"og:image:width\" content=\"1024\" \/>\n\t<meta property=\"og:image:height\" content=\"384\" \/>\n\t<meta property=\"og:image:type\" content=\"image\/jpeg\" \/>\n<meta name=\"twitter:card\" content=\"summary_large_image\" \/>\n<meta name=\"twitter:label1\" content=\"Tiempo de lectura\" \/>\n\t<meta name=\"twitter:data1\" content=\"5 minutos\" \/>\n<script type=\"application\/ld+json\" class=\"yoast-schema-graph\">{\"@context\":\"https:\\\/\\\/schema.org\",\"@graph\":[{\"@type\":\"WebPage\",\"@id\":\"https:\\\/\\\/meridional.org\\\/e\\\/how-we-do-it\\\/\",\"url\":\"https:\\\/\\\/meridional.org\\\/e\\\/how-we-do-it\\\/\",\"name\":\"C\u00d3MO LO HACEMOS - MERIDIONAL\",\"isPartOf\":{\"@id\":\"https:\\\/\\\/meridional.org\\\/e\\\/#website\"},\"primaryImageOfPage\":{\"@id\":\"https:\\\/\\\/meridional.org\\\/e\\\/how-we-do-it\\\/#primaryimage\"},\"image\":{\"@id\":\"https:\\\/\\\/meridional.org\\\/e\\\/how-we-do-it\\\/#primaryimage\"},\"thumbnailUrl\":\"https:\\\/\\\/meridional.org\\\/e\\\/wp-content\\\/uploads\\\/sites\\\/8\\\/2025\\\/09\\\/how-we-do-it.jpg\",\"datePublished\":\"2024-06-15T00:15:17+00:00\",\"dateModified\":\"2026-01-25T04:17:25+00:00\",\"description\":\"La Sala ha sido dise\u00f1ada para apoyar a los puntos focales de las misiones permanentes en la Ginebra Internacional, as\u00ed como a los gobiernos sin representaci\u00f3n en este centro multilateral o aquellos que enfrentan dificultades para participar en procesos clave.\",\"breadcrumb\":{\"@id\":\"https:\\\/\\\/meridional.org\\\/e\\\/how-we-do-it\\\/#breadcrumb\"},\"inLanguage\":\"es\",\"potentialAction\":[{\"@type\":\"ReadAction\",\"target\":[\"https:\\\/\\\/meridional.org\\\/e\\\/how-we-do-it\\\/\"]}]},{\"@type\":\"ImageObject\",\"inLanguage\":\"es\",\"@id\":\"https:\\\/\\\/meridional.org\\\/e\\\/how-we-do-it\\\/#primaryimage\",\"url\":\"https:\\\/\\\/meridional.org\\\/e\\\/wp-content\\\/uploads\\\/sites\\\/8\\\/2025\\\/09\\\/how-we-do-it.jpg\",\"contentUrl\":\"https:\\\/\\\/meridional.org\\\/e\\\/wp-content\\\/uploads\\\/sites\\\/8\\\/2025\\\/09\\\/how-we-do-it.jpg\",\"width\":1024,\"height\":384},{\"@type\":\"BreadcrumbList\",\"@id\":\"https:\\\/\\\/meridional.org\\\/e\\\/how-we-do-it\\\/#breadcrumb\",\"itemListElement\":[{\"@type\":\"ListItem\",\"position\":1,\"name\":\"Home\",\"item\":\"https:\\\/\\\/meridional.org\\\/e\\\/\"},{\"@type\":\"ListItem\",\"position\":2,\"name\":\"C\u00d3MO LO HACEMOS\"}]},{\"@type\":\"WebSite\",\"@id\":\"https:\\\/\\\/meridional.org\\\/e\\\/#website\",\"url\":\"https:\\\/\\\/meridional.org\\\/e\\\/\",\"name\":\"MERIDIONAL\",\"description\":\"\",\"publisher\":{\"@id\":\"https:\\\/\\\/meridional.org\\\/e\\\/#organization\"},\"potentialAction\":[{\"@type\":\"SearchAction\",\"target\":{\"@type\":\"EntryPoint\",\"urlTemplate\":\"https:\\\/\\\/meridional.org\\\/e\\\/?s={search_term_string}\"},\"query-input\":{\"@type\":\"PropertyValueSpecification\",\"valueRequired\":true,\"valueName\":\"search_term_string\"}}],\"inLanguage\":\"es\"},{\"@type\":\"Organization\",\"@id\":\"https:\\\/\\\/meridional.org\\\/e\\\/#organization\",\"name\":\"MERIDIONAL\",\"url\":\"https:\\\/\\\/meridional.org\\\/e\\\/\",\"logo\":{\"@type\":\"ImageObject\",\"inLanguage\":\"es\",\"@id\":\"https:\\\/\\\/meridional.org\\\/e\\\/#\\\/schema\\\/logo\\\/image\\\/\",\"url\":\"https:\\\/\\\/meridional.org\\\/e\\\/wp-content\\\/uploads\\\/sites\\\/8\\\/2024\\\/03\\\/MERIDIONAL-LOGO-HOME-01.png\",\"contentUrl\":\"https:\\\/\\\/meridional.org\\\/e\\\/wp-content\\\/uploads\\\/sites\\\/8\\\/2024\\\/03\\\/MERIDIONAL-LOGO-HOME-01.png\",\"width\":286,\"height\":279,\"caption\":\"MERIDIONAL\"},\"image\":{\"@id\":\"https:\\\/\\\/meridional.org\\\/e\\\/#\\\/schema\\\/logo\\\/image\\\/\"}}]}<\/script>\n<!-- \/ Yoast SEO plugin. -->","yoast_head_json":{"title":"C\u00d3MO LO HACEMOS - MERIDIONAL","description":"La Sala ha sido dise\u00f1ada para apoyar a los puntos focales de las misiones permanentes en la Ginebra Internacional, as\u00ed como a los gobiernos sin representaci\u00f3n en este centro multilateral o aquellos que enfrentan dificultades para participar en procesos clave.","robots":{"index":"index","follow":"follow","max-snippet":"max-snippet:-1","max-image-preview":"max-image-preview:large","max-video-preview":"max-video-preview:-1"},"canonical":"https:\/\/meridional.org\/e\/how-we-do-it\/","og_locale":"es_MX","og_type":"article","og_title":"C\u00d3MO LO HACEMOS - MERIDIONAL","og_description":"La Sala ha sido dise\u00f1ada para apoyar a los puntos focales de las misiones permanentes en la Ginebra Internacional, as\u00ed como a los gobiernos sin representaci\u00f3n en este centro multilateral o aquellos que enfrentan dificultades para participar en procesos clave.","og_url":"https:\/\/meridional.org\/e\/how-we-do-it\/","og_site_name":"MERIDIONAL","article_modified_time":"2026-01-25T04:17:25+00:00","og_image":[{"width":1024,"height":384,"url":"https:\/\/meridional.org\/e\/wp-content\/uploads\/sites\/8\/2025\/09\/how-we-do-it.jpg","type":"image\/jpeg"}],"twitter_card":"summary_large_image","twitter_misc":{"Tiempo de lectura":"5 minutos"},"schema":{"@context":"https:\/\/schema.org","@graph":[{"@type":"WebPage","@id":"https:\/\/meridional.org\/e\/how-we-do-it\/","url":"https:\/\/meridional.org\/e\/how-we-do-it\/","name":"C\u00d3MO LO HACEMOS - MERIDIONAL","isPartOf":{"@id":"https:\/\/meridional.org\/e\/#website"},"primaryImageOfPage":{"@id":"https:\/\/meridional.org\/e\/how-we-do-it\/#primaryimage"},"image":{"@id":"https:\/\/meridional.org\/e\/how-we-do-it\/#primaryimage"},"thumbnailUrl":"https:\/\/meridional.org\/e\/wp-content\/uploads\/sites\/8\/2025\/09\/how-we-do-it.jpg","datePublished":"2024-06-15T00:15:17+00:00","dateModified":"2026-01-25T04:17:25+00:00","description":"La Sala ha sido dise\u00f1ada para apoyar a los puntos focales de las misiones permanentes en la Ginebra Internacional, as\u00ed como a los gobiernos sin representaci\u00f3n en este centro multilateral o aquellos que enfrentan dificultades para participar en procesos clave.","breadcrumb":{"@id":"https:\/\/meridional.org\/e\/how-we-do-it\/#breadcrumb"},"inLanguage":"es","potentialAction":[{"@type":"ReadAction","target":["https:\/\/meridional.org\/e\/how-we-do-it\/"]}]},{"@type":"ImageObject","inLanguage":"es","@id":"https:\/\/meridional.org\/e\/how-we-do-it\/#primaryimage","url":"https:\/\/meridional.org\/e\/wp-content\/uploads\/sites\/8\/2025\/09\/how-we-do-it.jpg","contentUrl":"https:\/\/meridional.org\/e\/wp-content\/uploads\/sites\/8\/2025\/09\/how-we-do-it.jpg","width":1024,"height":384},{"@type":"BreadcrumbList","@id":"https:\/\/meridional.org\/e\/how-we-do-it\/#breadcrumb","itemListElement":[{"@type":"ListItem","position":1,"name":"Home","item":"https:\/\/meridional.org\/e\/"},{"@type":"ListItem","position":2,"name":"C\u00d3MO LO HACEMOS"}]},{"@type":"WebSite","@id":"https:\/\/meridional.org\/e\/#website","url":"https:\/\/meridional.org\/e\/","name":"MERIDIONAL","description":"","publisher":{"@id":"https:\/\/meridional.org\/e\/#organization"},"potentialAction":[{"@type":"SearchAction","target":{"@type":"EntryPoint","urlTemplate":"https:\/\/meridional.org\/e\/?s={search_term_string}"},"query-input":{"@type":"PropertyValueSpecification","valueRequired":true,"valueName":"search_term_string"}}],"inLanguage":"es"},{"@type":"Organization","@id":"https:\/\/meridional.org\/e\/#organization","name":"MERIDIONAL","url":"https:\/\/meridional.org\/e\/","logo":{"@type":"ImageObject","inLanguage":"es","@id":"https:\/\/meridional.org\/e\/#\/schema\/logo\/image\/","url":"https:\/\/meridional.org\/e\/wp-content\/uploads\/sites\/8\/2024\/03\/MERIDIONAL-LOGO-HOME-01.png","contentUrl":"https:\/\/meridional.org\/e\/wp-content\/uploads\/sites\/8\/2024\/03\/MERIDIONAL-LOGO-HOME-01.png","width":286,"height":279,"caption":"MERIDIONAL"},"image":{"@id":"https:\/\/meridional.org\/e\/#\/schema\/logo\/image\/"}}]}},"_links":{"self":[{"href":"https:\/\/meridional.org\/e\/wp-json\/wp\/v2\/pages\/252","targetHints":{"allow":["GET"]}}],"collection":[{"href":"https:\/\/meridional.org\/e\/wp-json\/wp\/v2\/pages"}],"about":[{"href":"https:\/\/meridional.org\/e\/wp-json\/wp\/v2\/types\/page"}],"author":[{"embeddable":true,"href":"https:\/\/meridional.org\/e\/wp-json\/wp\/v2\/users\/2"}],"replies":[{"embeddable":true,"href":"https:\/\/meridional.org\/e\/wp-json\/wp\/v2\/comments?post=252"}],"version-history":[{"count":8,"href":"https:\/\/meridional.org\/e\/wp-json\/wp\/v2\/pages\/252\/revisions"}],"predecessor-version":[{"id":386,"href":"https:\/\/meridional.org\/e\/wp-json\/wp\/v2\/pages\/252\/revisions\/386"}],"wp:attachment":[{"href":"https:\/\/meridional.org\/e\/wp-json\/wp\/v2\/media?parent=252"}],"curies":[{"name":"wp","href":"https:\/\/api.w.org\/{rel}","templated":true}]}}