{"id":98,"date":"2024-03-03T20:12:23","date_gmt":"2024-03-03T20:12:23","guid":{"rendered":"https:\/\/meridional.org\/?page_id=98"},"modified":"2026-01-25T04:03:35","modified_gmt":"2026-01-25T04:03:35","slug":"areas-of-work","status":"publish","type":"page","link":"https:\/\/meridional.org\/e\/areas-of-work\/","title":{"rendered":"\u00c1REAS DE TRABAJO"},"content":{"rendered":"\n<figure class=\"wp-block-image alignwide size-full coblocks-animate\" data-coblocks-animation=\"zoomIn\"><img loading=\"lazy\" decoding=\"async\" width=\"1024\" height=\"384\" src=\"https:\/\/meridional.org\/e\/wp-content\/uploads\/sites\/8\/2025\/09\/what-we-do.jpg\" alt=\"\" class=\"wp-image-376\" srcset=\"https:\/\/meridional.org\/e\/wp-content\/uploads\/sites\/8\/2025\/09\/what-we-do.jpg 1024w, https:\/\/meridional.org\/e\/wp-content\/uploads\/sites\/8\/2025\/09\/what-we-do-300x113.jpg 300w, https:\/\/meridional.org\/e\/wp-content\/uploads\/sites\/8\/2025\/09\/what-we-do-768x288.jpg 768w\" sizes=\"auto, (max-width: 1024px) 100vw, 1024px\" \/><\/figure>\n\n\n\n<div class=\"wp-block-columns alignwide is-layout-flex wp-container-core-columns-is-layout-28f84493 wp-block-columns-is-layout-flex\">\n<div class=\"wp-block-column is-layout-flow wp-block-column-is-layout-flow\">\n<div class=\"wp-block-columns alignwide is-layout-flex wp-container-core-columns-is-layout-28f84493 wp-block-columns-is-layout-flex\">\n<div class=\"wp-block-column is-layout-flow wp-block-column-is-layout-flow\" style=\"flex-basis:100%\">\n<p class=\"has-text-align-center has-custom-weight\" style=\"font-weight:bold;font-size:17px\"><\/p>\n\n\n\n<div class=\"wp-block-columns is-layout-flex wp-container-core-columns-is-layout-28f84493 wp-block-columns-is-layout-flex\">\n<div class=\"wp-block-column is-layout-flow wp-block-column-is-layout-flow\">\n<p class=\"has-text-align-center has-contrast-3-color has-text-color has-link-color has-oswald-font-family has-custom-font wp-elements-934fead921de28af38fae75ed7a65ec1\" style=\"font-family:Oswald;font-size:50px\"><strong>QU\u00c9 HACEMOS<\/strong><\/p>\n<\/div>\n\n\n\n<div class=\"wp-block-column is-layout-flow wp-block-column-is-layout-flow\"><\/div>\n<\/div>\n<\/div>\n<\/div>\n\n\n\n<div class=\"wp-block-columns alignwide is-layout-flex wp-container-core-columns-is-layout-28f84493 wp-block-columns-is-layout-flex\">\n<div class=\"wp-block-column is-layout-flow wp-block-column-is-layout-flow\" style=\"flex-basis:100%\">\n<p class=\"has-text-align-center has-custom-weight\" style=\"font-weight:bold;font-size:17px\"><\/p>\n\n\n\n<div class=\"wp-block-columns is-layout-flex wp-container-core-columns-is-layout-28f84493 wp-block-columns-is-layout-flex\">\n<div class=\"wp-block-column is-layout-flow wp-block-column-is-layout-flow\">\n<p class=\"has-text-align-center has-contrast-3-color has-text-color has-link-color has-oswald-font-family has-custom-font wp-elements-1694b7e8e8eeb488d40e16f676f41aae\" style=\"font-family:Oswald;font-size:37px\"><\/p>\n<\/div>\n\n\n\n<div class=\"wp-block-column is-layout-flow wp-block-column-is-layout-flow\" style=\"flex-basis:60%\">\n<p>MERIDIONAL contribuye a adelantar la implementaci\u00f3n efectiva de compromisos multilaterales humanitarios, en relaci\u00f3n con el desarrollo sostenible y de los derechos humanos, entre otros.<\/p>\n\n\n\n<p>Esto se logra a trav\u00e9s del apoyo t\u00e9cnico y la asesor\u00eda personalizada, y programas de desarrollo de capacidades brindadas a las organizaciones de la sociedad civil y a las Misiones Permanentes en Ginebra.<\/p>\n\n\n\n<p>Nuestro trabajo va m\u00e1s all\u00e1 del apoyo directo puesto que tambi\u00e9n participamos activamente en iniciativas de incidencia conjunta dentro de las instituciones multilaterales de la Ginebra Internacional, fomentando la colaboraci\u00f3n entre gobiernos, actores intergubernamentales y no gubernamentales.<\/p>\n<\/div>\n<\/div>\n<\/div>\n<\/div>\n\n\n\n<div class=\"wp-block-columns alignwide is-layout-flex wp-container-core-columns-is-layout-28f84493 wp-block-columns-is-layout-flex\">\n<div class=\"wp-block-column is-layout-flow wp-block-column-is-layout-flow\" style=\"flex-basis:100%\">\n<p class=\"has-text-align-center has-custom-weight\" style=\"font-weight:bold;font-size:17px\"><\/p>\n\n\n\n<div class=\"wp-block-columns is-layout-flex wp-container-core-columns-is-layout-28f84493 wp-block-columns-is-layout-flex\">\n<div class=\"wp-block-column is-layout-flow wp-block-column-is-layout-flow\">\n<p class=\"has-text-align-center has-contrast-3-color has-text-color has-link-color has-oswald-font-family has-custom-font wp-elements-34100b18ea9f0388425e8724d1d750a7\" style=\"font-family:Oswald;font-size:37px\"><strong>\u00c1REAS DE TRABAJO<\/strong><\/p>\n<\/div>\n\n\n\n<div class=\"wp-block-column is-layout-flow wp-block-column-is-layout-flow\" style=\"flex-basis:60%\">\n<div class=\"wp-block-columns is-layout-flex wp-container-core-columns-is-layout-28f84493 wp-block-columns-is-layout-flex\">\n<div class=\"wp-block-column is-layout-flow wp-block-column-is-layout-flow\">\n<p class=\"has-text-align-center\"><mark style=\"background-color:rgba(0, 0, 0, 0);color:#5d7736\" class=\"has-inline-color\"><strong>Con las organizaciones no gubernamentales<\/strong><\/mark><\/p>\n\n\n\n<p>\u25cf Apoyo en la planificaci\u00f3n estrat\u00e9gica y operativa<br>\u25cf Desarrollo de marcos institucionales y de gobernanza<br>\u25cf Promoci\u00f3n de los compromisos existentes en equidad, diversidad e inclusi\u00f3n, tal como se adoptan en el multilateralismo y el derecho internacional<br>\u25cf Fortalecimiento de capacidades en cabildeo<\/p>\n<\/div>\n\n\n\n<div class=\"wp-block-column is-layout-flow wp-block-column-is-layout-flow\">\n<p class=\"has-text-align-center\"><strong><mark style=\"background-color:rgba(0, 0, 0, 0);color:#5d7736\" class=\"has-inline-color\">Con los gobiernos<\/mark><\/strong><\/p>\n\n\n\n<p>\u25cf Provisi\u00f3n de apoyo t\u00e9cnico y asesor\u00eda a las Misiones Permanentes en Ginebra.<\/p>\n<\/div>\n<\/div>\n<\/div>\n<\/div>\n\n\n\n<div class=\"wp-block-columns is-layout-flex wp-container-core-columns-is-layout-28f84493 wp-block-columns-is-layout-flex\">\n<div class=\"wp-block-column is-layout-flow wp-block-column-is-layout-flow\">\n<p class=\"has-text-align-center has-contrast-3-color has-text-color has-link-color has-oswald-font-family has-custom-font wp-elements-1694b7e8e8eeb488d40e16f676f41aae\" style=\"font-family:Oswald;font-size:37px\"><\/p>\n<\/div>\n\n\n\n<div class=\"wp-block-column is-layout-flow wp-block-column-is-layout-flow\" style=\"flex-basis:60%\">\n<div class=\"wp-block-columns is-layout-flex wp-container-core-columns-is-layout-28f84493 wp-block-columns-is-layout-flex\">\n<div class=\"wp-block-column is-layout-flow wp-block-column-is-layout-flow\">\n<p class=\"has-text-align-center\"><mark style=\"background-color:rgba(0, 0, 0, 0);color:#5d7736\" class=\"has-inline-color\"><strong>Con los gobiernos, organizaciones intergubernamentales, sociedad civil y representantes del sector privado<\/strong><\/mark><\/p>\n\n\n\n<p>\u25cf Colaboraci\u00f3n en el desarrollo y participaci\u00f3n de actividades conjuntas en Ginebra para mejorar la visibilidad y proporcionar an\u00e1lisis sobre temas emergentes, as\u00ed como facilitar la implementaci\u00f3n de compromisos existentes en la diplomacia multilateral.<br>\u25cf Sensibilizaci\u00f3n y orientaci\u00f3n sobre la importancia de la promoci\u00f3n del cabildeo de la sociedad civil a trav\u00e9s de actividades de incidencia de bajo perfil.<\/p>\n<\/div>\n\n\n\n<div class=\"wp-block-column is-layout-flow wp-block-column-is-layout-flow\">\n<p class=\"has-text-align-center\"><strong><mark style=\"background-color:rgba(0, 0, 0, 0);color:#5d7736\" class=\"has-inline-color\">Con la comunidad acad\u00e9mica<\/mark><\/strong><\/p>\n\n\n\n<p>\u25cf Colaboraci\u00f3n con instituciones acad\u00e9micas para involucrar a estudiantes universitarios en las actividades de MERIDIONAL a trav\u00e9s de oportunidades de pasant\u00edas.<br>\u25cf Proporcionar presentaciones y facilitar conversatorios sobre incidencia dentro del espacio multilateral.<\/p>\n<\/div>\n<\/div>\n<\/div>\n<\/div>\n<\/div>\n<\/div>\n<\/div>\n<\/div>\n\n\n\n<div class=\"wp-block-columns alignwide is-layout-flex wp-container-core-columns-is-layout-28f84493 wp-block-columns-is-layout-flex\"><\/div>\n","protected":false},"excerpt":{"rendered":"<p>QU\u00c9 HACEMOS MERIDIONAL contribuye a adelantar la implementaci\u00f3n efectiva de compromisos multilaterales humanitarios, en relaci\u00f3n con el desarrollo sostenible y de los derechos humanos, entre otros. Esto se logra a trav\u00e9s del apoyo t\u00e9cnico y la asesor\u00eda personalizada, y programas de desarrollo de capacidades brindadas a las organizaciones de la sociedad civil y a las [&hellip;]<\/p>\n","protected":false},"author":2,"featured_media":0,"parent":0,"menu_order":0,"comment_status":"closed","ping_status":"closed","template":"page-no-title","meta":{"_editorskit_title_hidden":true,"_editorskit_reading_time":0,"_editorskit_is_block_options_detached":false,"_editorskit_block_options_position":"{}","_coblocks_attr":"Montserrat,Oswald","_coblocks_dimensions":"","_coblocks_responsive_height":"","_coblocks_accordion_ie_support":"","footnotes":""},"class_list":["post-98","page","type-page","status-publish","hentry"],"yoast_head":"<!-- This site is optimized with the Yoast SEO plugin v27.5 - https:\/\/yoast.com\/product\/yoast-seo-wordpress\/ -->\n<title>\u00c1REAS DE TRABAJO - MERIDIONAL<\/title>\n<meta name=\"robots\" content=\"index, follow, max-snippet:-1, max-image-preview:large, max-video-preview:-1\" \/>\n<link rel=\"canonical\" href=\"https:\/\/meridional.org\/e\/areas-of-work\/\" \/>\n<meta property=\"og:locale\" content=\"es_MX\" \/>\n<meta property=\"og:type\" content=\"article\" \/>\n<meta property=\"og:title\" content=\"\u00c1REAS DE TRABAJO - MERIDIONAL\" \/>\n<meta property=\"og:description\" content=\"QU\u00c9 HACEMOS MERIDIONAL contribuye a adelantar la implementaci\u00f3n efectiva de compromisos multilaterales humanitarios, en relaci\u00f3n con el desarrollo sostenible y de los derechos humanos, entre otros. Esto se logra a trav\u00e9s del apoyo t\u00e9cnico y la asesor\u00eda personalizada, y programas de desarrollo de capacidades brindadas a las organizaciones de la sociedad civil y a las [&hellip;]\" \/>\n<meta property=\"og:url\" content=\"https:\/\/meridional.org\/e\/areas-of-work\/\" \/>\n<meta property=\"og:site_name\" content=\"MERIDIONAL\" \/>\n<meta property=\"article:modified_time\" content=\"2026-01-25T04:03:35+00:00\" \/>\n<meta property=\"og:image\" content=\"https:\/\/meridional.org\/e\/wp-content\/uploads\/sites\/8\/2025\/09\/what-we-do.jpg\" \/>\n\t<meta property=\"og:image:width\" content=\"1024\" \/>\n\t<meta property=\"og:image:height\" content=\"384\" \/>\n\t<meta property=\"og:image:type\" content=\"image\/jpeg\" \/>\n<meta name=\"twitter:card\" content=\"summary_large_image\" \/>\n<meta name=\"twitter:label1\" content=\"Tiempo de lectura\" \/>\n\t<meta name=\"twitter:data1\" content=\"2 minutos\" \/>\n<script type=\"application\/ld+json\" class=\"yoast-schema-graph\">{\"@context\":\"https:\\\/\\\/schema.org\",\"@graph\":[{\"@type\":\"WebPage\",\"@id\":\"https:\\\/\\\/meridional.org\\\/e\\\/areas-of-work\\\/\",\"url\":\"https:\\\/\\\/meridional.org\\\/e\\\/areas-of-work\\\/\",\"name\":\"\u00c1REAS DE TRABAJO - MERIDIONAL\",\"isPartOf\":{\"@id\":\"https:\\\/\\\/meridional.org\\\/e\\\/#website\"},\"primaryImageOfPage\":{\"@id\":\"https:\\\/\\\/meridional.org\\\/e\\\/areas-of-work\\\/#primaryimage\"},\"image\":{\"@id\":\"https:\\\/\\\/meridional.org\\\/e\\\/areas-of-work\\\/#primaryimage\"},\"thumbnailUrl\":\"https:\\\/\\\/meridional.org\\\/e\\\/wp-content\\\/uploads\\\/sites\\\/8\\\/2025\\\/09\\\/what-we-do.jpg\",\"datePublished\":\"2024-03-03T20:12:23+00:00\",\"dateModified\":\"2026-01-25T04:03:35+00:00\",\"breadcrumb\":{\"@id\":\"https:\\\/\\\/meridional.org\\\/e\\\/areas-of-work\\\/#breadcrumb\"},\"inLanguage\":\"es\",\"potentialAction\":[{\"@type\":\"ReadAction\",\"target\":[\"https:\\\/\\\/meridional.org\\\/e\\\/areas-of-work\\\/\"]}]},{\"@type\":\"ImageObject\",\"inLanguage\":\"es\",\"@id\":\"https:\\\/\\\/meridional.org\\\/e\\\/areas-of-work\\\/#primaryimage\",\"url\":\"https:\\\/\\\/meridional.org\\\/e\\\/wp-content\\\/uploads\\\/sites\\\/8\\\/2025\\\/09\\\/what-we-do.jpg\",\"contentUrl\":\"https:\\\/\\\/meridional.org\\\/e\\\/wp-content\\\/uploads\\\/sites\\\/8\\\/2025\\\/09\\\/what-we-do.jpg\",\"width\":1024,\"height\":384},{\"@type\":\"BreadcrumbList\",\"@id\":\"https:\\\/\\\/meridional.org\\\/e\\\/areas-of-work\\\/#breadcrumb\",\"itemListElement\":[{\"@type\":\"ListItem\",\"position\":1,\"name\":\"Home\",\"item\":\"https:\\\/\\\/meridional.org\\\/e\\\/\"},{\"@type\":\"ListItem\",\"position\":2,\"name\":\"\u00c1REAS DE TRABAJO\"}]},{\"@type\":\"WebSite\",\"@id\":\"https:\\\/\\\/meridional.org\\\/e\\\/#website\",\"url\":\"https:\\\/\\\/meridional.org\\\/e\\\/\",\"name\":\"MERIDIONAL\",\"description\":\"\",\"publisher\":{\"@id\":\"https:\\\/\\\/meridional.org\\\/e\\\/#organization\"},\"potentialAction\":[{\"@type\":\"SearchAction\",\"target\":{\"@type\":\"EntryPoint\",\"urlTemplate\":\"https:\\\/\\\/meridional.org\\\/e\\\/?s={search_term_string}\"},\"query-input\":{\"@type\":\"PropertyValueSpecification\",\"valueRequired\":true,\"valueName\":\"search_term_string\"}}],\"inLanguage\":\"es\"},{\"@type\":\"Organization\",\"@id\":\"https:\\\/\\\/meridional.org\\\/e\\\/#organization\",\"name\":\"MERIDIONAL\",\"url\":\"https:\\\/\\\/meridional.org\\\/e\\\/\",\"logo\":{\"@type\":\"ImageObject\",\"inLanguage\":\"es\",\"@id\":\"https:\\\/\\\/meridional.org\\\/e\\\/#\\\/schema\\\/logo\\\/image\\\/\",\"url\":\"https:\\\/\\\/meridional.org\\\/e\\\/wp-content\\\/uploads\\\/sites\\\/8\\\/2024\\\/03\\\/MERIDIONAL-LOGO-HOME-01.png\",\"contentUrl\":\"https:\\\/\\\/meridional.org\\\/e\\\/wp-content\\\/uploads\\\/sites\\\/8\\\/2024\\\/03\\\/MERIDIONAL-LOGO-HOME-01.png\",\"width\":286,\"height\":279,\"caption\":\"MERIDIONAL\"},\"image\":{\"@id\":\"https:\\\/\\\/meridional.org\\\/e\\\/#\\\/schema\\\/logo\\\/image\\\/\"}}]}<\/script>\n<!-- \/ Yoast SEO plugin. -->","yoast_head_json":{"title":"\u00c1REAS DE TRABAJO - MERIDIONAL","robots":{"index":"index","follow":"follow","max-snippet":"max-snippet:-1","max-image-preview":"max-image-preview:large","max-video-preview":"max-video-preview:-1"},"canonical":"https:\/\/meridional.org\/e\/areas-of-work\/","og_locale":"es_MX","og_type":"article","og_title":"\u00c1REAS DE TRABAJO - MERIDIONAL","og_description":"QU\u00c9 HACEMOS MERIDIONAL contribuye a adelantar la implementaci\u00f3n efectiva de compromisos multilaterales humanitarios, en relaci\u00f3n con el desarrollo sostenible y de los derechos humanos, entre otros. Esto se logra a trav\u00e9s del apoyo t\u00e9cnico y la asesor\u00eda personalizada, y programas de desarrollo de capacidades brindadas a las organizaciones de la sociedad civil y a las [&hellip;]","og_url":"https:\/\/meridional.org\/e\/areas-of-work\/","og_site_name":"MERIDIONAL","article_modified_time":"2026-01-25T04:03:35+00:00","og_image":[{"width":1024,"height":384,"url":"https:\/\/meridional.org\/e\/wp-content\/uploads\/sites\/8\/2025\/09\/what-we-do.jpg","type":"image\/jpeg"}],"twitter_card":"summary_large_image","twitter_misc":{"Tiempo de lectura":"2 minutos"},"schema":{"@context":"https:\/\/schema.org","@graph":[{"@type":"WebPage","@id":"https:\/\/meridional.org\/e\/areas-of-work\/","url":"https:\/\/meridional.org\/e\/areas-of-work\/","name":"\u00c1REAS DE TRABAJO - MERIDIONAL","isPartOf":{"@id":"https:\/\/meridional.org\/e\/#website"},"primaryImageOfPage":{"@id":"https:\/\/meridional.org\/e\/areas-of-work\/#primaryimage"},"image":{"@id":"https:\/\/meridional.org\/e\/areas-of-work\/#primaryimage"},"thumbnailUrl":"https:\/\/meridional.org\/e\/wp-content\/uploads\/sites\/8\/2025\/09\/what-we-do.jpg","datePublished":"2024-03-03T20:12:23+00:00","dateModified":"2026-01-25T04:03:35+00:00","breadcrumb":{"@id":"https:\/\/meridional.org\/e\/areas-of-work\/#breadcrumb"},"inLanguage":"es","potentialAction":[{"@type":"ReadAction","target":["https:\/\/meridional.org\/e\/areas-of-work\/"]}]},{"@type":"ImageObject","inLanguage":"es","@id":"https:\/\/meridional.org\/e\/areas-of-work\/#primaryimage","url":"https:\/\/meridional.org\/e\/wp-content\/uploads\/sites\/8\/2025\/09\/what-we-do.jpg","contentUrl":"https:\/\/meridional.org\/e\/wp-content\/uploads\/sites\/8\/2025\/09\/what-we-do.jpg","width":1024,"height":384},{"@type":"BreadcrumbList","@id":"https:\/\/meridional.org\/e\/areas-of-work\/#breadcrumb","itemListElement":[{"@type":"ListItem","position":1,"name":"Home","item":"https:\/\/meridional.org\/e\/"},{"@type":"ListItem","position":2,"name":"\u00c1REAS DE TRABAJO"}]},{"@type":"WebSite","@id":"https:\/\/meridional.org\/e\/#website","url":"https:\/\/meridional.org\/e\/","name":"MERIDIONAL","description":"","publisher":{"@id":"https:\/\/meridional.org\/e\/#organization"},"potentialAction":[{"@type":"SearchAction","target":{"@type":"EntryPoint","urlTemplate":"https:\/\/meridional.org\/e\/?s={search_term_string}"},"query-input":{"@type":"PropertyValueSpecification","valueRequired":true,"valueName":"search_term_string"}}],"inLanguage":"es"},{"@type":"Organization","@id":"https:\/\/meridional.org\/e\/#organization","name":"MERIDIONAL","url":"https:\/\/meridional.org\/e\/","logo":{"@type":"ImageObject","inLanguage":"es","@id":"https:\/\/meridional.org\/e\/#\/schema\/logo\/image\/","url":"https:\/\/meridional.org\/e\/wp-content\/uploads\/sites\/8\/2024\/03\/MERIDIONAL-LOGO-HOME-01.png","contentUrl":"https:\/\/meridional.org\/e\/wp-content\/uploads\/sites\/8\/2024\/03\/MERIDIONAL-LOGO-HOME-01.png","width":286,"height":279,"caption":"MERIDIONAL"},"image":{"@id":"https:\/\/meridional.org\/e\/#\/schema\/logo\/image\/"}}]}},"_links":{"self":[{"href":"https:\/\/meridional.org\/e\/wp-json\/wp\/v2\/pages\/98","targetHints":{"allow":["GET"]}}],"collection":[{"href":"https:\/\/meridional.org\/e\/wp-json\/wp\/v2\/pages"}],"about":[{"href":"https:\/\/meridional.org\/e\/wp-json\/wp\/v2\/types\/page"}],"author":[{"embeddable":true,"href":"https:\/\/meridional.org\/e\/wp-json\/wp\/v2\/users\/2"}],"replies":[{"embeddable":true,"href":"https:\/\/meridional.org\/e\/wp-json\/wp\/v2\/comments?post=98"}],"version-history":[{"count":21,"href":"https:\/\/meridional.org\/e\/wp-json\/wp\/v2\/pages\/98\/revisions"}],"predecessor-version":[{"id":378,"href":"https:\/\/meridional.org\/e\/wp-json\/wp\/v2\/pages\/98\/revisions\/378"}],"wp:attachment":[{"href":"https:\/\/meridional.org\/e\/wp-json\/wp\/v2\/media?parent=98"}],"curies":[{"name":"wp","href":"https:\/\/api.w.org\/{rel}","templated":true}]}}