{"id":116,"date":"2024-03-03T20:51:57","date_gmt":"2024-03-03T20:51:57","guid":{"rendered":"https:\/\/meridional.org\/?page_id=116"},"modified":"2026-01-25T03:25:18","modified_gmt":"2026-01-25T03:25:18","slug":"strategic-goals","status":"publish","type":"page","link":"https:\/\/meridional.org\/f\/strategic-goals\/","title":{"rendered":"OBJECTIFS STRAT\u00c9GIQUES"},"content":{"rendered":"\n<figure class=\"wp-block-image alignwide size-full coblocks-animate\" data-coblocks-animation=\"zoomIn\"><img loading=\"lazy\" decoding=\"async\" width=\"1024\" height=\"384\" src=\"https:\/\/meridional.org\/f\/wp-content\/uploads\/sites\/7\/2025\/09\/strategic-goals.jpg\" alt=\"\" class=\"wp-image-389\" srcset=\"https:\/\/meridional.org\/f\/wp-content\/uploads\/sites\/7\/2025\/09\/strategic-goals.jpg 1024w, https:\/\/meridional.org\/f\/wp-content\/uploads\/sites\/7\/2025\/09\/strategic-goals-300x113.jpg 300w, https:\/\/meridional.org\/f\/wp-content\/uploads\/sites\/7\/2025\/09\/strategic-goals-768x288.jpg 768w\" sizes=\"auto, (max-width: 1024px) 100vw, 1024px\" \/><\/figure>\n\n\n\n<div class=\"wp-block-columns alignwide is-layout-flex wp-container-core-columns-is-layout-28f84493 wp-block-columns-is-layout-flex\">\n<div class=\"wp-block-column is-layout-flow wp-block-column-is-layout-flow\" style=\"flex-basis:100%\">\n<p class=\"has-text-align-center has-custom-weight\" style=\"font-weight:bold;font-size:17px\"><\/p>\n\n\n\n<div class=\"wp-block-columns alignwide is-layout-flex wp-container-core-columns-is-layout-28f84493 wp-block-columns-is-layout-flex\">\n<div class=\"wp-block-column is-layout-flow wp-block-column-is-layout-flow\" style=\"flex-basis:100%\">\n<p class=\"has-text-align-center has-custom-weight\" style=\"font-weight:bold;font-size:17px\"><\/p>\n\n\n\n<div class=\"wp-block-columns is-layout-flex wp-container-core-columns-is-layout-28f84493 wp-block-columns-is-layout-flex\">\n<div class=\"wp-block-column is-layout-flow wp-block-column-is-layout-flow\">\n<p class=\"has-text-align-center has-contrast-3-color has-text-color has-link-color has-oswald-font-family has-custom-font wp-elements-89424e37b2875db4a8b67278a337f993\" style=\"font-family:Oswald;font-size:50px\"><strong>OBJECTIFS STRAT\u00c9GIQUES<\/strong><\/p>\n<\/div>\n\n\n\n<div class=\"wp-block-column is-layout-flow wp-block-column-is-layout-flow\"><\/div>\n<\/div>\n<\/div>\n<\/div>\n\n\n\n<div class=\"wp-block-columns alignwide is-layout-flex wp-container-core-columns-is-layout-28f84493 wp-block-columns-is-layout-flex\">\n<div class=\"wp-block-column is-layout-flow wp-block-column-is-layout-flow\" style=\"flex-basis:100%\">\n<p class=\"has-text-align-center\" style=\"font-size:17px\">M\u00c9RIDIONAL est convaincu que l\u2019\u00e9cart entre les sph\u00e8res mondiale et locale peut \u00eatre combl\u00e9 et vise \u00e0 favoriser une relation mutuellement b\u00e9n\u00e9fique alignant les priorit\u00e9s internationales aux besoins locaux.<\/p>\n<\/div>\n<\/div>\n\n\n\n<div class=\"wp-block-columns alignwide is-layout-flex wp-container-core-columns-is-layout-28f84493 wp-block-columns-is-layout-flex\">\n<div class=\"wp-block-column is-layout-flow wp-block-column-is-layout-flow\" style=\"flex-basis:100%\">\n<p class=\"has-text-align-center has-custom-weight\" style=\"font-weight:bold;font-size:17px\"><\/p>\n\n\n\n<div class=\"wp-block-columns is-layout-flex wp-container-core-columns-is-layout-28f84493 wp-block-columns-is-layout-flex\">\n<div class=\"wp-block-column is-layout-flow wp-block-column-is-layout-flow\">\n<p class=\"has-text-align-center has-contrast-3-color has-text-color has-link-color has-oswald-font-family has-custom-font wp-elements-836b68c94a5cb095eda3fab701d4743c\" style=\"font-family:Oswald;font-size:37px\"><strong>Externes<\/strong><\/p>\n<\/div>\n\n\n\n<div class=\"wp-block-column is-layout-flow wp-block-column-is-layout-flow\" style=\"flex-basis:60%\">\n<p>\u25cf Lancement du premier cycle de collaboration avec des partenaires de mise en \u0153uvre<br>\u25cf \u00c9tablissement des premiers cadres de travail avec les missions permanentes bas\u00e9es \u00e0 Gen\u00e8ve<br>\u25cf Signature des premiers accords avec des institutions intergouvernementales<br>\u25cf Reconnaissance de M\u00c9RIDIONAL en tant qu\u2019acteur significatif dans la promotion et la d\u00e9fense du plaidoyer ainsi que dans le d\u00e9veloppement de politiques<br>\u25cf Identification de M\u00c9RIDIONAL comme une entit\u00e9 cl\u00e9 du plaidoyer dans les domaines de l\u2019\u00e9quit\u00e9 et de la diversit\u00e9<\/p>\n<\/div>\n<\/div>\n<\/div>\n<\/div>\n\n\n\n<div class=\"wp-block-columns alignwide is-layout-flex wp-container-core-columns-is-layout-28f84493 wp-block-columns-is-layout-flex\">\n<div class=\"wp-block-column is-layout-flow wp-block-column-is-layout-flow\" style=\"flex-basis:100%\">\n<p class=\"has-text-align-center has-custom-weight\" style=\"font-weight:bold;font-size:17px\"><\/p>\n\n\n\n<div class=\"wp-block-columns is-layout-flex wp-container-core-columns-is-layout-28f84493 wp-block-columns-is-layout-flex\">\n<div class=\"wp-block-column is-layout-flow wp-block-column-is-layout-flow\">\n<p class=\"has-text-align-center has-contrast-3-color has-text-color has-link-color has-oswald-font-family has-custom-font wp-elements-128070f2812b69310175c010de7b8819\" style=\"font-family:Oswald;font-size:37px\"><strong>Internes<\/strong><\/p>\n<\/div>\n\n\n\n<div class=\"wp-block-column is-layout-flow wp-block-column-is-layout-flow\" style=\"flex-basis:60%\">\n<p>\u25cf Consolidation de la phase financi\u00e8re initiale gr\u00e2ce \u00e0 l\u2019acquisition de fonds aupr\u00e8s de donateurs gouvernementaux et non gouvernementaux<br>\u25cf Accomplissement de toutes les exigences administratives, fiscales et l\u00e9gales essentielles aux op\u00e9rations de M\u00c9RIDIONAL \u00e0 Gen\u00e8ve<br>\u25cf Mise en place et d\u00e9ploiement de tous les outils techniques de relations publiques<\/p>\n<\/div>\n<\/div>\n<\/div>\n<\/div>\n\n\n\n<p class=\"has-text-align-center has-custom-weight\" style=\"font-weight:bold;font-size:17px\"><\/p>\n<\/div>\n<\/div>\n\n\n\n<div class=\"wp-block-columns alignwide is-layout-flex wp-container-core-columns-is-layout-28f84493 wp-block-columns-is-layout-flex\"><\/div>\n","protected":false},"excerpt":{"rendered":"<p>OBJECTIFS STRAT\u00c9GIQUES M\u00c9RIDIONAL est convaincu que l\u2019\u00e9cart entre les sph\u00e8res mondiale et locale peut \u00eatre combl\u00e9 et vise \u00e0 favoriser une relation mutuellement b\u00e9n\u00e9fique alignant les priorit\u00e9s internationales aux besoins locaux. Externes \u25cf Lancement du premier cycle de collaboration avec des partenaires de mise en \u0153uvre\u25cf \u00c9tablissement des premiers cadres de travail avec les missions [&hellip;]<\/p>\n","protected":false},"author":2,"featured_media":0,"parent":0,"menu_order":0,"comment_status":"closed","ping_status":"closed","template":"page-no-title","meta":{"_editorskit_title_hidden":true,"_editorskit_reading_time":0,"_editorskit_is_block_options_detached":false,"_editorskit_block_options_position":"{}","_coblocks_attr":"Open Sans,Oswald","_coblocks_dimensions":"","_coblocks_responsive_height":"","_coblocks_accordion_ie_support":"","footnotes":""},"class_list":["post-116","page","type-page","status-publish","hentry"],"yoast_head":"<!-- This site is optimized with the Yoast SEO plugin v27.5 - https:\/\/yoast.com\/product\/yoast-seo-wordpress\/ -->\n<title>OBJECTIFS STRAT\u00c9GIQUES -<\/title>\n<meta name=\"robots\" content=\"index, follow, max-snippet:-1, max-image-preview:large, max-video-preview:-1\" \/>\n<link rel=\"canonical\" href=\"https:\/\/meridional.org\/f\/strategic-goals\/\" \/>\n<meta property=\"og:locale\" content=\"en_US\" \/>\n<meta property=\"og:type\" content=\"article\" \/>\n<meta property=\"og:title\" content=\"OBJECTIFS STRAT\u00c9GIQUES -\" \/>\n<meta property=\"og:description\" content=\"OBJECTIFS STRAT\u00c9GIQUES M\u00c9RIDIONAL est convaincu que l\u2019\u00e9cart entre les sph\u00e8res mondiale et locale peut \u00eatre combl\u00e9 et vise \u00e0 favoriser une relation mutuellement b\u00e9n\u00e9fique alignant les priorit\u00e9s internationales aux besoins locaux. Externes \u25cf Lancement du premier cycle de collaboration avec des partenaires de mise en \u0153uvre\u25cf \u00c9tablissement des premiers cadres de travail avec les missions [&hellip;]\" \/>\n<meta property=\"og:url\" content=\"https:\/\/meridional.org\/f\/strategic-goals\/\" \/>\n<meta property=\"article:modified_time\" content=\"2026-01-25T03:25:18+00:00\" \/>\n<meta property=\"og:image\" content=\"https:\/\/meridional.org\/f\/wp-content\/uploads\/sites\/7\/2025\/09\/strategic-goals.jpg\" \/>\n\t<meta property=\"og:image:width\" content=\"1024\" \/>\n\t<meta property=\"og:image:height\" content=\"384\" \/>\n\t<meta property=\"og:image:type\" content=\"image\/jpeg\" \/>\n<meta name=\"twitter:card\" content=\"summary_large_image\" \/>\n<meta name=\"twitter:label1\" content=\"Est. reading time\" \/>\n\t<meta name=\"twitter:data1\" content=\"1 minute\" \/>\n<script type=\"application\/ld+json\" class=\"yoast-schema-graph\">{\"@context\":\"https:\\\/\\\/schema.org\",\"@graph\":[{\"@type\":\"WebPage\",\"@id\":\"https:\\\/\\\/meridional.org\\\/f\\\/strategic-goals\\\/\",\"url\":\"https:\\\/\\\/meridional.org\\\/f\\\/strategic-goals\\\/\",\"name\":\"OBJECTIFS STRAT\u00c9GIQUES -\",\"isPartOf\":{\"@id\":\"https:\\\/\\\/meridional.org\\\/f\\\/#website\"},\"primaryImageOfPage\":{\"@id\":\"https:\\\/\\\/meridional.org\\\/f\\\/strategic-goals\\\/#primaryimage\"},\"image\":{\"@id\":\"https:\\\/\\\/meridional.org\\\/f\\\/strategic-goals\\\/#primaryimage\"},\"thumbnailUrl\":\"https:\\\/\\\/meridional.org\\\/f\\\/wp-content\\\/uploads\\\/sites\\\/7\\\/2025\\\/09\\\/strategic-goals.jpg\",\"datePublished\":\"2024-03-03T20:51:57+00:00\",\"dateModified\":\"2026-01-25T03:25:18+00:00\",\"breadcrumb\":{\"@id\":\"https:\\\/\\\/meridional.org\\\/f\\\/strategic-goals\\\/#breadcrumb\"},\"inLanguage\":\"en-US\",\"potentialAction\":[{\"@type\":\"ReadAction\",\"target\":[\"https:\\\/\\\/meridional.org\\\/f\\\/strategic-goals\\\/\"]}]},{\"@type\":\"ImageObject\",\"inLanguage\":\"en-US\",\"@id\":\"https:\\\/\\\/meridional.org\\\/f\\\/strategic-goals\\\/#primaryimage\",\"url\":\"https:\\\/\\\/meridional.org\\\/f\\\/wp-content\\\/uploads\\\/sites\\\/7\\\/2025\\\/09\\\/strategic-goals.jpg\",\"contentUrl\":\"https:\\\/\\\/meridional.org\\\/f\\\/wp-content\\\/uploads\\\/sites\\\/7\\\/2025\\\/09\\\/strategic-goals.jpg\",\"width\":1024,\"height\":384},{\"@type\":\"BreadcrumbList\",\"@id\":\"https:\\\/\\\/meridional.org\\\/f\\\/strategic-goals\\\/#breadcrumb\",\"itemListElement\":[{\"@type\":\"ListItem\",\"position\":1,\"name\":\"Home\",\"item\":\"https:\\\/\\\/meridional.org\\\/f\\\/\"},{\"@type\":\"ListItem\",\"position\":2,\"name\":\"OBJECTIFS STRAT\u00c9GIQUES\"}]},{\"@type\":\"WebSite\",\"@id\":\"https:\\\/\\\/meridional.org\\\/f\\\/#website\",\"url\":\"https:\\\/\\\/meridional.org\\\/f\\\/\",\"name\":\"\",\"description\":\"\",\"potentialAction\":[{\"@type\":\"SearchAction\",\"target\":{\"@type\":\"EntryPoint\",\"urlTemplate\":\"https:\\\/\\\/meridional.org\\\/f\\\/?s={search_term_string}\"},\"query-input\":{\"@type\":\"PropertyValueSpecification\",\"valueRequired\":true,\"valueName\":\"search_term_string\"}}],\"inLanguage\":\"en-US\"}]}<\/script>\n<!-- \/ Yoast SEO plugin. -->","yoast_head_json":{"title":"OBJECTIFS STRAT\u00c9GIQUES -","robots":{"index":"index","follow":"follow","max-snippet":"max-snippet:-1","max-image-preview":"max-image-preview:large","max-video-preview":"max-video-preview:-1"},"canonical":"https:\/\/meridional.org\/f\/strategic-goals\/","og_locale":"en_US","og_type":"article","og_title":"OBJECTIFS STRAT\u00c9GIQUES -","og_description":"OBJECTIFS STRAT\u00c9GIQUES M\u00c9RIDIONAL est convaincu que l\u2019\u00e9cart entre les sph\u00e8res mondiale et locale peut \u00eatre combl\u00e9 et vise \u00e0 favoriser une relation mutuellement b\u00e9n\u00e9fique alignant les priorit\u00e9s internationales aux besoins locaux. Externes \u25cf Lancement du premier cycle de collaboration avec des partenaires de mise en \u0153uvre\u25cf \u00c9tablissement des premiers cadres de travail avec les missions [&hellip;]","og_url":"https:\/\/meridional.org\/f\/strategic-goals\/","article_modified_time":"2026-01-25T03:25:18+00:00","og_image":[{"width":1024,"height":384,"url":"https:\/\/meridional.org\/f\/wp-content\/uploads\/sites\/7\/2025\/09\/strategic-goals.jpg","type":"image\/jpeg"}],"twitter_card":"summary_large_image","twitter_misc":{"Est. reading time":"1 minute"},"schema":{"@context":"https:\/\/schema.org","@graph":[{"@type":"WebPage","@id":"https:\/\/meridional.org\/f\/strategic-goals\/","url":"https:\/\/meridional.org\/f\/strategic-goals\/","name":"OBJECTIFS STRAT\u00c9GIQUES -","isPartOf":{"@id":"https:\/\/meridional.org\/f\/#website"},"primaryImageOfPage":{"@id":"https:\/\/meridional.org\/f\/strategic-goals\/#primaryimage"},"image":{"@id":"https:\/\/meridional.org\/f\/strategic-goals\/#primaryimage"},"thumbnailUrl":"https:\/\/meridional.org\/f\/wp-content\/uploads\/sites\/7\/2025\/09\/strategic-goals.jpg","datePublished":"2024-03-03T20:51:57+00:00","dateModified":"2026-01-25T03:25:18+00:00","breadcrumb":{"@id":"https:\/\/meridional.org\/f\/strategic-goals\/#breadcrumb"},"inLanguage":"en-US","potentialAction":[{"@type":"ReadAction","target":["https:\/\/meridional.org\/f\/strategic-goals\/"]}]},{"@type":"ImageObject","inLanguage":"en-US","@id":"https:\/\/meridional.org\/f\/strategic-goals\/#primaryimage","url":"https:\/\/meridional.org\/f\/wp-content\/uploads\/sites\/7\/2025\/09\/strategic-goals.jpg","contentUrl":"https:\/\/meridional.org\/f\/wp-content\/uploads\/sites\/7\/2025\/09\/strategic-goals.jpg","width":1024,"height":384},{"@type":"BreadcrumbList","@id":"https:\/\/meridional.org\/f\/strategic-goals\/#breadcrumb","itemListElement":[{"@type":"ListItem","position":1,"name":"Home","item":"https:\/\/meridional.org\/f\/"},{"@type":"ListItem","position":2,"name":"OBJECTIFS STRAT\u00c9GIQUES"}]},{"@type":"WebSite","@id":"https:\/\/meridional.org\/f\/#website","url":"https:\/\/meridional.org\/f\/","name":"","description":"","potentialAction":[{"@type":"SearchAction","target":{"@type":"EntryPoint","urlTemplate":"https:\/\/meridional.org\/f\/?s={search_term_string}"},"query-input":{"@type":"PropertyValueSpecification","valueRequired":true,"valueName":"search_term_string"}}],"inLanguage":"en-US"}]}},"_links":{"self":[{"href":"https:\/\/meridional.org\/f\/wp-json\/wp\/v2\/pages\/116","targetHints":{"allow":["GET"]}}],"collection":[{"href":"https:\/\/meridional.org\/f\/wp-json\/wp\/v2\/pages"}],"about":[{"href":"https:\/\/meridional.org\/f\/wp-json\/wp\/v2\/types\/page"}],"author":[{"embeddable":true,"href":"https:\/\/meridional.org\/f\/wp-json\/wp\/v2\/users\/2"}],"replies":[{"embeddable":true,"href":"https:\/\/meridional.org\/f\/wp-json\/wp\/v2\/comments?post=116"}],"version-history":[{"count":13,"href":"https:\/\/meridional.org\/f\/wp-json\/wp\/v2\/pages\/116\/revisions"}],"predecessor-version":[{"id":391,"href":"https:\/\/meridional.org\/f\/wp-json\/wp\/v2\/pages\/116\/revisions\/391"}],"wp:attachment":[{"href":"https:\/\/meridional.org\/f\/wp-json\/wp\/v2\/media?parent=116"}],"curies":[{"name":"wp","href":"https:\/\/api.w.org\/{rel}","templated":true}]}}