{"id":21,"date":"2024-02-01T18:35:38","date_gmt":"2024-02-01T18:35:38","guid":{"rendered":"https:\/\/meridional.org\/acerca-de\/"},"modified":"2026-01-25T03:22:41","modified_gmt":"2026-01-25T03:22:41","slug":"meridional","status":"publish","type":"page","link":"https:\/\/meridional.org\/f\/meridional\/","title":{"rendered":"M\u00c9RIDIONAL"},"content":{"rendered":"\n<figure class=\"wp-block-image alignwide size-full coblocks-animate\" data-coblocks-animation=\"zoomIn\"><img loading=\"lazy\" decoding=\"async\" width=\"1254\" height=\"470\" src=\"https:\/\/meridional.org\/f\/wp-content\/uploads\/sites\/7\/2025\/09\/meridional.jpg\" alt=\"\" class=\"wp-image-386\" srcset=\"https:\/\/meridional.org\/f\/wp-content\/uploads\/sites\/7\/2025\/09\/meridional.jpg 1254w, https:\/\/meridional.org\/f\/wp-content\/uploads\/sites\/7\/2025\/09\/meridional-300x112.jpg 300w, https:\/\/meridional.org\/f\/wp-content\/uploads\/sites\/7\/2025\/09\/meridional-1024x384.jpg 1024w, https:\/\/meridional.org\/f\/wp-content\/uploads\/sites\/7\/2025\/09\/meridional-768x288.jpg 768w\" sizes=\"auto, (max-width: 1254px) 100vw, 1254px\" \/><\/figure>\n\n\n\n<div class=\"wp-block-columns alignwide are-vertically-aligned-top is-style-default is-layout-flex wp-container-core-columns-is-layout-d39e70f1 wp-block-columns-is-layout-flex\" style=\"border-style:none;border-width:0px;margin-top:0;margin-bottom:0;padding-top:0;padding-bottom:0\">\n<div class=\"wp-block-column is-vertically-aligned-top is-layout-flow wp-block-column-is-layout-flow\" style=\"flex-basis:100%\">\n<p><\/p>\n\n\n\n<p class=\"has-text-align-center has-custom-weight\" style=\"font-weight:bold;font-size:17px\"><\/p>\n\n\n\n<div class=\"wp-block-columns alignwide are-vertically-aligned-top is-style-default is-layout-flex wp-container-core-columns-is-layout-d39e70f1 wp-block-columns-is-layout-flex\" style=\"border-style:none;border-width:0px;margin-top:0;margin-bottom:0;padding-top:0;padding-bottom:0\">\n<div class=\"wp-block-column is-vertically-aligned-top is-layout-flow wp-block-column-is-layout-flow\" style=\"flex-basis:100%\">\n<div class=\"wp-block-columns is-layout-flex wp-container-core-columns-is-layout-28f84493 wp-block-columns-is-layout-flex\">\n<div class=\"wp-block-column is-layout-flow wp-block-column-is-layout-flow\" style=\"flex-basis:33.33%\">\n<p class=\"has-text-align-center is-style-default has-contrast-3-color has-text-color has-link-color has-oswald-font-family has-custom-font wp-elements-05e218c1de40dd8dae749b7676e7de5a\" style=\"font-family:Oswald;font-size:51px\"><strong>MERIDIONAL<\/strong><\/p>\n<\/div>\n\n\n\n<div class=\"wp-block-column is-layout-flow wp-block-column-is-layout-flow\" style=\"flex-basis:66.66%\">\n<p>est une organisation suisse \u00e0 but non lucratif d\u00e9di\u00e9e \u00e0 la promotion de la coop\u00e9ration internationale et de la solidarit\u00e9. En collaborant avec les gouvernements et la soci\u00e9t\u00e9 civile, en particulier ceux du Sud global, l\u00e0 o\u00f9 est concentr\u00e9e la majorit\u00e9 de la population du monde, nous \u0153uvrons \u00e0 renforcer leur impact au sein de la Gen\u00e8ve internationale.<\/p>\n<\/div>\n<\/div>\n\n\n\n<p>Notre mission s\u2019ancre dans les valeurs de la Constitution de la R\u00e9publique et du Canton de Gen\u00e8ve, la Charte des Nations Unies et la D\u00e9claration universelle des droits de l\u2019homme. Ces principes guident nos efforts pour favoriser un syst\u00e8me multilat\u00e9ral plus inclusif et \u00e9quitable.<\/p>\n\n\n\n<p>M\u00c9RIDIONAL cultive des relations synergiques entre divers acteurs, notamment les missions diplomatiques des \u00c9tats membres de l\u2019ONU, les organisations intergouvernementales, les organismes de la soci\u00e9t\u00e9 civile, les institutions acad\u00e9miques et les organisations philanthropiques.<\/p>\n\n\n\n<p>Nos collaborations s\u2019\u00e9tendent \u00e0 des domaines th\u00e9matiques multilat\u00e9raux cl\u00e9s, tels que la sant\u00e9 publique, le d\u00e9sarmement humanitaire, l\u2019environnement, les droits humains et le droit international humanitaire. En comblant les \u00e9carts et en amplifiant l\u2019expertise collective, nous renfor\u00e7ons l&#8217;engagement effectif dans les processus de prise de d\u00e9cision.<\/p>\n\n\n\n<p><\/p>\n<\/div>\n\n\n\n<div class=\"wp-block-column is-layout-flow wp-block-column-is-layout-flow\"><\/div>\n\n\n\n<div class=\"wp-block-column is-layout-flow wp-block-column-is-layout-flow\"><\/div>\n<\/div>\n\n\n\n<div class=\"wp-block-columns alignwide are-vertically-aligned-top is-style-default is-layout-flex wp-container-core-columns-is-layout-d39e70f1 wp-block-columns-is-layout-flex\" style=\"border-style:none;border-width:0px;margin-top:0;margin-bottom:0;padding-top:0;padding-bottom:0\">\n<div class=\"wp-block-column is-vertically-aligned-top is-layout-flow wp-block-column-is-layout-flow\" style=\"flex-basis:100%\">\n<div class=\"wp-block-columns is-layout-flex wp-container-core-columns-is-layout-28f84493 wp-block-columns-is-layout-flex\">\n<div class=\"wp-block-column is-layout-flow wp-block-column-is-layout-flow\" style=\"flex-basis:33.33%\">\n<p class=\"has-text-align-center is-style-default has-contrast-3-color has-text-color has-link-color has-oswald-font-family has-custom-font wp-elements-bf16df180f9af5dee0f95257d56b98cf\" style=\"font-family:Oswald;font-size:51px\"><strong>MISSION ET VISION<\/strong><\/p>\n<\/div>\n\n\n\n<div class=\"wp-block-column is-layout-flow wp-block-column-is-layout-flow\" style=\"flex-basis:66.66%\">\n<p>M\u00c9RIDIONAL cherche \u00e0 renforcer l\u2019esprit humaniste et solidaire de la Gen\u00e8ve internationale, en envisageant un monde o\u00f9 la collaboration internationale prosp\u00e8re, favorisant l\u2019unit\u00e9, l\u2019\u00e9galit\u00e9 et le progr\u00e8s partag\u00e9.<\/p>\n\n\n\n<p>Dans cette vision, la Gen\u00e8ve internationale et d\u2019autres p\u00f4les diplomatiques deviennent des espaces inclusifs pour la soci\u00e9t\u00e9 civile, o\u00f9 des ressortissants de toutes les r\u00e9gions, en particulier ceux du Sud global, participent activement \u00e0 une diplomatie multilat\u00e9rale juste et coop\u00e9rative.<\/p>\n<\/div>\n<\/div>\n\n\n\n<p><\/p>\n<\/div>\n<\/div>\n\n\n\n<p class=\"has-text-align-center has-custom-weight\" style=\"font-weight:bold;font-size:17px\"><\/p>\n\n\n\n<p><\/p>\n<\/div>\n<\/div>\n\n\n\n<p class=\"has-text-align-center\" style=\"font-size:14px\"><\/p>\n","protected":false},"excerpt":{"rendered":"<p>MERIDIONAL est une organisation suisse \u00e0 but non lucratif d\u00e9di\u00e9e \u00e0 la promotion de la coop\u00e9ration internationale et de la solidarit\u00e9. En collaborant avec les gouvernements et la soci\u00e9t\u00e9 civile, en particulier ceux du Sud global, l\u00e0 o\u00f9 est concentr\u00e9e la majorit\u00e9 de la population du monde, nous \u0153uvrons \u00e0 renforcer leur impact au sein [&hellip;]<\/p>\n","protected":false},"author":1,"featured_media":0,"parent":0,"menu_order":0,"comment_status":"closed","ping_status":"closed","template":"page-no-title","meta":{"_editorskit_title_hidden":true,"_editorskit_reading_time":0,"_editorskit_is_block_options_detached":false,"_editorskit_block_options_position":"{}","_coblocks_attr":"Montserrat,Oswald","_coblocks_dimensions":"","_coblocks_responsive_height":"","_coblocks_accordion_ie_support":"","footnotes":""},"class_list":["post-21","page","type-page","status-publish","hentry"],"yoast_head":"<!-- This site is optimized with the Yoast SEO plugin v27.5 - https:\/\/yoast.com\/product\/yoast-seo-wordpress\/ -->\n<title>M\u00c9RIDIONAL -<\/title>\n<meta name=\"robots\" content=\"index, follow, max-snippet:-1, max-image-preview:large, max-video-preview:-1\" \/>\n<link rel=\"canonical\" href=\"https:\/\/meridional.org\/f\/meridional\/\" \/>\n<meta property=\"og:locale\" content=\"en_US\" \/>\n<meta property=\"og:type\" content=\"article\" \/>\n<meta property=\"og:title\" content=\"M\u00c9RIDIONAL -\" \/>\n<meta property=\"og:description\" content=\"MERIDIONAL est une organisation suisse \u00e0 but non lucratif d\u00e9di\u00e9e \u00e0 la promotion de la coop\u00e9ration internationale et de la solidarit\u00e9. En collaborant avec les gouvernements et la soci\u00e9t\u00e9 civile, en particulier ceux du Sud global, l\u00e0 o\u00f9 est concentr\u00e9e la majorit\u00e9 de la population du monde, nous \u0153uvrons \u00e0 renforcer leur impact au sein [&hellip;]\" \/>\n<meta property=\"og:url\" content=\"https:\/\/meridional.org\/f\/meridional\/\" \/>\n<meta property=\"article:modified_time\" content=\"2026-01-25T03:22:41+00:00\" \/>\n<meta property=\"og:image\" content=\"https:\/\/meridional.org\/f\/wp-content\/uploads\/sites\/7\/2025\/09\/meridional.jpg\" \/>\n\t<meta property=\"og:image:width\" content=\"1254\" \/>\n\t<meta property=\"og:image:height\" content=\"470\" \/>\n\t<meta property=\"og:image:type\" content=\"image\/jpeg\" \/>\n<meta name=\"twitter:card\" content=\"summary_large_image\" \/>\n<script type=\"application\/ld+json\" class=\"yoast-schema-graph\">{\"@context\":\"https:\\\/\\\/schema.org\",\"@graph\":[{\"@type\":\"WebPage\",\"@id\":\"https:\\\/\\\/meridional.org\\\/f\\\/meridional\\\/\",\"url\":\"https:\\\/\\\/meridional.org\\\/f\\\/meridional\\\/\",\"name\":\"M\u00c9RIDIONAL -\",\"isPartOf\":{\"@id\":\"https:\\\/\\\/meridional.org\\\/f\\\/#website\"},\"primaryImageOfPage\":{\"@id\":\"https:\\\/\\\/meridional.org\\\/f\\\/meridional\\\/#primaryimage\"},\"image\":{\"@id\":\"https:\\\/\\\/meridional.org\\\/f\\\/meridional\\\/#primaryimage\"},\"thumbnailUrl\":\"https:\\\/\\\/meridional.org\\\/f\\\/wp-content\\\/uploads\\\/sites\\\/7\\\/2025\\\/09\\\/meridional.jpg\",\"datePublished\":\"2024-02-01T18:35:38+00:00\",\"dateModified\":\"2026-01-25T03:22:41+00:00\",\"breadcrumb\":{\"@id\":\"https:\\\/\\\/meridional.org\\\/f\\\/meridional\\\/#breadcrumb\"},\"inLanguage\":\"en-US\",\"potentialAction\":[{\"@type\":\"ReadAction\",\"target\":[\"https:\\\/\\\/meridional.org\\\/f\\\/meridional\\\/\"]}]},{\"@type\":\"ImageObject\",\"inLanguage\":\"en-US\",\"@id\":\"https:\\\/\\\/meridional.org\\\/f\\\/meridional\\\/#primaryimage\",\"url\":\"https:\\\/\\\/meridional.org\\\/f\\\/wp-content\\\/uploads\\\/sites\\\/7\\\/2025\\\/09\\\/meridional.jpg\",\"contentUrl\":\"https:\\\/\\\/meridional.org\\\/f\\\/wp-content\\\/uploads\\\/sites\\\/7\\\/2025\\\/09\\\/meridional.jpg\",\"width\":1254,\"height\":470},{\"@type\":\"BreadcrumbList\",\"@id\":\"https:\\\/\\\/meridional.org\\\/f\\\/meridional\\\/#breadcrumb\",\"itemListElement\":[{\"@type\":\"ListItem\",\"position\":1,\"name\":\"Home\",\"item\":\"https:\\\/\\\/meridional.org\\\/f\\\/\"},{\"@type\":\"ListItem\",\"position\":2,\"name\":\"M\u00c9RIDIONAL\"}]},{\"@type\":\"WebSite\",\"@id\":\"https:\\\/\\\/meridional.org\\\/f\\\/#website\",\"url\":\"https:\\\/\\\/meridional.org\\\/f\\\/\",\"name\":\"\",\"description\":\"\",\"potentialAction\":[{\"@type\":\"SearchAction\",\"target\":{\"@type\":\"EntryPoint\",\"urlTemplate\":\"https:\\\/\\\/meridional.org\\\/f\\\/?s={search_term_string}\"},\"query-input\":{\"@type\":\"PropertyValueSpecification\",\"valueRequired\":true,\"valueName\":\"search_term_string\"}}],\"inLanguage\":\"en-US\"}]}<\/script>\n<!-- \/ Yoast SEO plugin. -->","yoast_head_json":{"title":"M\u00c9RIDIONAL -","robots":{"index":"index","follow":"follow","max-snippet":"max-snippet:-1","max-image-preview":"max-image-preview:large","max-video-preview":"max-video-preview:-1"},"canonical":"https:\/\/meridional.org\/f\/meridional\/","og_locale":"en_US","og_type":"article","og_title":"M\u00c9RIDIONAL -","og_description":"MERIDIONAL est une organisation suisse \u00e0 but non lucratif d\u00e9di\u00e9e \u00e0 la promotion de la coop\u00e9ration internationale et de la solidarit\u00e9. En collaborant avec les gouvernements et la soci\u00e9t\u00e9 civile, en particulier ceux du Sud global, l\u00e0 o\u00f9 est concentr\u00e9e la majorit\u00e9 de la population du monde, nous \u0153uvrons \u00e0 renforcer leur impact au sein [&hellip;]","og_url":"https:\/\/meridional.org\/f\/meridional\/","article_modified_time":"2026-01-25T03:22:41+00:00","og_image":[{"width":1254,"height":470,"url":"https:\/\/meridional.org\/f\/wp-content\/uploads\/sites\/7\/2025\/09\/meridional.jpg","type":"image\/jpeg"}],"twitter_card":"summary_large_image","schema":{"@context":"https:\/\/schema.org","@graph":[{"@type":"WebPage","@id":"https:\/\/meridional.org\/f\/meridional\/","url":"https:\/\/meridional.org\/f\/meridional\/","name":"M\u00c9RIDIONAL -","isPartOf":{"@id":"https:\/\/meridional.org\/f\/#website"},"primaryImageOfPage":{"@id":"https:\/\/meridional.org\/f\/meridional\/#primaryimage"},"image":{"@id":"https:\/\/meridional.org\/f\/meridional\/#primaryimage"},"thumbnailUrl":"https:\/\/meridional.org\/f\/wp-content\/uploads\/sites\/7\/2025\/09\/meridional.jpg","datePublished":"2024-02-01T18:35:38+00:00","dateModified":"2026-01-25T03:22:41+00:00","breadcrumb":{"@id":"https:\/\/meridional.org\/f\/meridional\/#breadcrumb"},"inLanguage":"en-US","potentialAction":[{"@type":"ReadAction","target":["https:\/\/meridional.org\/f\/meridional\/"]}]},{"@type":"ImageObject","inLanguage":"en-US","@id":"https:\/\/meridional.org\/f\/meridional\/#primaryimage","url":"https:\/\/meridional.org\/f\/wp-content\/uploads\/sites\/7\/2025\/09\/meridional.jpg","contentUrl":"https:\/\/meridional.org\/f\/wp-content\/uploads\/sites\/7\/2025\/09\/meridional.jpg","width":1254,"height":470},{"@type":"BreadcrumbList","@id":"https:\/\/meridional.org\/f\/meridional\/#breadcrumb","itemListElement":[{"@type":"ListItem","position":1,"name":"Home","item":"https:\/\/meridional.org\/f\/"},{"@type":"ListItem","position":2,"name":"M\u00c9RIDIONAL"}]},{"@type":"WebSite","@id":"https:\/\/meridional.org\/f\/#website","url":"https:\/\/meridional.org\/f\/","name":"","description":"","potentialAction":[{"@type":"SearchAction","target":{"@type":"EntryPoint","urlTemplate":"https:\/\/meridional.org\/f\/?s={search_term_string}"},"query-input":{"@type":"PropertyValueSpecification","valueRequired":true,"valueName":"search_term_string"}}],"inLanguage":"en-US"}]}},"_links":{"self":[{"href":"https:\/\/meridional.org\/f\/wp-json\/wp\/v2\/pages\/21","targetHints":{"allow":["GET"]}}],"collection":[{"href":"https:\/\/meridional.org\/f\/wp-json\/wp\/v2\/pages"}],"about":[{"href":"https:\/\/meridional.org\/f\/wp-json\/wp\/v2\/types\/page"}],"author":[{"embeddable":true,"href":"https:\/\/meridional.org\/f\/wp-json\/wp\/v2\/users\/1"}],"replies":[{"embeddable":true,"href":"https:\/\/meridional.org\/f\/wp-json\/wp\/v2\/comments?post=21"}],"version-history":[{"count":41,"href":"https:\/\/meridional.org\/f\/wp-json\/wp\/v2\/pages\/21\/revisions"}],"predecessor-version":[{"id":395,"href":"https:\/\/meridional.org\/f\/wp-json\/wp\/v2\/pages\/21\/revisions\/395"}],"wp:attachment":[{"href":"https:\/\/meridional.org\/f\/wp-json\/wp\/v2\/media?parent=21"}],"curies":[{"name":"wp","href":"https:\/\/api.w.org\/{rel}","templated":true}]}}