{"id":242,"date":"2024-06-14T23:36:30","date_gmt":"2024-06-14T23:36:30","guid":{"rendered":"https:\/\/meridional.org\/?page_id=242"},"modified":"2026-01-25T03:26:04","modified_gmt":"2026-01-25T03:26:04","slug":"organization","status":"publish","type":"page","link":"https:\/\/meridional.org\/f\/organization\/","title":{"rendered":"ORGANISATION"},"content":{"rendered":"\n<figure class=\"wp-block-image alignwide size-full coblocks-animate\" data-coblocks-animation=\"zoomIn\"><img loading=\"lazy\" decoding=\"async\" width=\"1254\" height=\"470\" src=\"https:\/\/meridional.org\/f\/wp-content\/uploads\/sites\/7\/2025\/09\/organization.jpg\" alt=\"\" class=\"wp-image-392\" srcset=\"https:\/\/meridional.org\/f\/wp-content\/uploads\/sites\/7\/2025\/09\/organization.jpg 1254w, https:\/\/meridional.org\/f\/wp-content\/uploads\/sites\/7\/2025\/09\/organization-300x112.jpg 300w, https:\/\/meridional.org\/f\/wp-content\/uploads\/sites\/7\/2025\/09\/organization-1024x384.jpg 1024w, https:\/\/meridional.org\/f\/wp-content\/uploads\/sites\/7\/2025\/09\/organization-768x288.jpg 768w\" sizes=\"auto, (max-width: 1254px) 100vw, 1254px\" \/><\/figure>\n\n\n\n<div class=\"wp-block-columns alignwide is-layout-flex wp-container-core-columns-is-layout-28f84493 wp-block-columns-is-layout-flex\">\n<div class=\"wp-block-column is-layout-flow wp-block-column-is-layout-flow\">\n<p style=\"font-weight:bold;font-size:20px\" class=\"has-custom-weight\"><\/p>\n\n\n\n<div class=\"wp-block-columns alignwide is-layout-flex wp-container-core-columns-is-layout-28f84493 wp-block-columns-is-layout-flex\">\n<div class=\"wp-block-column is-layout-flow wp-block-column-is-layout-flow\" style=\"flex-basis:100%\">\n<p class=\"has-text-align-center has-custom-weight\" style=\"font-weight:bold;font-size:17px\"><\/p>\n\n\n\n<div class=\"wp-block-columns is-layout-flex wp-container-core-columns-is-layout-28f84493 wp-block-columns-is-layout-flex\">\n<div class=\"wp-block-column is-layout-flow wp-block-column-is-layout-flow\">\n<p class=\"has-text-align-center has-contrast-3-color has-text-color has-link-color has-oswald-font-family has-custom-font wp-elements-742af75180aea593654ac4c3c3557739\" style=\"font-family:Oswald;font-size:50px\"><strong>ORGANISATION<\/strong><\/p>\n<\/div>\n\n\n\n<div class=\"wp-block-column is-layout-flow wp-block-column-is-layout-flow\"><\/div>\n<\/div>\n<\/div>\n<\/div>\n\n\n\n<p><\/p>\n\n\n\n<p style=\"font-weight:bold;font-size:20px\" class=\"has-custom-weight\"><\/p>\n\n\n\n<div class=\"wp-block-columns alignwide is-layout-flex wp-container-core-columns-is-layout-28f84493 wp-block-columns-is-layout-flex\">\n<div class=\"wp-block-column is-layout-flow wp-block-column-is-layout-flow\" style=\"flex-basis:100%\">\n<p class=\"has-text-align-center has-custom-weight\" style=\"font-weight:bold;font-size:17px\"><\/p>\n\n\n\n<div class=\"wp-block-columns is-layout-flex wp-container-core-columns-is-layout-28f84493 wp-block-columns-is-layout-flex\">\n<div class=\"wp-block-column is-layout-flow wp-block-column-is-layout-flow\">\n<p class=\"has-text-align-center has-contrast-3-color has-text-color has-link-color has-oswald-font-family has-custom-font wp-elements-b89a91b87db21286dac4d0696f2f5339\" style=\"font-family:Oswald;font-size:37px\"><strong>Notre Gouvernance<\/strong><\/p>\n<\/div>\n\n\n\n<div class=\"wp-block-column is-layout-flow wp-block-column-is-layout-flow\" style=\"flex-basis:60%\">\n<p>Le Conseil d\u2019administration de M\u00c9RIDIONAL est \u00e9lu par l\u2019Assembl\u00e9e g\u00e9n\u00e9rale. Il tient des r\u00e9unions p\u00e9riodiques et organise une Assembl\u00e9e g\u00e9n\u00e9rale une fois par an afin de garantir l\u2019orientation strat\u00e9gique de l\u2019organisation.<\/p>\n<\/div>\n<\/div>\n<\/div>\n<\/div>\n\n\n\n<div class=\"wp-block-columns alignwide is-layout-flex wp-container-core-columns-is-layout-28f84493 wp-block-columns-is-layout-flex\">\n<div class=\"wp-block-column is-layout-flow wp-block-column-is-layout-flow\" style=\"flex-basis:100%\">\n<p class=\"has-text-align-center has-custom-weight\" style=\"font-weight:bold;font-size:17px\"><\/p>\n\n\n\n<div class=\"wp-block-columns is-layout-flex wp-container-core-columns-is-layout-28f84493 wp-block-columns-is-layout-flex\">\n<div class=\"wp-block-column is-layout-flow wp-block-column-is-layout-flow\">\n<p class=\"has-text-align-center has-contrast-3-color has-text-color has-link-color has-oswald-font-family has-custom-font wp-elements-de66473f75e6a43c5281421ed57131db\" style=\"font-family:Oswald;font-size:37px\"><strong>Notre Secr\u00e9tariat<\/strong><\/p>\n<\/div>\n\n\n\n<div class=\"wp-block-column is-layout-flow wp-block-column-is-layout-flow\" style=\"flex-basis:60%\">\n<p>Notre \u00e9quipe r\u00e9unit plus de trente ann\u00e9es d\u2019exp\u00e9rience cumul\u00e9e dans l\u2019ar\u00e8ne multilat\u00e9rale, ayant d\u00e9velopp\u00e9 une expertise dans les domaines du plaidoyer, de l\u2019\u00e9laboration de politiques, des relations avec les donateurs et de la collecte de fonds, des relations gouvernementales et du renforcement des capacit\u00e9s dans le secteur de la soci\u00e9t\u00e9 civile.<\/p>\n\n\n\n<p>Au fil des ans, notre \u00e9quipe a construit un vaste r\u00e9seau englobant des partenariats de terrain, gouvernementaux et intergouvernementaux, favorisant des efforts collaboratifs au sein des cadres et forums diplomatiques. Nous avons contribu\u00e9 \u00e0 l\u2019avancement d\u2019agendas li\u00e9s au d\u00e9sarmement humanitaire et aux initiatives en mati\u00e8re de droits humains.<\/p>\n\n\n\n<p>Cette exp\u00e9rience, cette expertise et ces relations se sont consolid\u00e9es au fil de plus d\u2019une d\u00e9cennie de travail et de pr\u00e9sence dans la Gen\u00e8ve internationale, posant ainsi les bases de M\u00c9RIDIONAL, qui s\u2019engage \u00e0 renforcer un espace multilat\u00e9ral v\u00e9ritablement inclusif pour toutes et tous.<\/p>\n<\/div>\n<\/div>\n<\/div>\n<\/div>\n<\/div>\n<\/div>\n\n\n\n<div class=\"wp-block-columns alignwide is-layout-flex wp-container-core-columns-is-layout-28f84493 wp-block-columns-is-layout-flex\">\n<div class=\"wp-block-column is-layout-flow wp-block-column-is-layout-flow\">\n<div class=\"wp-block-columns is-layout-flex wp-container-core-columns-is-layout-28f84493 wp-block-columns-is-layout-flex\">\n<div class=\"wp-block-column is-layout-flow wp-block-column-is-layout-flow\">\n<figure class=\"wp-block-image size-full\"><img loading=\"lazy\" decoding=\"async\" width=\"498\" height=\"664\" src=\"https:\/\/meridional.org\/wp-content\/uploads\/sites\/7\/2024\/06\/Team-Hector-Guerra.jpg\" alt=\"H\u00e9ctor Guerra\" class=\"wp-image-277\" srcset=\"https:\/\/meridional.org\/f\/wp-content\/uploads\/sites\/7\/2024\/06\/Team-Hector-Guerra.jpg 498w, https:\/\/meridional.org\/f\/wp-content\/uploads\/sites\/7\/2024\/06\/Team-Hector-Guerra-225x300.jpg 225w\" sizes=\"auto, (max-width: 498px) 100vw, 498px\" \/><\/figure>\n\n\n\n<p class=\"has-text-align-center\">Hector Guerra<br>Co-directeur<br>Responsable des relations ext\u00e9rieures et de la politique<\/p>\n<\/div>\n\n\n\n<div class=\"wp-block-column is-layout-flow wp-block-column-is-layout-flow\">\n<figure class=\"wp-block-image size-full\"><img loading=\"lazy\" decoding=\"async\" width=\"498\" height=\"664\" src=\"https:\/\/meridional.org\/wp-content\/uploads\/sites\/7\/2024\/06\/Team-Eunice-Janssen.jpg\" alt=\"Eunice Janssen\" class=\"wp-image-278\" srcset=\"https:\/\/meridional.org\/f\/wp-content\/uploads\/sites\/7\/2024\/06\/Team-Eunice-Janssen.jpg 498w, https:\/\/meridional.org\/f\/wp-content\/uploads\/sites\/7\/2024\/06\/Team-Eunice-Janssen-225x300.jpg 225w\" sizes=\"auto, (max-width: 498px) 100vw, 498px\" \/><\/figure>\n\n\n\n<p class=\"has-text-align-center\">Eunice Janssen<br>Co-directrice<br>Responsable des relations avec les donateurs et des partenariats<\/p>\n<\/div>\n\n\n\n<div class=\"wp-block-column is-layout-flow wp-block-column-is-layout-flow\">\n<figure class=\"wp-block-image size-full\"><img loading=\"lazy\" decoding=\"async\" width=\"498\" height=\"664\" src=\"https:\/\/meridional.org\/wp-content\/uploads\/sites\/7\/2024\/06\/Team-Eric-Mallinjoud.jpg\" alt=\"Eric Mallinjoud\" class=\"wp-image-279\" srcset=\"https:\/\/meridional.org\/f\/wp-content\/uploads\/sites\/7\/2024\/06\/Team-Eric-Mallinjoud.jpg 498w, https:\/\/meridional.org\/f\/wp-content\/uploads\/sites\/7\/2024\/06\/Team-Eric-Mallinjoud-225x300.jpg 225w\" sizes=\"auto, (max-width: 498px) 100vw, 498px\" \/><\/figure>\n\n\n\n<p class=\"has-text-align-center\">Eric Mallinjoud<br>Responsable des finances et de l&#8217;administration<\/p>\n<\/div>\n\n\n\n<div class=\"wp-block-column is-layout-flow wp-block-column-is-layout-flow\">\n<figure class=\"wp-block-image size-full\"><img loading=\"lazy\" decoding=\"async\" width=\"498\" height=\"664\" src=\"https:\/\/meridional.org\/wp-content\/uploads\/sites\/7\/2024\/06\/Team-Ana-Rincon.jpg\" alt=\"\" class=\"wp-image-280\" srcset=\"https:\/\/meridional.org\/f\/wp-content\/uploads\/sites\/7\/2024\/06\/Team-Ana-Rincon.jpg 498w, https:\/\/meridional.org\/f\/wp-content\/uploads\/sites\/7\/2024\/06\/Team-Ana-Rincon-225x300.jpg 225w\" sizes=\"auto, (max-width: 498px) 100vw, 498px\" \/><\/figure>\n\n\n\n<p class=\"has-text-align-center\">Ana Rincon<br>Coordonnatrice des projets et des op\u00e9rations<\/p>\n<\/div>\n<\/div>\n<\/div>\n<\/div>\n","protected":false},"excerpt":{"rendered":"<p>ORGANISATION Notre Gouvernance Le Conseil d\u2019administration de M\u00c9RIDIONAL est \u00e9lu par l\u2019Assembl\u00e9e g\u00e9n\u00e9rale. Il tient des r\u00e9unions p\u00e9riodiques et organise une Assembl\u00e9e g\u00e9n\u00e9rale une fois par an afin de garantir l\u2019orientation strat\u00e9gique de l\u2019organisation. Notre Secr\u00e9tariat Notre \u00e9quipe r\u00e9unit plus de trente ann\u00e9es d\u2019exp\u00e9rience cumul\u00e9e dans l\u2019ar\u00e8ne multilat\u00e9rale, ayant d\u00e9velopp\u00e9 une expertise dans les domaines [&hellip;]<\/p>\n","protected":false},"author":2,"featured_media":0,"parent":0,"menu_order":0,"comment_status":"closed","ping_status":"closed","template":"page-no-title","meta":{"_editorskit_title_hidden":true,"_editorskit_reading_time":0,"_editorskit_is_block_options_detached":false,"_editorskit_block_options_position":"{}","_coblocks_attr":"Open Sans,Montserrat,Oswald","_coblocks_dimensions":"","_coblocks_responsive_height":"","_coblocks_accordion_ie_support":"","footnotes":""},"class_list":["post-242","page","type-page","status-publish","hentry"],"yoast_head":"<!-- This site is optimized with the Yoast SEO plugin v27.5 - https:\/\/yoast.com\/product\/yoast-seo-wordpress\/ -->\n<title>ORGANISATION -<\/title>\n<meta name=\"robots\" content=\"index, follow, max-snippet:-1, max-image-preview:large, max-video-preview:-1\" \/>\n<link rel=\"canonical\" href=\"https:\/\/meridional.org\/f\/organization\/\" \/>\n<meta property=\"og:locale\" content=\"en_US\" \/>\n<meta property=\"og:type\" content=\"article\" \/>\n<meta property=\"og:title\" content=\"ORGANISATION -\" \/>\n<meta property=\"og:description\" content=\"ORGANISATION Notre Gouvernance Le Conseil d\u2019administration de M\u00c9RIDIONAL est \u00e9lu par l\u2019Assembl\u00e9e g\u00e9n\u00e9rale. Il tient des r\u00e9unions p\u00e9riodiques et organise une Assembl\u00e9e g\u00e9n\u00e9rale une fois par an afin de garantir l\u2019orientation strat\u00e9gique de l\u2019organisation. Notre Secr\u00e9tariat Notre \u00e9quipe r\u00e9unit plus de trente ann\u00e9es d\u2019exp\u00e9rience cumul\u00e9e dans l\u2019ar\u00e8ne multilat\u00e9rale, ayant d\u00e9velopp\u00e9 une expertise dans les domaines [&hellip;]\" \/>\n<meta property=\"og:url\" content=\"https:\/\/meridional.org\/f\/organization\/\" \/>\n<meta property=\"article:modified_time\" content=\"2026-01-25T03:26:04+00:00\" \/>\n<meta property=\"og:image\" content=\"https:\/\/meridional.org\/f\/wp-content\/uploads\/sites\/7\/2025\/09\/organization.jpg\" \/>\n\t<meta property=\"og:image:width\" content=\"1254\" \/>\n\t<meta property=\"og:image:height\" content=\"470\" \/>\n\t<meta property=\"og:image:type\" content=\"image\/jpeg\" \/>\n<meta name=\"twitter:card\" content=\"summary_large_image\" \/>\n<meta name=\"twitter:label1\" content=\"Est. reading time\" \/>\n\t<meta name=\"twitter:data1\" content=\"2 minutes\" \/>\n<script type=\"application\/ld+json\" class=\"yoast-schema-graph\">{\"@context\":\"https:\\\/\\\/schema.org\",\"@graph\":[{\"@type\":\"WebPage\",\"@id\":\"https:\\\/\\\/meridional.org\\\/f\\\/organization\\\/\",\"url\":\"https:\\\/\\\/meridional.org\\\/f\\\/organization\\\/\",\"name\":\"ORGANISATION -\",\"isPartOf\":{\"@id\":\"https:\\\/\\\/meridional.org\\\/f\\\/#website\"},\"primaryImageOfPage\":{\"@id\":\"https:\\\/\\\/meridional.org\\\/f\\\/organization\\\/#primaryimage\"},\"image\":{\"@id\":\"https:\\\/\\\/meridional.org\\\/f\\\/organization\\\/#primaryimage\"},\"thumbnailUrl\":\"https:\\\/\\\/meridional.org\\\/f\\\/wp-content\\\/uploads\\\/sites\\\/7\\\/2025\\\/09\\\/organization.jpg\",\"datePublished\":\"2024-06-14T23:36:30+00:00\",\"dateModified\":\"2026-01-25T03:26:04+00:00\",\"breadcrumb\":{\"@id\":\"https:\\\/\\\/meridional.org\\\/f\\\/organization\\\/#breadcrumb\"},\"inLanguage\":\"en-US\",\"potentialAction\":[{\"@type\":\"ReadAction\",\"target\":[\"https:\\\/\\\/meridional.org\\\/f\\\/organization\\\/\"]}]},{\"@type\":\"ImageObject\",\"inLanguage\":\"en-US\",\"@id\":\"https:\\\/\\\/meridional.org\\\/f\\\/organization\\\/#primaryimage\",\"url\":\"https:\\\/\\\/meridional.org\\\/f\\\/wp-content\\\/uploads\\\/sites\\\/7\\\/2025\\\/09\\\/organization.jpg\",\"contentUrl\":\"https:\\\/\\\/meridional.org\\\/f\\\/wp-content\\\/uploads\\\/sites\\\/7\\\/2025\\\/09\\\/organization.jpg\",\"width\":1254,\"height\":470},{\"@type\":\"BreadcrumbList\",\"@id\":\"https:\\\/\\\/meridional.org\\\/f\\\/organization\\\/#breadcrumb\",\"itemListElement\":[{\"@type\":\"ListItem\",\"position\":1,\"name\":\"Home\",\"item\":\"https:\\\/\\\/meridional.org\\\/f\\\/\"},{\"@type\":\"ListItem\",\"position\":2,\"name\":\"ORGANISATION\"}]},{\"@type\":\"WebSite\",\"@id\":\"https:\\\/\\\/meridional.org\\\/f\\\/#website\",\"url\":\"https:\\\/\\\/meridional.org\\\/f\\\/\",\"name\":\"\",\"description\":\"\",\"potentialAction\":[{\"@type\":\"SearchAction\",\"target\":{\"@type\":\"EntryPoint\",\"urlTemplate\":\"https:\\\/\\\/meridional.org\\\/f\\\/?s={search_term_string}\"},\"query-input\":{\"@type\":\"PropertyValueSpecification\",\"valueRequired\":true,\"valueName\":\"search_term_string\"}}],\"inLanguage\":\"en-US\"}]}<\/script>\n<!-- \/ Yoast SEO plugin. -->","yoast_head_json":{"title":"ORGANISATION -","robots":{"index":"index","follow":"follow","max-snippet":"max-snippet:-1","max-image-preview":"max-image-preview:large","max-video-preview":"max-video-preview:-1"},"canonical":"https:\/\/meridional.org\/f\/organization\/","og_locale":"en_US","og_type":"article","og_title":"ORGANISATION -","og_description":"ORGANISATION Notre Gouvernance Le Conseil d\u2019administration de M\u00c9RIDIONAL est \u00e9lu par l\u2019Assembl\u00e9e g\u00e9n\u00e9rale. Il tient des r\u00e9unions p\u00e9riodiques et organise une Assembl\u00e9e g\u00e9n\u00e9rale une fois par an afin de garantir l\u2019orientation strat\u00e9gique de l\u2019organisation. Notre Secr\u00e9tariat Notre \u00e9quipe r\u00e9unit plus de trente ann\u00e9es d\u2019exp\u00e9rience cumul\u00e9e dans l\u2019ar\u00e8ne multilat\u00e9rale, ayant d\u00e9velopp\u00e9 une expertise dans les domaines [&hellip;]","og_url":"https:\/\/meridional.org\/f\/organization\/","article_modified_time":"2026-01-25T03:26:04+00:00","og_image":[{"width":1254,"height":470,"url":"https:\/\/meridional.org\/f\/wp-content\/uploads\/sites\/7\/2025\/09\/organization.jpg","type":"image\/jpeg"}],"twitter_card":"summary_large_image","twitter_misc":{"Est. reading time":"2 minutes"},"schema":{"@context":"https:\/\/schema.org","@graph":[{"@type":"WebPage","@id":"https:\/\/meridional.org\/f\/organization\/","url":"https:\/\/meridional.org\/f\/organization\/","name":"ORGANISATION -","isPartOf":{"@id":"https:\/\/meridional.org\/f\/#website"},"primaryImageOfPage":{"@id":"https:\/\/meridional.org\/f\/organization\/#primaryimage"},"image":{"@id":"https:\/\/meridional.org\/f\/organization\/#primaryimage"},"thumbnailUrl":"https:\/\/meridional.org\/f\/wp-content\/uploads\/sites\/7\/2025\/09\/organization.jpg","datePublished":"2024-06-14T23:36:30+00:00","dateModified":"2026-01-25T03:26:04+00:00","breadcrumb":{"@id":"https:\/\/meridional.org\/f\/organization\/#breadcrumb"},"inLanguage":"en-US","potentialAction":[{"@type":"ReadAction","target":["https:\/\/meridional.org\/f\/organization\/"]}]},{"@type":"ImageObject","inLanguage":"en-US","@id":"https:\/\/meridional.org\/f\/organization\/#primaryimage","url":"https:\/\/meridional.org\/f\/wp-content\/uploads\/sites\/7\/2025\/09\/organization.jpg","contentUrl":"https:\/\/meridional.org\/f\/wp-content\/uploads\/sites\/7\/2025\/09\/organization.jpg","width":1254,"height":470},{"@type":"BreadcrumbList","@id":"https:\/\/meridional.org\/f\/organization\/#breadcrumb","itemListElement":[{"@type":"ListItem","position":1,"name":"Home","item":"https:\/\/meridional.org\/f\/"},{"@type":"ListItem","position":2,"name":"ORGANISATION"}]},{"@type":"WebSite","@id":"https:\/\/meridional.org\/f\/#website","url":"https:\/\/meridional.org\/f\/","name":"","description":"","potentialAction":[{"@type":"SearchAction","target":{"@type":"EntryPoint","urlTemplate":"https:\/\/meridional.org\/f\/?s={search_term_string}"},"query-input":{"@type":"PropertyValueSpecification","valueRequired":true,"valueName":"search_term_string"}}],"inLanguage":"en-US"}]}},"_links":{"self":[{"href":"https:\/\/meridional.org\/f\/wp-json\/wp\/v2\/pages\/242","targetHints":{"allow":["GET"]}}],"collection":[{"href":"https:\/\/meridional.org\/f\/wp-json\/wp\/v2\/pages"}],"about":[{"href":"https:\/\/meridional.org\/f\/wp-json\/wp\/v2\/types\/page"}],"author":[{"embeddable":true,"href":"https:\/\/meridional.org\/f\/wp-json\/wp\/v2\/users\/2"}],"replies":[{"embeddable":true,"href":"https:\/\/meridional.org\/f\/wp-json\/wp\/v2\/comments?post=242"}],"version-history":[{"count":9,"href":"https:\/\/meridional.org\/f\/wp-json\/wp\/v2\/pages\/242\/revisions"}],"predecessor-version":[{"id":394,"href":"https:\/\/meridional.org\/f\/wp-json\/wp\/v2\/pages\/242\/revisions\/394"}],"wp:attachment":[{"href":"https:\/\/meridional.org\/f\/wp-json\/wp\/v2\/media?parent=242"}],"curies":[{"name":"wp","href":"https:\/\/api.w.org\/{rel}","templated":true}]}}