{"id":252,"date":"2024-06-15T00:15:17","date_gmt":"2024-06-15T00:15:17","guid":{"rendered":"https:\/\/meridional.org\/?page_id=252"},"modified":"2026-01-25T03:37:23","modified_gmt":"2026-01-25T03:37:23","slug":"how-we-do-it","status":"publish","type":"page","link":"https:\/\/meridional.org\/f\/how-we-do-it\/","title":{"rendered":"COMMENT NOUS LE FAISONS"},"content":{"rendered":"\n<figure class=\"wp-block-image alignwide size-full coblocks-animate\" data-coblocks-animation=\"zoomIn\"><img loading=\"lazy\" decoding=\"async\" width=\"1024\" height=\"384\" src=\"https:\/\/meridional.org\/f\/wp-content\/uploads\/sites\/7\/2025\/09\/how-we-do-it.jpg\" alt=\"\" class=\"wp-image-398\" srcset=\"https:\/\/meridional.org\/f\/wp-content\/uploads\/sites\/7\/2025\/09\/how-we-do-it.jpg 1024w, https:\/\/meridional.org\/f\/wp-content\/uploads\/sites\/7\/2025\/09\/how-we-do-it-300x113.jpg 300w, https:\/\/meridional.org\/f\/wp-content\/uploads\/sites\/7\/2025\/09\/how-we-do-it-768x288.jpg 768w\" sizes=\"auto, (max-width: 1024px) 100vw, 1024px\" \/><\/figure>\n\n\n\n<div class=\"wp-block-columns alignwide is-layout-flex wp-container-core-columns-is-layout-28f84493 wp-block-columns-is-layout-flex\">\n<div class=\"wp-block-column is-layout-flow wp-block-column-is-layout-flow\"><\/div>\n<\/div>\n\n\n\n<div class=\"wp-block-columns alignwide is-layout-flex wp-container-core-columns-is-layout-28f84493 wp-block-columns-is-layout-flex\">\n<div class=\"wp-block-column is-layout-flow wp-block-column-is-layout-flow\" style=\"flex-basis:100%\">\n<div class=\"wp-block-columns alignwide is-layout-flex wp-container-core-columns-is-layout-28f84493 wp-block-columns-is-layout-flex\">\n<div class=\"wp-block-column is-layout-flow wp-block-column-is-layout-flow\" style=\"flex-basis:100%\">\n<p class=\"has-text-align-center has-custom-weight\" style=\"font-weight:bold;font-size:17px\"><\/p>\n\n\n\n<div class=\"wp-block-columns is-layout-flex wp-container-core-columns-is-layout-28f84493 wp-block-columns-is-layout-flex\">\n<div class=\"wp-block-column is-layout-flow wp-block-column-is-layout-flow\">\n<p class=\"has-text-align-center has-contrast-3-color has-text-color has-link-color has-roboto-font-family has-custom-font wp-elements-8f00c50c141b044909d764e2deb01f0f\" style=\"font-family:Roboto;font-size:50px\"><strong>COMMENT NOUS LE FAISONS<\/strong><\/p>\n<\/div>\n\n\n\n<div class=\"wp-block-column is-layout-flow wp-block-column-is-layout-flow\"><\/div>\n<\/div>\n<\/div>\n<\/div>\n\n\n\n<p class=\"has-text-align-left\">Chez M\u00c9RIDIONAL, nous sommes convaincus qu\u2019un syst\u00e8me multilat\u00e9ral inclusif et efficace repose sur la participation active d\u2019acteurs diversifi\u00e9s, notamment les organisations de la soci\u00e9t\u00e9 civile et les \u00c9tats.<br>Notre engagement \u00e0 r\u00e9duire l\u2019\u00e9cart entre les processus d\u00e9cisionnels mondiaux et les r\u00e9alit\u00e9s locales vise \u00e0 garantir que chaque acteur dispose des outils et des opportunit\u00e9s n\u00e9cessaires pour contribuer de mani\u00e8re significative \u00e0 l\u2019ar\u00e8ne internationale.<\/p>\n\n\n\n<p class=\"has-text-align-left\"><\/p>\n\n\n\n<p class=\"has-text-align-left\"><\/p>\n\n\n\n<div class=\"wp-block-columns is-layout-flex wp-container-core-columns-is-layout-28f84493 wp-block-columns-is-layout-flex\">\n<div class=\"wp-block-column is-layout-flow wp-block-column-is-layout-flow\">\n<p class=\"has-text-align-center has-contrast-3-color has-text-color has-link-color has-oswald-font-family has-custom-font wp-elements-84db61363bdad7b2bca7cc2d446cbede\" style=\"font-family:Oswald;font-size:46px\"><strong>Programmes<\/strong><\/p>\n<\/div>\n\n\n\n<div class=\"wp-block-column is-layout-flow wp-block-column-is-layout-flow\" style=\"flex-basis:60%\">\n<div class=\"wp-block-columns is-layout-flex wp-container-core-columns-is-layout-28f84493 wp-block-columns-is-layout-flex\">\n<div class=\"wp-block-column is-layout-flow wp-block-column-is-layout-flow\">\n<p class=\"has-text-align-center\"><\/p>\n<\/div>\n<\/div>\n<\/div>\n<\/div>\n\n\n\n<p class=\"has-text-align-center\" style=\"font-size:27px\"><mark style=\"background-color:rgba(0, 0, 0, 0);color:#5d7736\" class=\"has-inline-color\"><strong>D\u00e9couvrez nos programmes et comment M\u00c9RIDIONAL concr\u00e9tise cet engagement:<\/strong><\/mark><\/p>\n\n\n\n<p class=\"has-text-align-center\"><\/p>\n\n\n\n<div class=\"wp-block-columns is-layout-flex wp-container-core-columns-is-layout-28f84493 wp-block-columns-is-layout-flex\">\n<div class=\"wp-block-column is-layout-flow wp-block-column-is-layout-flow\">\n<p class=\"has-text-align-center has-contrast-3-color has-text-color has-link-color has-oswald-font-family has-custom-font wp-elements-561f0c8903eb49d9603edc3943a1068b\" style=\"font-family:Oswald;font-size:37px\"><strong>LA CHAMBRE<\/strong><\/p>\n<\/div>\n\n\n\n<div class=\"wp-block-column is-layout-flow wp-block-column-is-layout-flow\" style=\"flex-basis:60%\">\n<div class=\"wp-block-columns is-layout-flex wp-container-core-columns-is-layout-28f84493 wp-block-columns-is-layout-flex\">\n<div class=\"wp-block-column is-layout-flow wp-block-column-is-layout-flow\">\n<p class=\"has-text-align-left\">Ce programme soutient les communaut\u00e9s d\u2019experts th\u00e9matiques et les repr\u00e9sentants des Missions Permanentes, en particulier ceux issus du Sud global, afin de renforcer leur engagement dans la diplomatie multilat\u00e9rale et les n\u00e9gociations \u00e0 Gen\u00e8ve.<br>Au-del\u00e0 du conseil technique, La Chambre constitue une plateforme d\u2019apprentissage et d\u2019autonomisation permettant aux repr\u00e9sentants diplomatiques de mieux soutenir les priorit\u00e9s nationales tout en favorisant une collaboration internationale constructive. Gr\u00e2ce \u00e0 cette double approche, ce programme r\u00e9pond aux besoins imm\u00e9diats tout en servant de catalyseur pour un impact durable \u00e0 long terme.<\/p>\n\n\n\n<p><mark style=\"background-color:rgba(0, 0, 0, 0);color:#5d7736\" class=\"has-inline-color\"><strong>PROJETS:<\/strong><\/mark><\/p>\n\n\n\n<p>\u25cf <mark style=\"background-color:rgba(0, 0, 0, 0);color:#5d7736\" class=\"has-inline-color\"><strong>Le Bureau Diplomatique<\/strong><\/mark><\/p>\n\n\n\n<p>Ce projet vise \u00e0 appuyer les repr\u00e9sentants dans des t\u00e2ches telles que la r\u00e9daction de d\u00e9clarations, la production de rapports, l\u2019analyse des politiques et la relecture de documents afin de renforcer leur participation aux forums multilat\u00e9raux.<\/p>\n\n\n\n<p>\u25cf <mark style=\"background-color:rgba(0, 0, 0, 0);color:#5d7736\" class=\"has-inline-color\"><strong>Le R\u00e9seau Diplomatique<\/strong><\/mark><\/p>\n\n\n\n<p>Ce projet facilite <strong>les opportunit\u00e9s de r\u00e9seautage, tant formelles qu\u2019informelles<\/strong>, ainsi que le d\u00e9veloppement de synergies (par le biais de tables rondes, webinaires et ateliers) pour favoriser le partage de connaissances, l\u2019acquisition de comp\u00e9tences et la cr\u00e9ation de partenariats strat\u00e9giques. Cette initiative renforce la capacit\u00e9 des experts \u00e0 mieux s\u2019engager dans les processus multilat\u00e9raux et \u00e0 d\u00e9fendre les enjeux mondiaux en lien avec leur expertise.<\/p>\n<\/div>\n<\/div>\n<\/div>\n<\/div>\n\n\n\n<div class=\"wp-block-columns is-layout-flex wp-container-core-columns-is-layout-28f84493 wp-block-columns-is-layout-flex\">\n<div class=\"wp-block-column is-layout-flow wp-block-column-is-layout-flow\">\n<p class=\"has-text-align-center has-contrast-3-color has-text-color has-link-color has-oswald-font-family has-custom-font wp-elements-3f2ef41dba517fe5deec4b328b6ac794\" style=\"font-family:Oswald;font-size:37px\"><strong>LE LOBBY<\/strong><\/p>\n<\/div>\n\n\n\n<div class=\"wp-block-column is-layout-flow wp-block-column-is-layout-flow\" style=\"flex-basis:60%\">\n<div class=\"wp-block-columns is-layout-flex wp-container-core-columns-is-layout-28f84493 wp-block-columns-is-layout-flex\">\n<div class=\"wp-block-column is-layout-flow wp-block-column-is-layout-flow\">\n<p>M\u00c9RIDIONAL reconna\u00eet l\u2019importance du plaidoyer de la soci\u00e9t\u00e9 civile, fond\u00e9 sur les plus hauts principes internationaux, notamment la Charte des Nations Unies et la D\u00e9claration universelle des droits de l\u2019homme, pour influencer l\u2019\u00e9laboration de politiques et d\u2019actions inclusives.<br>Sous le principe d\u2019inclusivit\u00e9, ce programme promeut le plaidoyer comme un outil essentiel pour garantir la pr\u00e9sence et l\u2019engagement de la soci\u00e9t\u00e9 civile dans la Gen\u00e8ve internationale.<br>Il vise en particulier \u00e0 renforcer les capacit\u00e9s d\u2019un large \u00e9ventail d\u2019organisations non gouvernementales, notamment celles issues du Sud global et des communaut\u00e9s sous-repr\u00e9sent\u00e9es.<\/p>\n\n\n\n<p><strong><mark style=\"background-color:rgba(0, 0, 0, 0);color:#5d7736\" class=\"has-inline-color\">PROJETS:<\/mark><\/strong><\/p>\n\n\n\n<p>\u25cf <strong><mark style=\"background-color:rgba(0, 0, 0, 0);color:#5d7736\" class=\"has-inline-color\">Renforcement des capacit\u00e9s de plaidoyer<\/mark><\/strong><\/p>\n\n\n\n<p>Ce projet vise \u00e0 soutenir la cr\u00e9ation ou la consolidation de structures institutionnelles, telles que les d\u00e9partements internes, les strat\u00e9gies op\u00e9rationnelles, les comp\u00e9tences du personnel et le renforcement des capacit\u00e9s de plaidoyer des organisations aux niveaux national et international. Une attention particuli\u00e8re est accord\u00e9e \u00e0 l\u2019int\u00e9gration du plaidoyer avec l\u2019\u00e9laboration des politiques, la communication et les relations publiques.<\/p>\n\n\n\n<p>\u25cf <strong><mark style=\"background-color:rgba(0, 0, 0, 0);color:#5d7736\" class=\"has-inline-color\">La nouvelle g\u00e9n\u00e9ration de praticiens du plaidoyer<\/mark><\/strong><\/p>\n\n\n\n<p>En collaboration avec des \u00e9tablissements d\u2019enseignement et des institutions acad\u00e9miques, cette initiative sensibilise les \u00e9tudiants de premier cycle universitaire \u00e0 l\u2019importance du plaidoyer. Elle propose des formations introductives pour les aider \u00e0 prendre des d\u00e9cisions professionnelles \u00e9clair\u00e9es et \u00e0 explorer des carri\u00e8res dans la recherche sur le plaidoyer ou la soci\u00e9t\u00e9 civile.<\/p>\n\n\n\n<p>\u25cf <strong><mark style=\"background-color:rgba(0, 0, 0, 0);color:#5d7736\" class=\"has-inline-color\">R\u00e9seau &#8220;Advocating-for-Advocacy&#8221;<\/mark><\/strong><\/p>\n\n\n\n<p>Ce r\u00e9seau collaboratif veille \u00e0 ce que le plaidoyer demeure un m\u00e9canisme efficace permettant \u00e0 la soci\u00e9t\u00e9 civile d\u2019exprimer ses opinions. Il encourage une r\u00e9flexion collective sur les normes \u00e9thiques, l\u2019efficacit\u00e9 et la qualit\u00e9 des pratiques de plaidoyer, ainsi que sur le financement et l\u2019espace civique.<\/p>\n\n\n\n<p>\u25cf <strong><mark style=\"background-color:rgba(0, 0, 0, 0);color:#5d7736\" class=\"has-inline-color\">Observatoire du plaidoyer<\/mark><\/strong><\/p>\n\n\n\n<p>L\u2019Observatoire offre une vue d\u2019ensemble des parties prenantes, b\u00e9n\u00e9ficiaires, promoteurs et donateurs impliqu\u00e9s dans le plaidoyer. Il sert de plateforme de recherche et de base de donn\u00e9es, collectant et analysant les tendances, strat\u00e9gies et besoins en mati\u00e8re de plaidoyer. Il publie des rapports pour accro\u00eetre l\u2019impact des initiatives de plaidoyer en fournissant des analyses fond\u00e9es sur des donn\u00e9es probantes et en facilitant la prise de d\u00e9cision \u00e9clair\u00e9e.<\/p>\n<\/div>\n<\/div>\n<\/div>\n<\/div>\n\n\n\n<div class=\"wp-block-columns is-layout-flex wp-container-core-columns-is-layout-28f84493 wp-block-columns-is-layout-flex\">\n<div class=\"wp-block-column is-layout-flow wp-block-column-is-layout-flow\">\n<p class=\"has-text-align-center has-contrast-3-color has-text-color has-link-color has-oswald-font-family has-custom-font wp-elements-ec272aaff6b288adba06cb61b59fac83\" style=\"font-family:Oswald;font-size:37px\"><strong>SOCIETY HUB<\/strong><\/p>\n<\/div>\n\n\n\n<div class=\"wp-block-column is-layout-flow wp-block-column-is-layout-flow\" style=\"flex-basis:60%\">\n<div class=\"wp-block-columns is-layout-flex wp-container-core-columns-is-layout-28f84493 wp-block-columns-is-layout-flex\">\n<div class=\"wp-block-column is-layout-flow wp-block-column-is-layout-flow\">\n<p>Ce programme soutient les organisations non gouvernementales (ONG) dans leur d\u00e9veloppement institutionnel, en les aidant \u00e0 \u00e9tablir ou \u00e0 renforcer leur pr\u00e9sence dans la Gen\u00e8ve internationale gr\u00e2ce \u00e0 des services de conseil sp\u00e9cialis\u00e9s, un appui technique et des opportunit\u00e9s de renforcement des capacit\u00e9s.<br>Il renforce la capacit\u00e9 des ONG \u00e0 s\u2019engager dans le plaidoyer, la recherche et l\u2019\u00e9laboration de politiques au sein du syst\u00e8me multilat\u00e9ral, tout en favorisant les synergies et la coop\u00e9ration entre elles et en consolidant leurs liens avec les parties prenantes cl\u00e9s.<\/p>\n\n\n\n<p><strong><mark style=\"background-color:rgba(0, 0, 0, 0);color:#5d7736\" class=\"has-inline-color\">PROJETS:<\/mark><\/strong><\/p>\n\n\n\n<p>\u25cf <strong><mark style=\"background-color:rgba(0, 0, 0, 0);color:#5d7736\" class=\"has-inline-color\">Projet de renforcement des capacit\u00e9s organisationnelles<\/mark><\/strong><\/p>\n\n\n\n<p>e projet propose un accompagnement expert et des formations pour aider les ONG \u00e0 d\u00e9velopper des initiatives visant \u00e0 renforcer leurs syst\u00e8mes internes, leur gouvernance et leur capacit\u00e9 op\u00e9rationnelle. Il se concentre sur:<\/p>\n\n\n\n<p>\u25cf <strong>Relations avec les donateurs et mobilisation de ressources:<\/strong> Am\u00e9lioration des strat\u00e9gies de mobilisation de fonds, renforcement de l\u2019engagement des donateurs et garantie de la p\u00e9rennit\u00e9 financi\u00e8re gr\u00e2ce \u00e0 une r\u00e9daction efficace de propositions et une gestion proactive des<\/p>\n\n\n\n<p>\u25cf <strong>Gouvernance:<\/strong> Renforcement des structures internes, des processus de prise de d\u00e9cision et des m\u00e9canismes de redevabilit\u00e9 afin d\u2019assurer transparence et efficacit\u00e9.<\/p>\n\n\n\n<p>\u25cf <strong>Planification:<\/strong> Soutien \u00e0 la planification strat\u00e9gique et op\u00e9rationnelle pour aligner les objectifs organisationnels sur des approches percutantes et ax\u00e9es sur les r\u00e9sultats.<\/p>\n\n\n\n<p>\u25cf <strong>Mise en r\u00e9seau, synergies et partenariats:<\/strong> Facilitation de connexions strat\u00e9giques avec les parties prenantes cl\u00e9s, encouragement de la collaboration et promotion d\u2019actions collectives pour maximiser l\u2019impact.<\/p>\n<\/div>\n<\/div>\n<\/div>\n<\/div>\n<\/div>\n<\/div>\n\n\n\n<p class=\"has-text-align-left\"><\/p>\n\n\n\n<p><\/p>\n","protected":false},"excerpt":{"rendered":"<p>COMMENT NOUS LE FAISONS Chez M\u00c9RIDIONAL, nous sommes convaincus qu\u2019un syst\u00e8me multilat\u00e9ral inclusif et efficace repose sur la participation active d\u2019acteurs diversifi\u00e9s, notamment les organisations de la soci\u00e9t\u00e9 civile et les \u00c9tats.Notre engagement \u00e0 r\u00e9duire l\u2019\u00e9cart entre les processus d\u00e9cisionnels mondiaux et les r\u00e9alit\u00e9s locales vise \u00e0 garantir que chaque acteur dispose des outils et [&hellip;]<\/p>\n","protected":false},"author":2,"featured_media":0,"parent":0,"menu_order":0,"comment_status":"closed","ping_status":"closed","template":"page-no-title","meta":{"_editorskit_title_hidden":true,"_editorskit_reading_time":0,"_editorskit_is_block_options_detached":false,"_editorskit_block_options_position":"{}","_coblocks_attr":"Montserrat,Roboto,Montserrat,Oswald","_coblocks_dimensions":"","_coblocks_responsive_height":"","_coblocks_accordion_ie_support":"","footnotes":""},"class_list":["post-252","page","type-page","status-publish","hentry"],"yoast_head":"<!-- This site is optimized with the Yoast SEO plugin v27.5 - https:\/\/yoast.com\/product\/yoast-seo-wordpress\/ -->\n<title>COMMENT NOUS LE FAISONS -<\/title>\n<meta name=\"description\" content=\"La Chambre a \u00e9t\u00e9 con\u00e7ue pour soutenir les points focaux des missions permanentes dans la Gen\u00e8ve internationale, ainsi que les gouvernements non repr\u00e9sent\u00e9s dans ce centre multilat\u00e9ral ou ceux confront\u00e9s \u00e0 des difficult\u00e9s pour s&#039;engager dans des processus cl\u00e9s.\" \/>\n<meta name=\"robots\" content=\"index, follow, max-snippet:-1, max-image-preview:large, max-video-preview:-1\" \/>\n<link rel=\"canonical\" href=\"https:\/\/meridional.org\/f\/how-we-do-it\/\" \/>\n<meta property=\"og:locale\" content=\"en_US\" \/>\n<meta property=\"og:type\" content=\"article\" \/>\n<meta property=\"og:title\" content=\"COMMENT NOUS LE FAISONS -\" \/>\n<meta property=\"og:description\" content=\"La Chambre a \u00e9t\u00e9 con\u00e7ue pour soutenir les points focaux des missions permanentes dans la Gen\u00e8ve internationale, ainsi que les gouvernements non repr\u00e9sent\u00e9s dans ce centre multilat\u00e9ral ou ceux confront\u00e9s \u00e0 des difficult\u00e9s pour s&#039;engager dans des processus cl\u00e9s.\" \/>\n<meta property=\"og:url\" content=\"https:\/\/meridional.org\/f\/how-we-do-it\/\" \/>\n<meta property=\"article:modified_time\" content=\"2026-01-25T03:37:23+00:00\" \/>\n<meta property=\"og:image\" content=\"https:\/\/meridional.org\/f\/wp-content\/uploads\/sites\/7\/2025\/09\/how-we-do-it.jpg\" \/>\n\t<meta property=\"og:image:width\" content=\"1024\" \/>\n\t<meta property=\"og:image:height\" content=\"384\" \/>\n\t<meta property=\"og:image:type\" content=\"image\/jpeg\" \/>\n<meta name=\"twitter:card\" content=\"summary_large_image\" \/>\n<meta name=\"twitter:label1\" content=\"Est. reading time\" \/>\n\t<meta name=\"twitter:data1\" content=\"4 minutes\" \/>\n<script type=\"application\/ld+json\" class=\"yoast-schema-graph\">{\"@context\":\"https:\\\/\\\/schema.org\",\"@graph\":[{\"@type\":\"WebPage\",\"@id\":\"https:\\\/\\\/meridional.org\\\/f\\\/how-we-do-it\\\/\",\"url\":\"https:\\\/\\\/meridional.org\\\/f\\\/how-we-do-it\\\/\",\"name\":\"COMMENT NOUS LE FAISONS -\",\"isPartOf\":{\"@id\":\"https:\\\/\\\/meridional.org\\\/f\\\/#website\"},\"primaryImageOfPage\":{\"@id\":\"https:\\\/\\\/meridional.org\\\/f\\\/how-we-do-it\\\/#primaryimage\"},\"image\":{\"@id\":\"https:\\\/\\\/meridional.org\\\/f\\\/how-we-do-it\\\/#primaryimage\"},\"thumbnailUrl\":\"https:\\\/\\\/meridional.org\\\/f\\\/wp-content\\\/uploads\\\/sites\\\/7\\\/2025\\\/09\\\/how-we-do-it.jpg\",\"datePublished\":\"2024-06-15T00:15:17+00:00\",\"dateModified\":\"2026-01-25T03:37:23+00:00\",\"description\":\"La Chambre a \u00e9t\u00e9 con\u00e7ue pour soutenir les points focaux des missions permanentes dans la Gen\u00e8ve internationale, ainsi que les gouvernements non repr\u00e9sent\u00e9s dans ce centre multilat\u00e9ral ou ceux confront\u00e9s \u00e0 des difficult\u00e9s pour s'engager dans des processus cl\u00e9s.\",\"breadcrumb\":{\"@id\":\"https:\\\/\\\/meridional.org\\\/f\\\/how-we-do-it\\\/#breadcrumb\"},\"inLanguage\":\"en-US\",\"potentialAction\":[{\"@type\":\"ReadAction\",\"target\":[\"https:\\\/\\\/meridional.org\\\/f\\\/how-we-do-it\\\/\"]}]},{\"@type\":\"ImageObject\",\"inLanguage\":\"en-US\",\"@id\":\"https:\\\/\\\/meridional.org\\\/f\\\/how-we-do-it\\\/#primaryimage\",\"url\":\"https:\\\/\\\/meridional.org\\\/f\\\/wp-content\\\/uploads\\\/sites\\\/7\\\/2025\\\/09\\\/how-we-do-it.jpg\",\"contentUrl\":\"https:\\\/\\\/meridional.org\\\/f\\\/wp-content\\\/uploads\\\/sites\\\/7\\\/2025\\\/09\\\/how-we-do-it.jpg\",\"width\":1024,\"height\":384},{\"@type\":\"BreadcrumbList\",\"@id\":\"https:\\\/\\\/meridional.org\\\/f\\\/how-we-do-it\\\/#breadcrumb\",\"itemListElement\":[{\"@type\":\"ListItem\",\"position\":1,\"name\":\"Home\",\"item\":\"https:\\\/\\\/meridional.org\\\/f\\\/\"},{\"@type\":\"ListItem\",\"position\":2,\"name\":\"COMMENT NOUS LE FAISONS\"}]},{\"@type\":\"WebSite\",\"@id\":\"https:\\\/\\\/meridional.org\\\/f\\\/#website\",\"url\":\"https:\\\/\\\/meridional.org\\\/f\\\/\",\"name\":\"\",\"description\":\"\",\"potentialAction\":[{\"@type\":\"SearchAction\",\"target\":{\"@type\":\"EntryPoint\",\"urlTemplate\":\"https:\\\/\\\/meridional.org\\\/f\\\/?s={search_term_string}\"},\"query-input\":{\"@type\":\"PropertyValueSpecification\",\"valueRequired\":true,\"valueName\":\"search_term_string\"}}],\"inLanguage\":\"en-US\"}]}<\/script>\n<!-- \/ Yoast SEO plugin. -->","yoast_head_json":{"title":"COMMENT NOUS LE FAISONS -","description":"La Chambre a \u00e9t\u00e9 con\u00e7ue pour soutenir les points focaux des missions permanentes dans la Gen\u00e8ve internationale, ainsi que les gouvernements non repr\u00e9sent\u00e9s dans ce centre multilat\u00e9ral ou ceux confront\u00e9s \u00e0 des difficult\u00e9s pour s'engager dans des processus cl\u00e9s.","robots":{"index":"index","follow":"follow","max-snippet":"max-snippet:-1","max-image-preview":"max-image-preview:large","max-video-preview":"max-video-preview:-1"},"canonical":"https:\/\/meridional.org\/f\/how-we-do-it\/","og_locale":"en_US","og_type":"article","og_title":"COMMENT NOUS LE FAISONS -","og_description":"La Chambre a \u00e9t\u00e9 con\u00e7ue pour soutenir les points focaux des missions permanentes dans la Gen\u00e8ve internationale, ainsi que les gouvernements non repr\u00e9sent\u00e9s dans ce centre multilat\u00e9ral ou ceux confront\u00e9s \u00e0 des difficult\u00e9s pour s'engager dans des processus cl\u00e9s.","og_url":"https:\/\/meridional.org\/f\/how-we-do-it\/","article_modified_time":"2026-01-25T03:37:23+00:00","og_image":[{"width":1024,"height":384,"url":"https:\/\/meridional.org\/f\/wp-content\/uploads\/sites\/7\/2025\/09\/how-we-do-it.jpg","type":"image\/jpeg"}],"twitter_card":"summary_large_image","twitter_misc":{"Est. reading time":"4 minutes"},"schema":{"@context":"https:\/\/schema.org","@graph":[{"@type":"WebPage","@id":"https:\/\/meridional.org\/f\/how-we-do-it\/","url":"https:\/\/meridional.org\/f\/how-we-do-it\/","name":"COMMENT NOUS LE FAISONS -","isPartOf":{"@id":"https:\/\/meridional.org\/f\/#website"},"primaryImageOfPage":{"@id":"https:\/\/meridional.org\/f\/how-we-do-it\/#primaryimage"},"image":{"@id":"https:\/\/meridional.org\/f\/how-we-do-it\/#primaryimage"},"thumbnailUrl":"https:\/\/meridional.org\/f\/wp-content\/uploads\/sites\/7\/2025\/09\/how-we-do-it.jpg","datePublished":"2024-06-15T00:15:17+00:00","dateModified":"2026-01-25T03:37:23+00:00","description":"La Chambre a \u00e9t\u00e9 con\u00e7ue pour soutenir les points focaux des missions permanentes dans la Gen\u00e8ve internationale, ainsi que les gouvernements non repr\u00e9sent\u00e9s dans ce centre multilat\u00e9ral ou ceux confront\u00e9s \u00e0 des difficult\u00e9s pour s'engager dans des processus cl\u00e9s.","breadcrumb":{"@id":"https:\/\/meridional.org\/f\/how-we-do-it\/#breadcrumb"},"inLanguage":"en-US","potentialAction":[{"@type":"ReadAction","target":["https:\/\/meridional.org\/f\/how-we-do-it\/"]}]},{"@type":"ImageObject","inLanguage":"en-US","@id":"https:\/\/meridional.org\/f\/how-we-do-it\/#primaryimage","url":"https:\/\/meridional.org\/f\/wp-content\/uploads\/sites\/7\/2025\/09\/how-we-do-it.jpg","contentUrl":"https:\/\/meridional.org\/f\/wp-content\/uploads\/sites\/7\/2025\/09\/how-we-do-it.jpg","width":1024,"height":384},{"@type":"BreadcrumbList","@id":"https:\/\/meridional.org\/f\/how-we-do-it\/#breadcrumb","itemListElement":[{"@type":"ListItem","position":1,"name":"Home","item":"https:\/\/meridional.org\/f\/"},{"@type":"ListItem","position":2,"name":"COMMENT NOUS LE FAISONS"}]},{"@type":"WebSite","@id":"https:\/\/meridional.org\/f\/#website","url":"https:\/\/meridional.org\/f\/","name":"","description":"","potentialAction":[{"@type":"SearchAction","target":{"@type":"EntryPoint","urlTemplate":"https:\/\/meridional.org\/f\/?s={search_term_string}"},"query-input":{"@type":"PropertyValueSpecification","valueRequired":true,"valueName":"search_term_string"}}],"inLanguage":"en-US"}]}},"_links":{"self":[{"href":"https:\/\/meridional.org\/f\/wp-json\/wp\/v2\/pages\/252","targetHints":{"allow":["GET"]}}],"collection":[{"href":"https:\/\/meridional.org\/f\/wp-json\/wp\/v2\/pages"}],"about":[{"href":"https:\/\/meridional.org\/f\/wp-json\/wp\/v2\/types\/page"}],"author":[{"embeddable":true,"href":"https:\/\/meridional.org\/f\/wp-json\/wp\/v2\/users\/2"}],"replies":[{"embeddable":true,"href":"https:\/\/meridional.org\/f\/wp-json\/wp\/v2\/comments?post=252"}],"version-history":[{"count":8,"href":"https:\/\/meridional.org\/f\/wp-json\/wp\/v2\/pages\/252\/revisions"}],"predecessor-version":[{"id":399,"href":"https:\/\/meridional.org\/f\/wp-json\/wp\/v2\/pages\/252\/revisions\/399"}],"wp:attachment":[{"href":"https:\/\/meridional.org\/f\/wp-json\/wp\/v2\/media?parent=252"}],"curies":[{"name":"wp","href":"https:\/\/api.w.org\/{rel}","templated":true}]}}