{"id":98,"date":"2024-03-03T20:12:23","date_gmt":"2024-03-03T20:12:23","guid":{"rendered":"https:\/\/meridional.org\/?page_id=98"},"modified":"2026-01-25T03:35:59","modified_gmt":"2026-01-25T03:35:59","slug":"areas-of-work","status":"publish","type":"page","link":"https:\/\/meridional.org\/f\/areas-of-work\/","title":{"rendered":"DOMAINES DE TRAVAIL"},"content":{"rendered":"\n<figure class=\"wp-block-image alignwide size-full coblocks-animate\" data-coblocks-animation=\"zoomIn\"><img loading=\"lazy\" decoding=\"async\" width=\"1024\" height=\"384\" src=\"https:\/\/meridional.org\/f\/wp-content\/uploads\/sites\/7\/2025\/09\/what-we-do.jpg\" alt=\"\" class=\"wp-image-381\" srcset=\"https:\/\/meridional.org\/f\/wp-content\/uploads\/sites\/7\/2025\/09\/what-we-do.jpg 1024w, https:\/\/meridional.org\/f\/wp-content\/uploads\/sites\/7\/2025\/09\/what-we-do-300x113.jpg 300w, https:\/\/meridional.org\/f\/wp-content\/uploads\/sites\/7\/2025\/09\/what-we-do-768x288.jpg 768w\" sizes=\"auto, (max-width: 1024px) 100vw, 1024px\" \/><\/figure>\n\n\n\n<div class=\"wp-block-columns alignwide is-layout-flex wp-container-core-columns-is-layout-28f84493 wp-block-columns-is-layout-flex\"><\/div>\n\n\n\n<div class=\"wp-block-columns alignwide is-layout-flex wp-container-core-columns-is-layout-28f84493 wp-block-columns-is-layout-flex\">\n<div class=\"wp-block-column is-vertically-aligned-center is-layout-flow wp-block-column-is-layout-flow\">\n<p><\/p>\n<\/div>\n<\/div>\n\n\n\n<div class=\"wp-block-columns alignwide is-layout-flex wp-container-core-columns-is-layout-28f84493 wp-block-columns-is-layout-flex\">\n<div class=\"wp-block-column is-layout-flow wp-block-column-is-layout-flow\"><\/div>\n<\/div>\n\n\n\n<div class=\"wp-block-columns alignwide is-layout-flex wp-container-core-columns-is-layout-28f84493 wp-block-columns-is-layout-flex\">\n<div class=\"wp-block-column is-layout-flow wp-block-column-is-layout-flow\" style=\"flex-basis:100%\">\n<p class=\"has-text-align-center has-custom-weight\" style=\"font-weight:bold;font-size:17px\"><\/p>\n\n\n\n<div class=\"wp-block-columns is-layout-flex wp-container-core-columns-is-layout-28f84493 wp-block-columns-is-layout-flex\">\n<div class=\"wp-block-column is-layout-flow wp-block-column-is-layout-flow\">\n<p class=\"has-text-align-center has-contrast-3-color has-text-color has-link-color has-oswald-font-family has-custom-font wp-elements-8c6dbf126bb352b4a07bfb6c6f4e25d7\" style=\"font-family:Oswald;font-size:50px\"><strong>CE QUE NOUS FAISONS<\/strong><\/p>\n<\/div>\n\n\n\n<div class=\"wp-block-column is-layout-flow wp-block-column-is-layout-flow\"><\/div>\n<\/div>\n<\/div>\n<\/div>\n\n\n\n<div class=\"wp-block-columns alignwide is-layout-flex wp-container-core-columns-is-layout-28f84493 wp-block-columns-is-layout-flex\">\n<div class=\"wp-block-column is-layout-flow wp-block-column-is-layout-flow\" style=\"flex-basis:100%\">\n<p class=\"has-text-align-center has-custom-weight\" style=\"font-weight:bold;font-size:17px\"><\/p>\n\n\n\n<div class=\"wp-block-columns is-layout-flex wp-container-core-columns-is-layout-28f84493 wp-block-columns-is-layout-flex\">\n<div class=\"wp-block-column is-layout-flow wp-block-column-is-layout-flow\">\n<p class=\"has-text-align-center has-contrast-3-color has-text-color has-link-color has-oswald-font-family has-custom-font wp-elements-1694b7e8e8eeb488d40e16f676f41aae\" style=\"font-family:Oswald;font-size:37px\"><\/p>\n<\/div>\n\n\n\n<div class=\"wp-block-column is-layout-flow wp-block-column-is-layout-flow\" style=\"flex-basis:60%\">\n<p>M\u00c9RIDIONAL contribue \u00e0 la mise en \u0153uvre effective des engagements multilat\u00e9raux en mati\u00e8re d\u2019action humanitaire, de droits humains et de d\u00e9veloppement durable, entre autres.<\/p>\n\n\n\n<p>Nous y parvenons en fournissant des conseils sur mesure, un appui technique et des programmes de renforcement des capacit\u00e9s aux organisations de la soci\u00e9t\u00e9 civile et aux Missions permanentes \u00e0 Gen\u00e8ve.<\/p>\n\n\n\n<p>Notre travail va au-del\u00e0 du soutien direct : nous nous engageons activement dans des initiatives de sensibilisation conjointes au sein des institutions multilat\u00e9rales de la Gen\u00e8ve internationale, favorisant la collaboration entre gouvernements, acteurs intergouvernementaux et non gouvernementaux.<\/p>\n<\/div>\n<\/div>\n<\/div>\n<\/div>\n\n\n\n<div class=\"wp-block-columns alignwide is-layout-flex wp-container-core-columns-is-layout-28f84493 wp-block-columns-is-layout-flex\">\n<div class=\"wp-block-column is-layout-flow wp-block-column-is-layout-flow\" style=\"flex-basis:100%\">\n<p class=\"has-text-align-center has-custom-weight\" style=\"font-weight:bold;font-size:17px\"><\/p>\n\n\n\n<div class=\"wp-block-columns is-layout-flex wp-container-core-columns-is-layout-28f84493 wp-block-columns-is-layout-flex\">\n<div class=\"wp-block-column is-layout-flow wp-block-column-is-layout-flow\">\n<p class=\"has-text-align-center has-contrast-3-color has-text-color has-link-color has-oswald-font-family has-custom-font wp-elements-5297a233cae85e7e0f88e581d575cc62\" style=\"font-family:Oswald;font-size:37px\"><strong>DOMAINES DE TRAVAIL<\/strong><\/p>\n<\/div>\n\n\n\n<div class=\"wp-block-column is-layout-flow wp-block-column-is-layout-flow\" style=\"flex-basis:60%\">\n<div class=\"wp-block-columns is-layout-flex wp-container-core-columns-is-layout-28f84493 wp-block-columns-is-layout-flex\">\n<div class=\"wp-block-column is-layout-flow wp-block-column-is-layout-flow\">\n<p class=\"has-text-align-center\"><mark style=\"background-color:rgba(0, 0, 0, 0);color:#5d7736\" class=\"has-inline-color\"><strong>Avec les organisations non gouvernementales<\/strong><\/mark><\/p>\n\n\n\n<p>\u25cf Appui \u00e0 la planification strat\u00e9gique et op\u00e9rationnelle<br>\u25cf \u00c9laboration de cadres institutionnels et de gouvernance<br>\u25cf Promotion des engagements existants en mati\u00e8re d\u2019\u00e9quit\u00e9, de diversit\u00e9 et d\u2019inclusion, tels qu\u2019adopt\u00e9s dans le multilat\u00e9ralisme et le droit international<br>\u25cf Renforcement des capacit\u00e9s en mati\u00e8re de plaidoyer<\/p>\n<\/div>\n\n\n\n<div class=\"wp-block-column is-layout-flow wp-block-column-is-layout-flow\">\n<p class=\"has-text-align-center\"><strong><mark style=\"background-color:rgba(0, 0, 0, 0);color:#5d7736\" class=\"has-inline-color\">Avec les gouvernements<\/mark><\/strong><\/p>\n\n\n\n<p>\u25cf Appui technique et conseil aux Missions Permanentes \u00e0 Gen\u00e8ve.<\/p>\n<\/div>\n<\/div>\n<\/div>\n<\/div>\n\n\n\n<div class=\"wp-block-columns is-layout-flex wp-container-core-columns-is-layout-28f84493 wp-block-columns-is-layout-flex\">\n<div class=\"wp-block-column is-layout-flow wp-block-column-is-layout-flow\">\n<p class=\"has-text-align-center has-contrast-3-color has-text-color has-link-color has-oswald-font-family has-custom-font wp-elements-1694b7e8e8eeb488d40e16f676f41aae\" style=\"font-family:Oswald;font-size:37px\"><\/p>\n<\/div>\n\n\n\n<div class=\"wp-block-column is-layout-flow wp-block-column-is-layout-flow\" style=\"flex-basis:60%\">\n<div class=\"wp-block-columns is-layout-flex wp-container-core-columns-is-layout-28f84493 wp-block-columns-is-layout-flex\">\n<div class=\"wp-block-column is-layout-flow wp-block-column-is-layout-flow\">\n<p class=\"has-text-align-center\"><mark style=\"background-color:rgba(0, 0, 0, 0);color:#5d7736\" class=\"has-inline-color\"><strong>Avec les gouvernements, les organisations intergouvernementales, la soci\u00e9t\u00e9 civile et les repr\u00e9sentants du secteur priv\u00e9<\/strong><\/mark><\/p>\n\n\n\n<p>\u25cf D\u00e9veloppement et mise en \u0153uvre d\u2019activit\u00e9s conjointes \u00e0 Gen\u00e8ve pour accro\u00eetre la visibilit\u00e9, fournir des analyses sur les enjeux \u00e9mergents et faciliter l\u2019application des engagements multilat\u00e9raux existants.<br>\u25cf Sensibilisation et accompagnement sur l\u2019importance du plaidoyer de la soci\u00e9t\u00e9 civile \u00e0 travers des actions discr\u00e8tes de sensibilisation.<\/p>\n<\/div>\n\n\n\n<div class=\"wp-block-column is-layout-flow wp-block-column-is-layout-flow\">\n<p class=\"has-text-align-center\"><strong><mark style=\"background-color:rgba(0, 0, 0, 0);color:#5d7736\" class=\"has-inline-color\">Avec le milieu acad\u00e9mique<\/mark><\/strong><\/p>\n\n\n\n<p>\u25cf Collaboration avec les institutions acad\u00e9miques pour int\u00e9grer des \u00e9tudiants universitaires \u00e0 M\u00c9RIDIONAL \u00e0 travers des opportunit\u00e9s de stage.<br>\u25cf Organisation de sessions de formation sur le plaidoyer dans l\u2019espace multilat\u00e9ral<\/p>\n<\/div>\n<\/div>\n<\/div>\n<\/div>\n<\/div>\n<\/div>\n","protected":false},"excerpt":{"rendered":"<p>CE QUE NOUS FAISONS M\u00c9RIDIONAL contribue \u00e0 la mise en \u0153uvre effective des engagements multilat\u00e9raux en mati\u00e8re d\u2019action humanitaire, de droits humains et de d\u00e9veloppement durable, entre autres. Nous y parvenons en fournissant des conseils sur mesure, un appui technique et des programmes de renforcement des capacit\u00e9s aux organisations de la soci\u00e9t\u00e9 civile et aux [&hellip;]<\/p>\n","protected":false},"author":2,"featured_media":0,"parent":0,"menu_order":0,"comment_status":"closed","ping_status":"closed","template":"page-no-title","meta":{"_editorskit_title_hidden":true,"_editorskit_reading_time":0,"_editorskit_is_block_options_detached":false,"_editorskit_block_options_position":"{}","_coblocks_attr":"Montserrat,Oswald","_coblocks_dimensions":"","_coblocks_responsive_height":"","_coblocks_accordion_ie_support":"","footnotes":""},"class_list":["post-98","page","type-page","status-publish","hentry"],"yoast_head":"<!-- This site is optimized with the Yoast SEO plugin v27.5 - https:\/\/yoast.com\/product\/yoast-seo-wordpress\/ -->\n<title>DOMAINES DE TRAVAIL -<\/title>\n<meta name=\"robots\" content=\"index, follow, max-snippet:-1, max-image-preview:large, max-video-preview:-1\" \/>\n<link rel=\"canonical\" href=\"https:\/\/meridional.org\/f\/areas-of-work\/\" \/>\n<meta property=\"og:locale\" content=\"en_US\" \/>\n<meta property=\"og:type\" content=\"article\" \/>\n<meta property=\"og:title\" content=\"DOMAINES DE TRAVAIL -\" \/>\n<meta property=\"og:description\" content=\"CE QUE NOUS FAISONS M\u00c9RIDIONAL contribue \u00e0 la mise en \u0153uvre effective des engagements multilat\u00e9raux en mati\u00e8re d\u2019action humanitaire, de droits humains et de d\u00e9veloppement durable, entre autres. Nous y parvenons en fournissant des conseils sur mesure, un appui technique et des programmes de renforcement des capacit\u00e9s aux organisations de la soci\u00e9t\u00e9 civile et aux [&hellip;]\" \/>\n<meta property=\"og:url\" content=\"https:\/\/meridional.org\/f\/areas-of-work\/\" \/>\n<meta property=\"article:modified_time\" content=\"2026-01-25T03:35:59+00:00\" \/>\n<meta property=\"og:image\" content=\"https:\/\/meridional.org\/f\/wp-content\/uploads\/sites\/7\/2025\/09\/what-we-do.jpg\" \/>\n\t<meta property=\"og:image:width\" content=\"1024\" \/>\n\t<meta property=\"og:image:height\" content=\"384\" \/>\n\t<meta property=\"og:image:type\" content=\"image\/jpeg\" \/>\n<meta name=\"twitter:card\" content=\"summary_large_image\" \/>\n<meta name=\"twitter:label1\" content=\"Est. reading time\" \/>\n\t<meta name=\"twitter:data1\" content=\"2 minutes\" \/>\n<script type=\"application\/ld+json\" class=\"yoast-schema-graph\">{\"@context\":\"https:\\\/\\\/schema.org\",\"@graph\":[{\"@type\":\"WebPage\",\"@id\":\"https:\\\/\\\/meridional.org\\\/f\\\/areas-of-work\\\/\",\"url\":\"https:\\\/\\\/meridional.org\\\/f\\\/areas-of-work\\\/\",\"name\":\"DOMAINES DE TRAVAIL -\",\"isPartOf\":{\"@id\":\"https:\\\/\\\/meridional.org\\\/f\\\/#website\"},\"primaryImageOfPage\":{\"@id\":\"https:\\\/\\\/meridional.org\\\/f\\\/areas-of-work\\\/#primaryimage\"},\"image\":{\"@id\":\"https:\\\/\\\/meridional.org\\\/f\\\/areas-of-work\\\/#primaryimage\"},\"thumbnailUrl\":\"https:\\\/\\\/meridional.org\\\/f\\\/wp-content\\\/uploads\\\/sites\\\/7\\\/2025\\\/09\\\/what-we-do.jpg\",\"datePublished\":\"2024-03-03T20:12:23+00:00\",\"dateModified\":\"2026-01-25T03:35:59+00:00\",\"breadcrumb\":{\"@id\":\"https:\\\/\\\/meridional.org\\\/f\\\/areas-of-work\\\/#breadcrumb\"},\"inLanguage\":\"en-US\",\"potentialAction\":[{\"@type\":\"ReadAction\",\"target\":[\"https:\\\/\\\/meridional.org\\\/f\\\/areas-of-work\\\/\"]}]},{\"@type\":\"ImageObject\",\"inLanguage\":\"en-US\",\"@id\":\"https:\\\/\\\/meridional.org\\\/f\\\/areas-of-work\\\/#primaryimage\",\"url\":\"https:\\\/\\\/meridional.org\\\/f\\\/wp-content\\\/uploads\\\/sites\\\/7\\\/2025\\\/09\\\/what-we-do.jpg\",\"contentUrl\":\"https:\\\/\\\/meridional.org\\\/f\\\/wp-content\\\/uploads\\\/sites\\\/7\\\/2025\\\/09\\\/what-we-do.jpg\",\"width\":1024,\"height\":384},{\"@type\":\"BreadcrumbList\",\"@id\":\"https:\\\/\\\/meridional.org\\\/f\\\/areas-of-work\\\/#breadcrumb\",\"itemListElement\":[{\"@type\":\"ListItem\",\"position\":1,\"name\":\"Home\",\"item\":\"https:\\\/\\\/meridional.org\\\/f\\\/\"},{\"@type\":\"ListItem\",\"position\":2,\"name\":\"DOMAINES DE TRAVAIL\"}]},{\"@type\":\"WebSite\",\"@id\":\"https:\\\/\\\/meridional.org\\\/f\\\/#website\",\"url\":\"https:\\\/\\\/meridional.org\\\/f\\\/\",\"name\":\"\",\"description\":\"\",\"potentialAction\":[{\"@type\":\"SearchAction\",\"target\":{\"@type\":\"EntryPoint\",\"urlTemplate\":\"https:\\\/\\\/meridional.org\\\/f\\\/?s={search_term_string}\"},\"query-input\":{\"@type\":\"PropertyValueSpecification\",\"valueRequired\":true,\"valueName\":\"search_term_string\"}}],\"inLanguage\":\"en-US\"}]}<\/script>\n<!-- \/ Yoast SEO plugin. -->","yoast_head_json":{"title":"DOMAINES DE TRAVAIL -","robots":{"index":"index","follow":"follow","max-snippet":"max-snippet:-1","max-image-preview":"max-image-preview:large","max-video-preview":"max-video-preview:-1"},"canonical":"https:\/\/meridional.org\/f\/areas-of-work\/","og_locale":"en_US","og_type":"article","og_title":"DOMAINES DE TRAVAIL -","og_description":"CE QUE NOUS FAISONS M\u00c9RIDIONAL contribue \u00e0 la mise en \u0153uvre effective des engagements multilat\u00e9raux en mati\u00e8re d\u2019action humanitaire, de droits humains et de d\u00e9veloppement durable, entre autres. Nous y parvenons en fournissant des conseils sur mesure, un appui technique et des programmes de renforcement des capacit\u00e9s aux organisations de la soci\u00e9t\u00e9 civile et aux [&hellip;]","og_url":"https:\/\/meridional.org\/f\/areas-of-work\/","article_modified_time":"2026-01-25T03:35:59+00:00","og_image":[{"width":1024,"height":384,"url":"https:\/\/meridional.org\/f\/wp-content\/uploads\/sites\/7\/2025\/09\/what-we-do.jpg","type":"image\/jpeg"}],"twitter_card":"summary_large_image","twitter_misc":{"Est. reading time":"2 minutes"},"schema":{"@context":"https:\/\/schema.org","@graph":[{"@type":"WebPage","@id":"https:\/\/meridional.org\/f\/areas-of-work\/","url":"https:\/\/meridional.org\/f\/areas-of-work\/","name":"DOMAINES DE TRAVAIL -","isPartOf":{"@id":"https:\/\/meridional.org\/f\/#website"},"primaryImageOfPage":{"@id":"https:\/\/meridional.org\/f\/areas-of-work\/#primaryimage"},"image":{"@id":"https:\/\/meridional.org\/f\/areas-of-work\/#primaryimage"},"thumbnailUrl":"https:\/\/meridional.org\/f\/wp-content\/uploads\/sites\/7\/2025\/09\/what-we-do.jpg","datePublished":"2024-03-03T20:12:23+00:00","dateModified":"2026-01-25T03:35:59+00:00","breadcrumb":{"@id":"https:\/\/meridional.org\/f\/areas-of-work\/#breadcrumb"},"inLanguage":"en-US","potentialAction":[{"@type":"ReadAction","target":["https:\/\/meridional.org\/f\/areas-of-work\/"]}]},{"@type":"ImageObject","inLanguage":"en-US","@id":"https:\/\/meridional.org\/f\/areas-of-work\/#primaryimage","url":"https:\/\/meridional.org\/f\/wp-content\/uploads\/sites\/7\/2025\/09\/what-we-do.jpg","contentUrl":"https:\/\/meridional.org\/f\/wp-content\/uploads\/sites\/7\/2025\/09\/what-we-do.jpg","width":1024,"height":384},{"@type":"BreadcrumbList","@id":"https:\/\/meridional.org\/f\/areas-of-work\/#breadcrumb","itemListElement":[{"@type":"ListItem","position":1,"name":"Home","item":"https:\/\/meridional.org\/f\/"},{"@type":"ListItem","position":2,"name":"DOMAINES DE TRAVAIL"}]},{"@type":"WebSite","@id":"https:\/\/meridional.org\/f\/#website","url":"https:\/\/meridional.org\/f\/","name":"","description":"","potentialAction":[{"@type":"SearchAction","target":{"@type":"EntryPoint","urlTemplate":"https:\/\/meridional.org\/f\/?s={search_term_string}"},"query-input":{"@type":"PropertyValueSpecification","valueRequired":true,"valueName":"search_term_string"}}],"inLanguage":"en-US"}]}},"_links":{"self":[{"href":"https:\/\/meridional.org\/f\/wp-json\/wp\/v2\/pages\/98","targetHints":{"allow":["GET"]}}],"collection":[{"href":"https:\/\/meridional.org\/f\/wp-json\/wp\/v2\/pages"}],"about":[{"href":"https:\/\/meridional.org\/f\/wp-json\/wp\/v2\/types\/page"}],"author":[{"embeddable":true,"href":"https:\/\/meridional.org\/f\/wp-json\/wp\/v2\/users\/2"}],"replies":[{"embeddable":true,"href":"https:\/\/meridional.org\/f\/wp-json\/wp\/v2\/comments?post=98"}],"version-history":[{"count":20,"href":"https:\/\/meridional.org\/f\/wp-json\/wp\/v2\/pages\/98\/revisions"}],"predecessor-version":[{"id":383,"href":"https:\/\/meridional.org\/f\/wp-json\/wp\/v2\/pages\/98\/revisions\/383"}],"wp:attachment":[{"href":"https:\/\/meridional.org\/f\/wp-json\/wp\/v2\/media?parent=98"}],"curies":[{"name":"wp","href":"https:\/\/api.w.org\/{rel}","templated":true}]}}